{"id":927,"date":"2023-03-29T07:58:19","date_gmt":"2023-03-29T07:58:19","guid":{"rendered":"https:\/\/layerdrops.com\/govitywp\/?page_id=927"},"modified":"2023-11-14T14:48:24","modified_gmt":"2023-11-14T14:48:24","slug":"faq","status":"publish","type":"page","link":"https:\/\/www.tsc.gob.hn\/index.php\/faq\/","title":{"rendered":"FAQ\u00b4S"},"content":{"rendered":"\t\t<div data-elementor-type=\"wp-page\" data-elementor-id=\"927\" class=\"elementor elementor-927\">\n\t\t\t\t\t\t<section class=\"elementor-section elementor-top-section elementor-element elementor-element-87af93b elementor-section-full_width elementor-section-height-default elementor-section-height-default\" data-id=\"87af93b\" data-element_type=\"section\" data-e-type=\"section\">\n\t\t\t\t\t\t<div class=\"elementor-container elementor-column-gap-no\">\n\t\t\t\t\t<div class=\"elementor-column elementor-col-100 elementor-top-column elementor-element elementor-element-a7b7163\" data-id=\"a7b7163\" data-element_type=\"column\" data-e-type=\"column\">\n\t\t\t<div class=\"elementor-widget-wrap elementor-element-populated\">\n\t\t\t\t\t\t<div class=\"elementor-element elementor-element-6fab4d4 elementor-widget elementor-widget-govity-faq\" data-id=\"6fab4d4\" data-element_type=\"widget\" data-e-type=\"widget\" data-widget_type=\"govity-faq.default\">\n\t\t\t\t<div class=\"elementor-widget-container\">\n\t\t\t\t\t\r\n\t<!--FAQ Page Start-->\r\n\t<section class=\"faq-page\">\r\n\t\t<div class=\"container\">\r\n\t\t\t<div class=\"row\">\r\n\t\t\t\t<div class=\"col-xl-3 col-lg-4\">\r\n\t\t\t\t\t<div class=\"faq-page__left\">\r\n\t\t\t\t\t\t<div class=\"faq-page__left-icon-and-text\">\r\n\t\t\t\t\t\t\t<div class=\"faq-page__left-icon\">\r\n\t\t\t\t\t\t\t\t<span aria-hidden=\"true\" class=\"  icon-chat\"><\/span>\t\t\t\t\t\t\t<\/div>\r\n\t\t\t\t\t\t\t<div class=\"faq-page__left-text\">\r\n\t\t\t\t\t\t\t\t<p class=\"\">Preguntas <br> frecuentes<\/p>\t\t\t\t\t\t\t<\/div>\r\n\t\t\t\t\t\t<\/div>\r\n\t\t\t\t\t\t<div class=\"faq-page__text-box-2\">\r\n\t\t\t\t\t\t\t<p class=\"faq-page__left-text-2\">\u00a1Bienvenido a nuestras Preguntas Frecuentes (FAQ)! Aqu\u00ed encontrar\u00e1 respuestas a las preguntas m\u00e1s comunes sobre el Tribunal Superior de Cuentas. Nuestra misi\u00f3n es proporcionarle la informaci\u00f3n que necesitas de manera clara y concisa.<\/p>\t\t\t\t\t\t\t\t\t\t\t\t\t<\/div>\r\n\t\t\t\t\t<\/div>\r\n\t\t\t\t<\/div>\r\n\t\t\t\t<div class=\"col-xl-9 col-lg-8\">\r\n\t\t\t\t\t<div class=\"faq-page__right\">\r\n\t\t\t\t\t\t<div class=\"faq-one__right\">\r\n\t\t\t\t\t\t\t<div class=\"accrodion-grp faq-one-accrodion\" data-grp-name=\"faq-one-accrodion-69d6119cc4b78\">\r\n\t\t\t\t\t\t\t\t\t\t\t\t\t\t\t\t\t<div class=\"accrodion \">\r\n\t\t\t\t\t\t\t\t\t\t<div class=\"accrodion-title\">\r\n\t\t\t\t\t\t\t\t\t\t\t<h4 class=\"\">\u00bfQu\u00e9 es Enriquecimiento Il\u00edcito?<\/h4>\t\t\t\t\t\t\t\t\t\t<\/div>\r\n\t\t\t\t\t\t\t\t\t\t<div class=\"accrodion-content\">\r\n\t\t\t\t\t\t\t\t\t\t\t<div class=\"inner\">\r\n\t\t\t\t\t\t\t\t\t\t\t\t<p class=\"\">Enriquecimiento il\u00edcito o incremento patrimonial sin causa o justificaci\u00f3n consiste en que el aumento del patrimonio del servidor p\u00fablico, desde la fecha que haya tomado posesi\u00f3n de su cargo hasta aquella en que hayan cesado en sus funciones, fuere notablemente superior al que normalmente hubiere podido obtener en virtud de sueldos y emolumentos que haya percibido legalmente y de los incrementos de su capital por cualquier otra causa l\u00edcita.<\/p>\t\t\t\t\t\t\t\t\t\t\t<\/div><!-- \/.inner -->\r\n\t\t\t\t\t\t\t\t\t\t<\/div>\r\n\t\t\t\t\t\t\t\t\t<\/div>\r\n\t\t\t\t\t\t\t\t\t\t\t\t\t\t\t\t\t<div class=\"accrodion active\">\r\n\t\t\t\t\t\t\t\t\t\t<div class=\"accrodion-title\">\r\n\t\t\t\t\t\t\t\t\t\t\t<h4 class=\" \">\u00bfCu\u00e1l es la definici\u00f3n de Lavado de Activos?<\/h4>\t\t\t\t\t\t\t\t\t\t<\/div>\r\n\t\t\t\t\t\t\t\t\t\t<div class=\"accrodion-content\">\r\n\t\t\t\t\t\t\t\t\t\t\t<div class=\"inner\">\r\n\t\t\t\t\t\t\t\t\t\t\t\t<p class=\" \">Es la actividad encaminada a legitimar ingresos o activos provenientes de actividades il\u00edcitas o carentes de fundamentos econ\u00f3micos legales para su posesi\u00f3n. Art\u00edculo No. 2 inciso 9 de la Ley Contra el Delito de Lavado de Activos.<\/p>\t\t\t\t\t\t\t\t\t\t\t<\/div><!-- \/.inner -->\r\n\t\t\t\t\t\t\t\t\t\t<\/div>\r\n\t\t\t\t\t\t\t\t\t<\/div>\r\n\t\t\t\t\t\t\t\t\t\t\t\t\t\t\t\t\t<div class=\"accrodion \">\r\n\t\t\t\t\t\t\t\t\t\t<div class=\"accrodion-title\">\r\n\t\t\t\t\t\t\t\t\t\t\t<h4 class=\"  \">\u00bfQu\u00e9 comprende la definici\u00f3n de servidor p\u00fablico?<\/h4>\t\t\t\t\t\t\t\t\t\t<\/div>\r\n\t\t\t\t\t\t\t\t\t\t<div class=\"accrodion-content\">\r\n\t\t\t\t\t\t\t\t\t\t\t<div class=\"inner\">\r\n\t\t\t\t\t\t\t\t\t\t\t\t<p class=\"  \">Cualquier funcionario del estado o de sus entidades, incluidas las que han sido seleccionadas, nombradas, contratadas o electos para desempe\u00f1ar actividades o funciones en nombre del Estado o al servicio de este en todos sus niveles jer\u00e1rquicos. Art\u00edculo No. 2 de la Ley Org\u00e1nica del Tribunal Superior de Cuentas.<\/p>\t\t\t\t\t\t\t\t\t\t\t<\/div><!-- \/.inner -->\r\n\t\t\t\t\t\t\t\t\t\t<\/div>\r\n\t\t\t\t\t\t\t\t\t<\/div>\r\n\t\t\t\t\t\t\t\t\t\t\t\t\t\t\t\t\t<div class=\"accrodion \">\r\n\t\t\t\t\t\t\t\t\t\t<div class=\"accrodion-title\">\r\n\t\t\t\t\t\t\t\t\t\t\t<h4 class=\"   \">\u00bfQu\u00e9 sucede con un servidor p\u00fablico obligado a presentar Declaraci\u00f3n<br> de ingresos, activos y pasivos, si cesara en el cargo y no lo hace?<\/h4>\t\t\t\t\t\t\t\t\t\t<\/div>\r\n\t\t\t\t\t\t\t\t\t\t<div class=\"accrodion-content\">\r\n\t\t\t\t\t\t\t\t\t\t\t<div class=\"inner\">\r\n\t\t\t\t\t\t\t\t\t\t\t\t<p class=\"   \">FALTA DE DECLARACI\u00d3N. En caso de omitirse la presentaci\u00f3n en tiempo de la Declaraci\u00f3n al cesar en el cargo, el Tribunal iniciar\u00e1 el procedimiento correspondiente, ordenando las investigaciones que sean necesarias, es decir el Tribunal tendr\u00e1 las facultades de requerir y obtener informaci\u00f3n necesaria sobre el estado y financiero del obligado. Adem\u00e1s de lo anterior \u201clas personas requeridas que no comparecieren dentro del plazo que se se\u00f1ale, a efecto de rendir la declaraci\u00f3n, incurrir\u00e1n en el delito de desobediencia, sin perjuicio de exigirse la declaraci\u00f3n mediante procedimiento sumario\u201d. Art\u00edculo No 66 y 67 de la Ley Org\u00e1nica del Tribunal Superior de Cuentas.<\/p>\t\t\t\t\t\t\t\t\t\t\t<\/div><!-- \/.inner -->\r\n\t\t\t\t\t\t\t\t\t\t<\/div>\r\n\t\t\t\t\t\t\t\t\t<\/div>\r\n\t\t\t\t\t\t\t\t\t\t\t\t\t\t\t\t\t<div class=\"accrodion \">\r\n\t\t\t\t\t\t\t\t\t\t<div class=\"accrodion-title\">\r\n\t\t\t\t\t\t\t\t\t\t\t<h4 class=\"    \">\u00bfQu\u00e9 datos se declaran en relaci\u00f3n a tarjetas de cr\u00e9dito?<\/h4>\t\t\t\t\t\t\t\t\t\t<\/div>\r\n\t\t\t\t\t\t\t\t\t\t<div class=\"accrodion-content\">\r\n\t\t\t\t\t\t\t\t\t\t\t<div class=\"inner\">\r\n\t\t\t\t\t\t\t\t\t\t\t\t<p class=\"    \">Debe declarar el monto adeudado al d\u00eda de la presentaci\u00f3n de la declaraci\u00f3n o actualizaci\u00f3n, adjuntar el n\u00famero de tarjeta y el nombre de la Instituci\u00f3n que le extendi\u00f3 la misma.<\/p>\t\t\t\t\t\t\t\t\t\t\t<\/div><!-- \/.inner -->\r\n\t\t\t\t\t\t\t\t\t\t<\/div>\r\n\t\t\t\t\t\t\t\t\t<\/div>\r\n\t\t\t\t\t\t\t\t\t\t\t\t\t\t\t\t\t<div class=\"accrodion \">\r\n\t\t\t\t\t\t\t\t\t\t<div class=\"accrodion-title\">\r\n\t\t\t\t\t\t\t\t\t\t\t<h4 class=\"     \">\u00bfD\u00f3nde se declaran los bienes de la esposa?<\/h4>\t\t\t\t\t\t\t\t\t\t<\/div>\r\n\t\t\t\t\t\t\t\t\t\t<div class=\"accrodion-content\">\r\n\t\t\t\t\t\t\t\t\t\t\t<div class=\"inner\">\r\n\t\t\t\t\t\t\t\t\t\t\t\t<p class=\"     \">En el mismo formulario que proporciona el TSC, se solicita al obligado entre otros datos incorporar en cada uno de los ac\u00e1pites los Ingresos, Activos y Pasivos de su esposo (a) o compa\u00f1ero (a) de hogar e hijos menores y pupilos. Puede utilizar hojas adicionales en caso de necesitarlas. La declaraci\u00f3n es firmada por el obligado a presentar Declaraci\u00f3n Jurada de Ingresos, Activos y Pasivos y su c\u00f3nyuge o compa\u00f1ero (a) de hogar. Si su c\u00f3nyuge o compa\u00f1ero (a) no posee ingresos, activos y pasivos debe consignarse este extremo en la declaraci\u00f3n. Art\u00edculo No. 56 p\u00e1rrafo tercero de la Ley Org\u00e1nica del Tribunal Superior de Cuentas. Art\u00edculo No. 60 inciso 4 del Reglamento General de la Ley Org\u00e1nica del Tribunal Superior de Cuentas.<\/p>\t\t\t\t\t\t\t\t\t\t\t<\/div><!-- \/.inner -->\r\n\t\t\t\t\t\t\t\t\t\t<\/div>\r\n\t\t\t\t\t\t\t\t\t<\/div>\r\n\t\t\t\t\t\t\t\t\t\t\t\t\t\t\t\t\t<div class=\"accrodion \">\r\n\t\t\t\t\t\t\t\t\t\t<div class=\"accrodion-title\">\r\n\t\t\t\t\t\t\t\t\t\t\t<h4 class=\"      \">En el extranjero, \u00bfante qui\u00e9n se presenta la Declaraci\u00f3n\nde ingresos, activos y pasivos?<\/h4>\t\t\t\t\t\t\t\t\t\t<\/div>\r\n\t\t\t\t\t\t\t\t\t\t<div class=\"accrodion-content\">\r\n\t\t\t\t\t\t\t\t\t\t\t<div class=\"inner\">\r\n\t\t\t\t\t\t\t\t\t\t\t\t<p class=\"      \">En el extranjero la declaraci\u00f3n se presentar\u00e1 ante el representante diplom\u00e1tico o consular de la Rep\u00fablica en el pa\u00eds donde el servidor p\u00fablico presta sus servicios, dicho representante extender\u00e1 constancia de ello al interesado y deber\u00e1 remitirla al Tribunal dentro de 10 d\u00edas h\u00e1biles siguientes a la fecha en que la hubiere presentado, si no lo hiciere en el t\u00e9rmino se\u00f1alado se har\u00e1 acreedor a una multa de MIL LEMPIRAS (L. 1,000.00) por cada mes o fracci\u00f3n de mes que transcurriere sin hacerlo, sin perjuicio de la remisi\u00f3n ordenada y de los da\u00f1os como perjuicios que a terceros que pudiere ocasionar tal omisi\u00f3n\u201d. Art\u00edculo No. 61 inciso 2 del Reglamento General de la Ley Org\u00e1nica del Tribunal Superior de Cuentas.<\/p>\t\t\t\t\t\t\t\t\t\t\t<\/div><!-- \/.inner -->\r\n\t\t\t\t\t\t\t\t\t\t<\/div>\r\n\t\t\t\t\t\t\t\t\t<\/div>\r\n\t\t\t\t\t\t\t\t\t\t\t\t\t\t\t\t\t<div class=\"accrodion \">\r\n\t\t\t\t\t\t\t\t\t\t<div class=\"accrodion-title\">\r\n\t\t\t\t\t\t\t\t\t\t\t<h4 class=\"       \">Si una persona tiene 2 empleos con el Estado (en este caso en\nparticular <br>la ley se lo permite), \u00bfdebe declarar?<\/h4>\t\t\t\t\t\t\t\t\t\t<\/div>\r\n\t\t\t\t\t\t\t\t\t\t<div class=\"accrodion-content\">\r\n\t\t\t\t\t\t\t\t\t\t\t<div class=\"inner\">\r\n\t\t\t\t\t\t\t\t\t\t\t\t<p class=\"       \">S\u00ed declara, siempre y cuando la suma de ambos salarios sea igual o mayor a la base establecida por la ley para presentar su declaraci\u00f3n jurada (L. 40,000.00) en vista de que en ambos empleos el patrono es el Estado.<\/p>\t\t\t\t\t\t\t\t\t\t\t<\/div><!-- \/.inner -->\r\n\t\t\t\t\t\t\t\t\t\t<\/div>\r\n\t\t\t\t\t\t\t\t\t<\/div>\r\n\t\t\t\t\t\t\t\t\t\t\t\t\t\t\t\t\t<div class=\"accrodion \">\r\n\t\t\t\t\t\t\t\t\t\t<div class=\"accrodion-title\">\r\n\t\t\t\t\t\t\t\t\t\t\t<h4 class=\"        \">\u00bfQui\u00e9nes est\u00e1n exentos de presentar declaraci\u00f3n?<\/h4>\t\t\t\t\t\t\t\t\t\t<\/div>\r\n\t\t\t\t\t\t\t\t\t\t<div class=\"accrodion-content\">\r\n\t\t\t\t\t\t\t\t\t\t\t<div class=\"inner\">\r\n\t\t\t\t\t\t\t\t\t\t\t\t<p class=\"        \">\u25cb Las personas que devenguen un sueldo o salario inferior a la base establecida por el Tribunal Superior de Cuentas- <br>\u25cb Los que ejercieren funciones eventuales, interinas o transitorias que no exceden de tres (3) meses; y. <br>\u25cb Las personas que no siendo servidores p\u00fablicos sean nombradas para formar parte \u201cad-honorem\u201d de comisiones especiales y no administren bienes del Estado. \u201cEl Tribunal podr\u00e1 ordenar a cualquiera de las personas exoneradas, que formule declaraci\u00f3n jurada en el t\u00e9rmino prudencial que le se\u00f1ale, cuando a su juicio, ello fuere necesario con motivo de cualquier investigaci\u00f3n que practique\u201d. Art\u00edculo No. 59 de la Ley Org\u00e1nica del Tribunal Superior de Cuentas.<\/p>\t\t\t\t\t\t\t\t\t\t\t<\/div><!-- \/.inner -->\r\n\t\t\t\t\t\t\t\t\t\t<\/div>\r\n\t\t\t\t\t\t\t\t\t<\/div>\r\n\t\t\t\t\t\t\t\t\t\t\t\t\t\t\t\t\t<div class=\"accrodion \">\r\n\t\t\t\t\t\t\t\t\t\t<div class=\"accrodion-title\">\r\n\t\t\t\t\t\t\t\t\t\t\t<h4 class=\"         \">Cuando se administran o manejan fondos o bienes del Estado,\no decidan sobre pagos o inversiones de fondos p\u00fablicos, y el\nsalario es menor a la base fijada <br>por la ley (L. 40,000.00),\n\u00bfse debe presentar declaraci\u00f3n?<\/h4>\t\t\t\t\t\t\t\t\t\t<\/div>\r\n\t\t\t\t\t\t\t\t\t\t<div class=\"accrodion-content\">\r\n\t\t\t\t\t\t\t\t\t\t\t<div class=\"inner\">\r\n\t\t\t\t\t\t\t\t\t\t\t\t<p class=\"         \">Si debe presentar declaraci\u00f3n jurada de ingresos, activos y pasivos, por el hecho de manejar bienes del Estado esta obligado a declarar seg\u00fan la ley. Art\u00edculo No. 56 p\u00e1rrafo segundo de la Ley Org\u00e1nica del Tribunal Superior de Cuentas.<\/p>\t\t\t\t\t\t\t\t\t\t\t<\/div><!-- \/.inner -->\r\n\t\t\t\t\t\t\t\t\t\t<\/div>\r\n\t\t\t\t\t\t\t\t\t<\/div>\r\n\t\t\t\t\t\t\t\t\t\t\t\t\t\t\t\t\t<div class=\"accrodion \">\r\n\t\t\t\t\t\t\t\t\t\t<div class=\"accrodion-title\">\r\n\t\t\t\t\t\t\t\t\t\t\t<h4 class=\"          \">Si un servidor p\u00fablico trabaja con el sector p\u00fablico, ganando menos de la base salarial establecida de L. 40,000.00 (y no maneja bienes), y al mismo tiempo trabaja en el sector privado, \u00bfdebe declarar?<\/h4>\t\t\t\t\t\t\t\t\t\t<\/div>\r\n\t\t\t\t\t\t\t\t\t\t<div class=\"accrodion-content\">\r\n\t\t\t\t\t\t\t\t\t\t\t<div class=\"inner\">\r\n\t\t\t\t\t\t\t\t\t\t\t\t<p class=\"          \">No esta obligado a declarar ya que el salario que devenga con el gobierno no es igual o mayor a la base establecida por la ley para presentar declaraci\u00f3n, adem\u00e1s no maneja o administra fondos o bienes del Estado. Art\u00edculos No. 59 inciso 1 de la Ley Org\u00e1nica del Tribunal Superior de Cuentas.<\/p>\t\t\t\t\t\t\t\t\t\t\t<\/div><!-- \/.inner -->\r\n\t\t\t\t\t\t\t\t\t\t<\/div>\r\n\t\t\t\t\t\t\t\t\t<\/div>\r\n\t\t\t\t\t\t\t\t\t\t\t\t\t\t\t\t\t<div class=\"accrodion \">\r\n\t\t\t\t\t\t\t\t\t\t<div class=\"accrodion-title\">\r\n\t\t\t\t\t\t\t\t\t\t\t<h4 class=\"           \">\u00bfQu\u00e9 sucede si el Jefe de Personal ya ha comunicado al servidor p\u00fablico su obligaci\u00f3n de declarar conforme a la ley es decir por escrito y de manera<br> oportuna pero el servidor p\u00fablico no lo hizo?<\/h4>\t\t\t\t\t\t\t\t\t\t<\/div>\r\n\t\t\t\t\t\t\t\t\t\t<div class=\"accrodion-content\">\r\n\t\t\t\t\t\t\t\t\t\t\t<div class=\"inner\">\r\n\t\t\t\t\t\t\t\t\t\t\t\t<p class=\"           \">El servidor p\u00fablico obligado a declarar quedar\u00e1 en suspenso en el desempe\u00f1o del cargo o empleo sin goce de sueldo, hasta que cumpla con los requisitos legales, sin perjuicio de las responsabilidades administrativas o penales que fueren procedentes. Corresponde a la autoridad nominadora suspender al funcionario de conformidad con la resoluci\u00f3n del Tribunal. Art\u00edculo No. 57 y 99 de la Ley Org\u00e1nica del Tribunal Superior de Cuentas.<\/p>\t\t\t\t\t\t\t\t\t\t\t<\/div><!-- \/.inner -->\r\n\t\t\t\t\t\t\t\t\t\t<\/div>\r\n\t\t\t\t\t\t\t\t\t<\/div>\r\n\t\t\t\t\t\t\t\t\t\t\t\t\t\t\t\t\t<div class=\"accrodion \">\r\n\t\t\t\t\t\t\t\t\t\t<div class=\"accrodion-title\">\r\n\t\t\t\t\t\t\t\t\t\t\t<h4 class=\"            \">Una persona pagada con fondos nacionales que no gana la base salarial establecida seg\u00fan la Ley (L. 40,000.00), pero maneja fondos nacionales y extranjeros, \u00bfdebe declarar?<\/h4>\t\t\t\t\t\t\t\t\t\t<\/div>\r\n\t\t\t\t\t\t\t\t\t\t<div class=\"accrodion-content\">\r\n\t\t\t\t\t\t\t\t\t\t\t<div class=\"inner\">\r\n\t\t\t\t\t\t\t\t\t\t\t\t<p class=\"            \">Si debe declarar en vista de que maneja fondos y bienes del Estado. Art\u00edculo No. 56 p\u00e1rrafo segundo de la Ley Org\u00e1nica del Tribunal Superior de Cuentas.<\/p>\t\t\t\t\t\t\t\t\t\t\t<\/div><!-- \/.inner -->\r\n\t\t\t\t\t\t\t\t\t\t<\/div>\r\n\t\t\t\t\t\t\t\t\t<\/div>\r\n\t\t\t\t\t\t\t\t\t\t\t\t\t\t\t\t\t<div class=\"accrodion \">\r\n\t\t\t\t\t\t\t\t\t\t<div class=\"accrodion-title\">\r\n\t\t\t\t\t\t\t\t\t\t\t<h4 class=\"             \">\u00bfQu\u00e9 sucede en caso de dilatoria en la emisi\u00f3n del acuerdo acto de <br>nombramiento, elecci\u00f3n o de la constancia respectiva?<\/h4>\t\t\t\t\t\t\t\t\t\t<\/div>\r\n\t\t\t\t\t\t\t\t\t\t<div class=\"accrodion-content\">\r\n\t\t\t\t\t\t\t\t\t\t\t<div class=\"inner\">\r\n\t\t\t\t\t\t\t\t\t\t\t\t<p class=\"             \">\u201cEl Tribunal admitir\u00e1 la Declaraci\u00f3n dentro de los t\u00e9rminos se\u00f1alados (30 d\u00edas h\u00e1biles o dentro de los cuatro primeros meses de a\u00f1o), a\u00fan sin el documento referido, el cual deber\u00e1 presentarlo dentro de los diez (10) d\u00edas h\u00e1biles siguientes a su emisi\u00f3n\u201d. Art\u00edculo No. 57 \u00faltimo p\u00e1rrafo de la Ley Org\u00e1nica del Tribunal Superior de Cuentas.<\/p>\t\t\t\t\t\t\t\t\t\t\t<\/div><!-- \/.inner -->\r\n\t\t\t\t\t\t\t\t\t\t<\/div>\r\n\t\t\t\t\t\t\t\t\t<\/div>\r\n\t\t\t\t\t\t\t\t\t\t\t\t\t\t\t\t\t<div class=\"accrodion \">\r\n\t\t\t\t\t\t\t\t\t\t<div class=\"accrodion-title\">\r\n\t\t\t\t\t\t\t\t\t\t\t<h4 class=\"              \">\u00bfPor cu\u00e1nto tiempo se suspender\u00e1 a un servidor p\u00fablico (funcionario, empleado p\u00fablico) que no declare?<\/h4>\t\t\t\t\t\t\t\t\t\t<\/div>\r\n\t\t\t\t\t\t\t\t\t\t<div class=\"accrodion-content\">\r\n\t\t\t\t\t\t\t\t\t\t\t<div class=\"inner\">\r\n\t\t\t\t\t\t\t\t\t\t\t\t<p class=\"              \">No hay tiempo determinado, la suspensi\u00f3n durar\u00e1 hasta que cumpla con el requisito legal de presentar la Declaraci\u00f3n Jurada de Ingresos, Activos y Pasivos, esto sin perjuicio de las responsabilidades administrativas o penales que sean procedentes. Puede ser que una vez establecidas las circunstancias previstas en la Ley sea necesario cancelar el acuerdo de Nombramiento. Art\u00edculo No. 99 de la Ley Org\u00e1nica del Tribunal Superior de Cuentas. Art\u00edculo No. 62 del Reglamento General de la Ley Org\u00e1nica del Tribunal Superior de Cuentas.<\/p>\t\t\t\t\t\t\t\t\t\t\t<\/div><!-- \/.inner -->\r\n\t\t\t\t\t\t\t\t\t\t<\/div>\r\n\t\t\t\t\t\t\t\t\t<\/div>\r\n\t\t\t\t\t\t\t\t\t\t\t\t\t\t\t\t\t<div class=\"accrodion \">\r\n\t\t\t\t\t\t\t\t\t\t<div class=\"accrodion-title\">\r\n\t\t\t\t\t\t\t\t\t\t\t<h4 class=\"               \">Si un servidor p\u00fablico obligado a declarar tiene bienes en el extranjero, y no cuenta con los documentos originales en \u00e9ste pa\u00eds, \u00bfpuede presentar su Declaraci\u00f3n Jurada?<\/h4>\t\t\t\t\t\t\t\t\t\t<\/div>\r\n\t\t\t\t\t\t\t\t\t\t<div class=\"accrodion-content\">\r\n\t\t\t\t\t\t\t\t\t\t\t<div class=\"inner\">\r\n\t\t\t\t\t\t\t\t\t\t\t\t<p class=\"               \">Si puede, lo que tiene que adjuntar es la fotocopia de los documentos que justifiquen la propiedad de los bienes que tiene en el extranjero, no necesita los documentos originales.<\/p>\t\t\t\t\t\t\t\t\t\t\t<\/div><!-- \/.inner -->\r\n\t\t\t\t\t\t\t\t\t\t<\/div>\r\n\t\t\t\t\t\t\t\t\t<\/div>\r\n\t\t\t\t\t\t\t\t\t\t\t\t\t\t\t\t\t<div class=\"accrodion \">\r\n\t\t\t\t\t\t\t\t\t\t<div class=\"accrodion-title\">\r\n\t\t\t\t\t\t\t\t\t\t\t<h4 class=\"                \">\u00bfEl valor del menaje ser\u00e1 aproximado o cual ser\u00e1 el valor que deber\u00e1\natribuir <br>a \u00e9ste?<\/h4>\t\t\t\t\t\t\t\t\t\t<\/div>\r\n\t\t\t\t\t\t\t\t\t\t<div class=\"accrodion-content\">\r\n\t\t\t\t\t\t\t\t\t\t\t<div class=\"inner\">\r\n\t\t\t\t\t\t\t\t\t\t\t\t<p class=\"                \">Siempre se trabaja con valores hist\u00f3ricos, se debe declarar el valor con el cual se compr\u00f3 el bien y el tiempo en el cual se adquiri\u00f3.<\/p>\t\t\t\t\t\t\t\t\t\t\t<\/div><!-- \/.inner -->\r\n\t\t\t\t\t\t\t\t\t\t<\/div>\r\n\t\t\t\t\t\t\t\t\t<\/div>\r\n\t\t\t\t\t\t\t\t\t\t\t\t\t\t\t\t\t<div class=\"accrodion \">\r\n\t\t\t\t\t\t\t\t\t\t<div class=\"accrodion-title\">\r\n\t\t\t\t\t\t\t\t\t\t\t<h4 class=\"                 \">\u00bfDeben rendir Declaraci\u00f3n los Consultores?<\/h4>\t\t\t\t\t\t\t\t\t\t<\/div>\r\n\t\t\t\t\t\t\t\t\t\t<div class=\"accrodion-content\">\r\n\t\t\t\t\t\t\t\t\t\t\t<div class=\"inner\">\r\n\t\t\t\t\t\t\t\t\t\t\t\t<p class=\"                 \">Esta interrogante plantea tres supuestos y tratamiento diferente para cada uno de ellos: <br>a) Si son pagados con fondos externos, significa que no reciben recursos financieros del estado y de acuerdo al art\u00edculo No. 56 de la Ley Org\u00e1nica del Tribunal Superior de Cuentas no est\u00e1n obligados a rendir declaraci\u00f3n. <br>b) Que siendo pagados con fondos externos manejen fondos o bienes del Estado, la respuesta es que conforme al art\u00edculo No. 56 de la Ley Org\u00e1nica del Tribunal Superior de Cuentas, toda persona que en cualquier forma administre, maneje fondos o bienes del Estado debe presentar Declaraci\u00f3n Jurada. <br>c) En el caso de consultores hondure\u00f1os o extranjeros que en el ejercicio de sus funciones incluyan participaci\u00f3n en la toma de decisiones que afecten el patrimonio del Estado, deben rendir declaraci\u00f3n, en este caso la dificultad residir\u00e1 en determinar cuando un consultor o asesor que como su nombre indica s\u00f3lo asesorar\u00e1 o da consejo, participa en la toma de decisiones por lo cual para la exigencia de la Declaraci\u00f3n Jurada debe analizarse de manera casu\u00edstica las funciones atribuciones de los mencionados consultores o asesores previo a exigir la declaraci\u00f3n.<\/p>\t\t\t\t\t\t\t\t\t\t\t<\/div><!-- \/.inner -->\r\n\t\t\t\t\t\t\t\t\t\t<\/div>\r\n\t\t\t\t\t\t\t\t\t<\/div>\r\n\t\t\t\t\t\t\t\t\t\t\t\t\t\t\t\t\t<div class=\"accrodion \">\r\n\t\t\t\t\t\t\t\t\t\t<div class=\"accrodion-title\">\r\n\t\t\t\t\t\t\t\t\t\t\t<h4 class=\"                  \">En el caso de no presentar la Declaraci\u00f3n Jurada de Ingresos, Activos y Pasivos, \u00bfcu\u00e1l ser\u00eda la sanci\u00f3n?<\/h4>\t\t\t\t\t\t\t\t\t\t<\/div>\r\n\t\t\t\t\t\t\t\t\t\t<div class=\"accrodion-content\">\r\n\t\t\t\t\t\t\t\t\t\t\t<div class=\"inner\">\r\n\t\t\t\t\t\t\t\t\t\t\t\t<p class=\"                  \">La suspensi\u00f3n en el desempe\u00f1o del cargo o empleo sin goce de sueldo, hasta que cumpla con los requisitos legales, sin perjuicio de las responsabilidades administrativas o penales que fueren procedentes. Corresponde a la autoridad nominadora suspender al funcionario de conformidad con la resoluci\u00f3n del Tribunal. Art\u00edculo No. 99 de la Ley Org\u00e1nica del Tribunal Superior de Cuentas. Art\u00edculo No. 62 del Reglamento General de la Ley Org\u00e1nica del Tribunal Superior de Cuentas.<\/p>\t\t\t\t\t\t\t\t\t\t\t<\/div><!-- \/.inner -->\r\n\t\t\t\t\t\t\t\t\t\t<\/div>\r\n\t\t\t\t\t\t\t\t\t<\/div>\r\n\t\t\t\t\t\t\t\t\t\t\t\t\t\t\t\t\t<div class=\"accrodion \">\r\n\t\t\t\t\t\t\t\t\t\t<div class=\"accrodion-title\">\r\n\t\t\t\t\t\t\t\t\t\t\t<h4 class=\"                   \">\u00bfCu\u00e1ntos d\u00edas tiene el servidor p\u00fablico despu\u00e9s de cesar en el cargo, para presentar declaraci\u00f3n de ingresos, activos y pasivos?<\/h4>\t\t\t\t\t\t\t\t\t\t<\/div>\r\n\t\t\t\t\t\t\t\t\t\t<div class=\"accrodion-content\">\r\n\t\t\t\t\t\t\t\t\t\t\t<div class=\"inner\">\r\n\t\t\t\t\t\t\t\t\t\t\t\t<p class=\"                   \">Treinta (30) d\u00edas h\u00e1biles siguientes a que ocurra \u00e9ste hecho. Art\u00edculo No. 57 de la Ley Org\u00e1nica del Tribunal Superior de Cuentas.<\/p>\t\t\t\t\t\t\t\t\t\t\t<\/div><!-- \/.inner -->\r\n\t\t\t\t\t\t\t\t\t\t<\/div>\r\n\t\t\t\t\t\t\t\t\t<\/div>\r\n\t\t\t\t\t\t\t\t\t\t\t\t\t\t\t<\/div>\r\n\t\t\t\t\t\t<\/div>\r\n\t\t\t\t\t<\/div>\r\n\t\t\t\t<\/div>\r\n\t\t\t<\/div>\r\n\t\t<\/div>\r\n\t<\/section>\r\n\t<!--FAQ Page End-->\r\n\r\n\t\t\t\t<\/div>\n\t\t\t\t<\/div>\n\t\t\t\t\t<\/div>\n\t\t<\/div>\n\t\t\t\t\t<\/div>\n\t\t<\/section>\n\t\t\t\t<\/div>\n\t\t","protected":false},"excerpt":{"rendered":"<p>Preguntas frecuentes \u00a1Bienvenido a nuestras Preguntas Frecuentes (FAQ)! Aqu\u00ed encontrar\u00e1 respuestas a las preguntas m\u00e1s comunes sobre el Tribunal Superior de Cuentas. Nuestra misi\u00f3n es proporcionarle la informaci\u00f3n que necesitas de manera clara y concisa. \u00bfQu\u00e9 es Enriquecimiento Il\u00edcito? Enriquecimiento il\u00edcito o incremento patrimonial sin causa o justificaci\u00f3n consiste en que el aumento del patrimonio [&hellip;]<\/p>\n","protected":false},"author":1,"featured_media":0,"parent":0,"menu_order":0,"comment_status":"closed","ping_status":"closed","template":"elementor_header_footer","meta":{"_uag_custom_page_level_css":"","_monsterinsights_skip_tracking":false,"_monsterinsights_sitenote_active":false,"_monsterinsights_sitenote_note":"","_monsterinsights_sitenote_category":0,"_uf_show_specific_survey":0,"_uf_disable_surveys":false,"footnotes":""},"class_list":["post-927","page","type-page","status-publish","hentry"],"aioseo_notices":[],"uagb_featured_image_src":{"full":false,"thumbnail":false,"medium":false,"medium_large":false,"large":false,"1536x1536":false,"2048x2048":false,"govity_blog_370X304":false,"govity_blog_200X283":false,"govity_blog_770X428":false,"govity_brand_logo_202X102":false,"govity_brand_woo_270X308":false,"govity_brand_70X70":false},"uagb_author_info":{"display_name":"tsc_super_user","author_link":"https:\/\/www.tsc.gob.hn\/index.php\/author\/tsc_super_user\/"},"uagb_comment_info":0,"uagb_excerpt":"Preguntas frecuentes \u00a1Bienvenido a nuestras Preguntas Frecuentes (FAQ)! Aqu\u00ed encontrar\u00e1 respuestas a las preguntas m\u00e1s comunes sobre el Tribunal Superior de Cuentas. Nuestra misi\u00f3n es proporcionarle la informaci\u00f3n que necesitas de manera clara y concisa. \u00bfQu\u00e9 es Enriquecimiento Il\u00edcito? Enriquecimiento il\u00edcito o incremento patrimonial sin causa o justificaci\u00f3n consiste en que el aumento del patrimonio&hellip;","_links":{"self":[{"href":"https:\/\/www.tsc.gob.hn\/index.php\/wp-json\/wp\/v2\/pages\/927","targetHints":{"allow":["GET"]}}],"collection":[{"href":"https:\/\/www.tsc.gob.hn\/index.php\/wp-json\/wp\/v2\/pages"}],"about":[{"href":"https:\/\/www.tsc.gob.hn\/index.php\/wp-json\/wp\/v2\/types\/page"}],"author":[{"embeddable":true,"href":"https:\/\/www.tsc.gob.hn\/index.php\/wp-json\/wp\/v2\/users\/1"}],"replies":[{"embeddable":true,"href":"https:\/\/www.tsc.gob.hn\/index.php\/wp-json\/wp\/v2\/comments?post=927"}],"version-history":[{"count":9,"href":"https:\/\/www.tsc.gob.hn\/index.php\/wp-json\/wp\/v2\/pages\/927\/revisions"}],"predecessor-version":[{"id":33738,"href":"https:\/\/www.tsc.gob.hn\/index.php\/wp-json\/wp\/v2\/pages\/927\/revisions\/33738"}],"wp:attachment":[{"href":"https:\/\/www.tsc.gob.hn\/index.php\/wp-json\/wp\/v2\/media?parent=927"}],"curies":[{"name":"wp","href":"https:\/\/api.w.org\/{rel}","templated":true}]}}