{"id":6314,"date":"2023-09-11T16:57:03","date_gmt":"2023-09-11T16:57:03","guid":{"rendered":"http:\/\/ec2-100-20-206-212.us-west-2.compute.amazonaws.com\/?page_id=6314"},"modified":"2025-12-10T09:26:17","modified_gmt":"2025-12-10T15:26:17","slug":"rendicion-de-la-cuenta-general-del-estado","status":"publish","type":"page","link":"https:\/\/www.tsc.gob.hn\/index.php\/rendicion-de-la-cuenta-general-del-estado\/","title":{"rendered":"Rendici\u00f3n de la Cuenta General del Estado"},"content":{"rendered":"\t\t<div data-elementor-type=\"wp-page\" data-elementor-id=\"6314\" class=\"elementor elementor-6314\">\n\t\t\t\t<div class=\"elementor-element elementor-element-3050796 e-flex e-con-boxed e-con e-parent\" data-id=\"3050796\" data-element_type=\"container\" data-e-type=\"container\">\n\t\t\t\t\t<div class=\"e-con-inner\">\n\t\t\t\t<div class=\"elementor-element elementor-element-923124d elementor-widget elementor-widget-text-editor\" data-id=\"923124d\" data-element_type=\"widget\" data-e-type=\"widget\" data-widget_type=\"text-editor.default\">\n\t\t\t\t<div class=\"elementor-widget-container\">\n\t\t\t\t\t\t\t\t\t<p><span style=\"color: #000000;\"><span style=\"font-weight: 400;\">El Tribunal Superior de Cuentas (TSC) en cumplimiento con lo establecido en el Art\u00edculo 32 de su Ley Org\u00e1nica, remite al Congreso Nacional de la Rep\u00fablica cada a\u00f1o el <\/span><b>Informe \u201cRendici\u00f3n de Cuentas del Sector P\u00fablico y las Municipalidades de Honduras\u201d, <\/b><span style=\"font-weight: 400;\">el cual contiene resultados de impacto y constituye una herramienta clave en la toma de decisiones macroecon\u00f3micas del pa\u00eds.<\/span><\/span><\/p><p><span style=\"font-weight: 400; color: #000000;\">Les invitamos a conocer sobre el manejo de la deuda p\u00fablica, la ejecuci\u00f3n presupuestaria y las finanzas municipales a trav\u00e9s de este documento elaborado para una mejor comprensi\u00f3n sobre la situaci\u00f3n real de la rendici\u00f3n de cuentas de las instituciones del Estado.\u00a0<\/span><\/p>\t\t\t\t\t\t\t\t<\/div>\n\t\t\t\t<\/div>\n\t\t\t\t<div class=\"elementor-element elementor-element-6b1421e rendicion-cuentas-principales elementor-widget elementor-widget-govity-portfolio\" data-id=\"6b1421e\" data-element_type=\"widget\" data-e-type=\"widget\" data-widget_type=\"govity-portfolio.default\">\n\t\t\t\t<div class=\"elementor-widget-container\">\n\t\t\t\t\t    <!--Portfolio Three Start-->\r\n    <section class=\"portfolio-three\">\r\n        <div class=\"container\">\r\n            <div class=\"section-title text-center\">\r\n                <div class=\"section-title__icon\">\r\n                                    <\/div>\r\n                            <\/div>\r\n            <div class=\"row\">\r\n\r\n                                    <!--Portfolio Three Single Start-->\r\n                    <div class=\"col-xl-3 col-lg-6 col-md-6\">\r\n                        <div class=\"portfolio-three__single\">\r\n                            <div class=\"portfolio-three__img-box\">\r\n                                <div class=\"portfolio-three__img\">\r\n                                    <img decoding=\"async\" src=\"https:\/\/www.tsc.gob.hn\/wp-content\/uploads\/PORTADA-Informe-RC-Consolidado-2025.jpg\" alt=\"Portada Informe de Rendici\u00f3n de la Cuenta 2024\" title=\"PORTADA &#8211; IRDC 2024\" >                                <\/div>\r\n                                <div class=\"portfolio-three__content\">\r\n                                                                        <h4 class=\"portfolio-three__title\">\r\n                                                                            <\/h4>\r\n                                <\/div>\r\n                                <div class=\"portfolio-three__arrow\">\r\n                                    <a class=\"img-popup\" href=\"https:\/\/www.tsc.gob.hn\/wp-content\/uploads\/PORTADA-Informe-RC-Consolidado-2025.jpg\"><span aria-hidden=\"true\" class=\"  icon-right-arrow\"><\/span><\/a>\r\n                                <\/div>\r\n                            <\/div>\r\n                        <\/div>\r\n                    <\/div>\r\n                    <!--Portfolio Three Single End-->\r\n                                    <!--Portfolio Three Single Start-->\r\n                    <div class=\"col-xl-3 col-lg-6 col-md-6\">\r\n                        <div class=\"portfolio-three__single\">\r\n                            <div class=\"portfolio-three__img-box\">\r\n                                <div class=\"portfolio-three__img\">\r\n                                    <img decoding=\"async\" src=\"https:\/\/www.tsc.gob.hn\/wp-content\/uploads\/PORTADA-Informe-RC-Ejecutivo-2025.jpg\" alt=\"Portada Informe Rendici\u00f3n de la Cuenta Resumen Ejecutivo\" title=\"PORTADA &#8211; IRDC 2024\" >                                <\/div>\r\n                                <div class=\"portfolio-three__content\">\r\n                                                                        <h4 class=\"portfolio-three__title\">\r\n                                                                            <\/h4>\r\n                                <\/div>\r\n                                <div class=\"portfolio-three__arrow\">\r\n                                    <a class=\"img-popup\" href=\"https:\/\/www.tsc.gob.hn\/wp-content\/uploads\/PORTADA-Informe-RC-Ejecutivo-2025.jpg\"><span aria-hidden=\"true\" class=\"  icon-right-arrow\"><\/span><\/a>\r\n                                <\/div>\r\n                            <\/div>\r\n                        <\/div>\r\n                    <\/div>\r\n                    <!--Portfolio Three Single End-->\r\n                                    <!--Portfolio Three Single Start-->\r\n                    <div class=\"col-xl-3 col-lg-6 col-md-6\">\r\n                        <div class=\"portfolio-three__single\">\r\n                            <div class=\"portfolio-three__img-box\">\r\n                                <div class=\"portfolio-three__img\">\r\n                                    <img decoding=\"async\" src=\"https:\/\/www.tsc.gob.hn\/wp-content\/uploads\/PORTADA-Informe_Consolidado-001-GASM-2025.jpg\" alt=\"Informe Consolidado de Rendici\u00f3n de Cuentas y las Municipalidades\" title=\"PORTADA &#8211; IRDC 2024\" >                                <\/div>\r\n                                <div class=\"portfolio-three__content\">\r\n                                                                        <h4 class=\"portfolio-three__title\">\r\n                                                                            <\/h4>\r\n                                <\/div>\r\n                                <div class=\"portfolio-three__arrow\">\r\n                                    <a class=\"img-popup\" href=\"https:\/\/www.tsc.gob.hn\/wp-content\/uploads\/PORTADA-Informe_Consolidado-001-GASM-2025.jpg\"><span aria-hidden=\"true\" class=\"  icon-right-arrow\"><\/span><\/a>\r\n                                <\/div>\r\n                            <\/div>\r\n                        <\/div>\r\n                    <\/div>\r\n                    <!--Portfolio Three Single End-->\r\n                            <\/div>\r\n        <\/div>\r\n    <\/section>\r\n    <!--Portfolio Three End-->\r\n\t\t\t\t<\/div>\n\t\t\t\t<\/div>\n\t\t\t\t\t<\/div>\n\t\t\t\t<\/div>\n\t\t<div class=\"elementor-element elementor-element-79f3132 informes-ejecutivo-amigabe elementor-hidden-desktop elementor-hidden-tablet elementor-hidden-mobile e-flex e-con-boxed e-con e-parent\" data-id=\"79f3132\" data-element_type=\"container\" data-e-type=\"container\">\n\t\t\t\t\t<div class=\"e-con-inner\">\n\t\t<div class=\"elementor-element elementor-element-ad8af50 e-con-full e-flex e-con e-child\" data-id=\"ad8af50\" data-element_type=\"container\" data-e-type=\"container\">\n\t\t\t\t<div class=\"elementor-element elementor-element-7bc7e27 elementor-widget elementor-widget-govity-download-resource\" data-id=\"7bc7e27\" data-element_type=\"widget\" data-e-type=\"widget\" data-widget_type=\"govity-download-resource.default\">\n\t\t\t\t<div class=\"elementor-widget-container\">\n\t\t\t\t\t    <div class=\"department-details__download\">\r\n                <ul class=\"department-details__download-list list-unstyled ml-0\">\r\n                            <li>\r\n                    <div class=\"department-details__download-content\">\r\n                        <div class=\"department-details__download-icon\">\r\n                            <span aria-hidden=\"true\" class=\"  icon-pdf-file\"><\/span>                        <\/div>\r\n                        <div class=\"department-details__download-text\">\r\n                            <p class=\"\">Informe Ejecutivo de <br>Rendici\u00f3n de Cuentas<\/p>                        <\/div>\r\n                    <\/div>\r\n                    <div class=\"department-details__download-btn-box\">\r\n                        <span class=\"\">3MB<\/span>                        <a class=\"department-details__download-btn thm-btn\" href=\"#\"  >Descargar<\/a>                    <\/div>\r\n                <\/li>\r\n                            <li>\r\n                    <div class=\"department-details__download-content\">\r\n                        <div class=\"department-details__download-icon\">\r\n                            <span aria-hidden=\"true\" class=\"  icon-pdf-file\"><\/span>                        <\/div>\r\n                        <div class=\"department-details__download-text\">\r\n                            <p class=\" \">Informe Ejecutivo RC <br>001 GASM 2022<\/p>                        <\/div>\r\n                    <\/div>\r\n                    <div class=\"department-details__download-btn-box\">\r\n                        <span class=\" \">2MB<\/span>                        <a class=\"department-details__download-btn thm-btn department-details__download-btn thm-btn\" href=\"\/wp-content\/uploads\/Informe_Ejecutivo_001-GASM-2022.pdf\"  >Descargar<\/a>                    <\/div>\r\n                <\/li>\r\n                    <\/ul>\r\n    <\/div>\r\n\t\t\t\t<\/div>\n\t\t\t\t<\/div>\n\t\t\t\t<\/div>\n\t\t<div class=\"elementor-element elementor-element-be6a8ad e-con-full e-flex e-con e-child\" data-id=\"be6a8ad\" data-element_type=\"container\" data-e-type=\"container\">\n\t\t\t\t<div class=\"elementor-element elementor-element-2ad7f8c elementor-widget elementor-widget-govity-download-resource\" data-id=\"2ad7f8c\" data-element_type=\"widget\" data-e-type=\"widget\" data-widget_type=\"govity-download-resource.default\">\n\t\t\t\t<div class=\"elementor-widget-container\">\n\t\t\t\t\t    <div class=\"department-details__download\">\r\n                <ul class=\"department-details__download-list list-unstyled ml-0\">\r\n                            <li>\r\n                    <div class=\"department-details__download-content\">\r\n                        <div class=\"department-details__download-icon\">\r\n                            <span aria-hidden=\"true\" class=\"  icon-pdf-file\"><\/span>                        <\/div>\r\n                        <div class=\"department-details__download-text\">\r\n                            <p class=\"\">Informe Consolidado  <br>001 GASM 2022<\/p>                        <\/div>\r\n                    <\/div>\r\n                    <div class=\"department-details__download-btn-box\">\r\n                        <span class=\"\">10MB<\/span>                        <a class=\"department-details__download-btn thm-btn\" href=\"\/wp-content\/uploads\/Informe-001-GASM-2022-consolidado.pdf\"  >Descargar<\/a>                    <\/div>\r\n                <\/li>\r\n                    <\/ul>\r\n    <\/div>\r\n\t\t\t\t<\/div>\n\t\t\t\t<\/div>\n\t\t\t\t<\/div>\n\t\t\t\t\t<\/div>\n\t\t\t\t<\/div>\n\t\t<div class=\"elementor-element elementor-element-1f5b4cb e-flex e-con-boxed e-con e-parent\" data-id=\"1f5b4cb\" data-element_type=\"container\" data-e-type=\"container\">\n\t\t\t\t\t<div class=\"e-con-inner\">\n\t\t<div class=\"elementor-element elementor-element-52a79df e-con-full e-flex e-con e-child\" data-id=\"52a79df\" data-element_type=\"container\" data-e-type=\"container\">\n\t\t\t\t<div class=\"elementor-element elementor-element-6eef438 elementor-widget elementor-widget-html\" data-id=\"6eef438\" data-element_type=\"widget\" data-e-type=\"widget\" data-widget_type=\"html.default\">\n\t\t\t\t<div class=\"elementor-widget-container\">\n\t\t\t\t\t<script> \r\n\/\/Script para mostrar cards de categor\u00edas de 2 en 2\r\n\r\nconst cards = document.querySelectorAll(\".rendicion-cuentas-principales .col-xl-3\");\r\n\r\n\/\/agregando clases para responsive\r\nfor(i=0; i<cards.length; i++){\r\n    cards[i].classList.add('col-xs-6', 'col-sm-6', 'col-md-6', 'col-xl-3', 'col-lg-3');\r\n}\r\n\/\/agregando los enlaces\r\n\r\n\/\/#1 Rendici\u00f3n de cuentas\r\ncards[0].onclick = function() {myFunction_informe1()}; function myFunction_informe1() {\r\n    window.open(\"\/index.php\/document\/informe-rc-2025\/\", \"_self\");\r\n}\r\n\/\/#2 Rendici\u00f3n de cuentas\r\ncards[1].onclick = function() {myFunction_informe2()}; function myFunction_informe2() {\r\n    window.open(\"\/index.php\/document\/informe-ejecutivo-rc-2025\/\", \"_self\");\r\n}\r\n\/\/#3 Rendici\u00f3n de cuentas\r\ncards[2].onclick = function() {myFunction_informe3()}; function myFunction_informe3() {\r\n    window.open(\"\/index.php\/document\/informe-consolidado-rc-municipales-2025\/\", \"_self\");\r\n}\r\n\r\n\/\/#4 Rendici\u00f3n de cuentas\r\ncards[3].onclick = function() {myFunction_informe4()}; function myFunction_informe4() {\r\n    window.open(\"\/index.php\/document\/informe-ejecutivo-rc-municipales-2024\/\", \"_self\");\r\n}\r\n<\/script>\t\t\t\t<\/div>\n\t\t\t\t<\/div>\n\t\t\t\t<\/div>\n\t\t<div class=\"elementor-element elementor-element-16fea4b e-con-full e-flex e-con e-child\" data-id=\"16fea4b\" data-element_type=\"container\" data-e-type=\"container\">\n\t\t\t\t<\/div>\n\t\t\t\t\t<\/div>\n\t\t\t\t<\/div>\n\t\t<div class=\"elementor-element elementor-element-67435ad e-flex e-con-boxed elementor-invisible e-con e-parent\" data-id=\"67435ad\" data-element_type=\"container\" data-e-type=\"container\" data-settings=\"{&quot;animation&quot;:&quot;slideInUp&quot;}\">\n\t\t\t\t\t<div class=\"e-con-inner\">\n\t\t\t\t<div class=\"elementor-element elementor-element-1eb868a elementor-widget elementor-widget-heading\" data-id=\"1eb868a\" data-element_type=\"widget\" data-e-type=\"widget\" data-widget_type=\"heading.default\">\n\t\t\t\t<div class=\"elementor-widget-container\">\n\t\t\t\t\t<h2 class=\"elementor-heading-title elementor-size-default\">Informe en versi\u00f3n amigable<\/h2>\t\t\t\t<\/div>\n\t\t\t\t<\/div>\n\t\t<div class=\"elementor-element elementor-element-9895252 e-con-full e-flex e-con e-child\" data-id=\"9895252\" data-element_type=\"container\" data-e-type=\"container\">\n\t\t\t\t<div class=\"elementor-element elementor-element-bb16199 elementor-widget elementor-widget-image\" data-id=\"bb16199\" data-element_type=\"widget\" data-e-type=\"widget\" data-widget_type=\"image.default\">\n\t\t\t\t<div class=\"elementor-widget-container\">\n\t\t\t\t\t\t\t\t\t\t\t\t\t\t\t\t<a href=\"https:\/\/www.tsc.gob.hn\/index.php\/3d-flip-book\/version-amigable-del-informe-rendicion-de-cuentas-periodo-2024\/\">\n\t\t\t\t\t\t\t<img fetchpriority=\"high\" decoding=\"async\" width=\"263\" height=\"340\" src=\"https:\/\/www.tsc.gob.hn\/wp-content\/uploads\/Portada-Version_amigable-2024.png\" class=\"attachment-large size-large wp-image-37377\" alt=\"Portada Informe Versi\u00f3n Amigable\" srcset=\"https:\/\/www.tsc.gob.hn\/wp-content\/uploads\/Portada-Version_amigable-2024.png 263w, https:\/\/www.tsc.gob.hn\/wp-content\/uploads\/Portada-Version_amigable-2024-232x300.png 232w\" sizes=\"(max-width: 263px) 100vw, 263px\" \/>\t\t\t\t\t\t\t\t<\/a>\n\t\t\t\t\t\t\t\t\t\t\t\t\t\t\t<\/div>\n\t\t\t\t<\/div>\n\t\t\t\t<\/div>\n\t\t\t\t\t<\/div>\n\t\t\t\t<\/div>\n\t\t<div class=\"elementor-element elementor-element-92677c8 e-flex e-con-boxed e-con e-parent\" data-id=\"92677c8\" data-element_type=\"container\" data-e-type=\"container\">\n\t\t\t\t\t<div class=\"e-con-inner\">\n\t\t\t\t<div class=\"elementor-element elementor-element-6385ed6 elementor-widget elementor-widget-govity-button\" data-id=\"6385ed6\" data-element_type=\"widget\" data-e-type=\"widget\" data-widget_type=\"govity-button.default\">\n\t\t\t\t<div class=\"elementor-widget-container\">\n\t\t\t\t\t    <div class=\"event-details__btn-box\">\r\n        <a class=\"event-details__btn thm-btn\" href=\"\/index.php\/rendicion-de-la-cuenta-general-del-estado\/historico-de-informes-de-rendicion-de-cuentas\/\"  >Ver hist\u00f3rico de Rendici\u00f3n de Cuentas<\/a>    <\/div>\r\n\t\t\t\t<\/div>\n\t\t\t\t<\/div>\n\t\t\t\t\t<\/div>\n\t\t\t\t<\/div>\n\t\t<div class=\"elementor-element elementor-element-6a8004b e-flex e-con-boxed e-con e-parent\" data-id=\"6a8004b\" data-element_type=\"container\" data-e-type=\"container\">\n\t\t\t\t\t<div class=\"e-con-inner\">\n\t\t\t\t\t<\/div>\n\t\t\t\t<\/div>\n\t\t<div class=\"elementor-element elementor-element-74bfdc9 e-flex e-con-boxed e-con e-parent\" data-id=\"74bfdc9\" data-element_type=\"container\" data-e-type=\"container\">\n\t\t\t\t\t<div class=\"e-con-inner\">\n\t\t<div class=\"elementor-element elementor-element-7d10502 e-con-full e-flex e-con e-child\" data-id=\"7d10502\" data-element_type=\"container\" data-e-type=\"container\">\n\t\t\t\t<\/div>\n\t\t<div class=\"elementor-element elementor-element-6f45ff0 e-con-full e-flex e-con e-child\" data-id=\"6f45ff0\" data-element_type=\"container\" data-e-type=\"container\">\n\t\t\t\t<\/div>\n\t\t\t\t\t<\/div>\n\t\t\t\t<\/div>\n\t\t\t\t<\/div>\n\t\t","protected":false},"excerpt":{"rendered":"<p>El Tribunal Superior de Cuentas (TSC) en cumplimiento con lo establecido en el Art\u00edculo 32 de su Ley Org\u00e1nica, remite al Congreso Nacional de la Rep\u00fablica cada a\u00f1o el Informe \u201cRendici\u00f3n de Cuentas del Sector P\u00fablico y las Municipalidades de Honduras\u201d, el cual contiene resultados de impacto y constituye una herramienta clave en la toma [&hellip;]<\/p>\n","protected":false},"author":1,"featured_media":0,"parent":0,"menu_order":0,"comment_status":"closed","ping_status":"closed","template":"elementor_header_footer","meta":{"_uag_custom_page_level_css":"","_monsterinsights_skip_tracking":false,"_monsterinsights_sitenote_active":false,"_monsterinsights_sitenote_note":"","_monsterinsights_sitenote_category":0,"_uf_show_specific_survey":0,"_uf_disable_surveys":false,"footnotes":""},"class_list":["post-6314","page","type-page","status-publish","hentry"],"aioseo_notices":[],"uagb_featured_image_src":{"full":false,"thumbnail":false,"medium":false,"medium_large":false,"large":false,"1536x1536":false,"2048x2048":false,"govity_blog_370X304":false,"govity_blog_200X283":false,"govity_blog_770X428":false,"govity_brand_logo_202X102":false,"govity_brand_woo_270X308":false,"govity_brand_70X70":false},"uagb_author_info":{"display_name":"tsc_super_user","author_link":"https:\/\/www.tsc.gob.hn\/index.php\/author\/tsc_super_user\/"},"uagb_comment_info":0,"uagb_excerpt":"El Tribunal Superior de Cuentas (TSC) en cumplimiento con lo establecido en el Art\u00edculo 32 de su Ley Org\u00e1nica, remite al Congreso Nacional de la Rep\u00fablica cada a\u00f1o el Informe \u201cRendici\u00f3n de Cuentas del Sector P\u00fablico y las Municipalidades de Honduras\u201d, el cual contiene resultados de impacto y constituye una herramienta clave en la toma&hellip;","_links":{"self":[{"href":"https:\/\/www.tsc.gob.hn\/index.php\/wp-json\/wp\/v2\/pages\/6314","targetHints":{"allow":["GET"]}}],"collection":[{"href":"https:\/\/www.tsc.gob.hn\/index.php\/wp-json\/wp\/v2\/pages"}],"about":[{"href":"https:\/\/www.tsc.gob.hn\/index.php\/wp-json\/wp\/v2\/types\/page"}],"author":[{"embeddable":true,"href":"https:\/\/www.tsc.gob.hn\/index.php\/wp-json\/wp\/v2\/users\/1"}],"replies":[{"embeddable":true,"href":"https:\/\/www.tsc.gob.hn\/index.php\/wp-json\/wp\/v2\/comments?post=6314"}],"version-history":[{"count":225,"href":"https:\/\/www.tsc.gob.hn\/index.php\/wp-json\/wp\/v2\/pages\/6314\/revisions"}],"predecessor-version":[{"id":37388,"href":"https:\/\/www.tsc.gob.hn\/index.php\/wp-json\/wp\/v2\/pages\/6314\/revisions\/37388"}],"wp:attachment":[{"href":"https:\/\/www.tsc.gob.hn\/index.php\/wp-json\/wp\/v2\/media?parent=6314"}],"curies":[{"name":"wp","href":"https:\/\/api.w.org\/{rel}","templated":true}]}}