{"id":5859,"date":"2023-09-08T15:53:42","date_gmt":"2023-09-08T15:53:42","guid":{"rendered":"http:\/\/ec2-100-20-206-212.us-west-2.compute.amazonaws.com\/?page_id=5859"},"modified":"2024-06-18T13:39:07","modified_gmt":"2024-06-18T19:39:07","slug":"informes-de-desarrollo-inclusion-social-y-prevencion","status":"publish","type":"page","link":"https:\/\/www.tsc.gob.hn\/index.php\/informes-de-auditoria\/informes-de-auditorias-de-gobierno-central-instituciones-descentralizadas-y-desconcentradas-autonomas-y-semi-autonomas\/informes-de-desarrollo-inclusion-social-y-prevencion\/","title":{"rendered":"Desarrollo, Inclusi\u00f3n Social y Prevenci\u00f3n"},"content":{"rendered":"\t\t<div data-elementor-type=\"wp-page\" data-elementor-id=\"5859\" class=\"elementor elementor-5859\">\n\t\t\t\t<div class=\"elementor-element elementor-element-a5f9846 e-flex e-con-boxed e-con e-parent\" data-id=\"a5f9846\" data-element_type=\"container\" data-e-type=\"container\">\n\t\t\t\t\t<div class=\"e-con-inner\">\n\t\t\t\t<div class=\"elementor-element elementor-element-d4d1dda elementor-widget elementor-widget-text-editor\" data-id=\"d4d1dda\" data-element_type=\"widget\" data-e-type=\"widget\" data-widget_type=\"text-editor.default\">\n\t\t\t\t<div class=\"elementor-widget-container\">\n\t\t\t\t\t\t\t\t\t<p><span style=\"font-weight: 400;\">Conozca las instituciones que son objeto de control de fiscalizaci\u00f3n por este sector operativo:<\/span><\/p>\t\t\t\t\t\t\t\t<\/div>\n\t\t\t\t<\/div>\n\t\t\t\t\t<\/div>\n\t\t\t\t<\/div>\n\t\t<div class=\"elementor-element elementor-element-c07014a e-flex e-con-boxed e-con e-parent\" data-id=\"c07014a\" data-element_type=\"container\" data-e-type=\"container\">\n\t\t\t\t\t<div class=\"e-con-inner\">\n\t\t<div class=\"elementor-element elementor-element-2b9cdc7 e-con-full e-flex e-con e-child\" data-id=\"2b9cdc7\" data-element_type=\"container\" data-e-type=\"container\">\n\t\t\t\t<div class=\"elementor-element elementor-element-f297ee6 elementor-widget elementor-widget-text-editor\" data-id=\"f297ee6\" data-element_type=\"widget\" data-e-type=\"widget\" data-widget_type=\"text-editor.default\">\n\t\t\t\t<div class=\"elementor-widget-container\">\n\t\t\t\t\t\t\t\t\t<ol><li style=\"font-weight: 400;\" aria-level=\"1\"><span style=\"font-weight: 400;\">Secretar\u00eda de Desarrollo Social (Sedesol)<\/span><\/li><li style=\"font-weight: 400;\" aria-level=\"1\"><span style=\"font-weight: 400;\">Secretar\u00eda de Trabajo y Seguridad Social (Setrass)<\/span><\/li><li style=\"font-weight: 400;\" aria-level=\"1\"><span style=\"font-weight: 400;\">\u00a0Secretar\u00eda de Salud (Sesal)<\/span><\/li><li style=\"font-weight: 400;\" aria-level=\"1\"><span style=\"font-weight: 400;\">Secretar\u00eda de Educaci\u00f3n<\/span><\/li><li style=\"font-weight: 400;\" aria-level=\"1\"><span style=\"font-weight: 400;\">Secretar\u00eda de Gesti\u00f3n de Riesgos y Contingencias Nacionales (Copeco)<\/span><\/li><li style=\"font-weight: 400;\" aria-level=\"1\"><span style=\"font-weight: 400;\">Secretar\u00eda de Desarrollo Comunitario, Agua y Saneamiento (Sedecoas)<\/span><\/li><li style=\"font-weight: 400;\" aria-level=\"1\"><span style=\"font-weight: 400;\">Secretar\u00eda para el Desarrollo y Seguimiento de Proyectos y Acuerdos (Sedespa)<\/span><\/li><li style=\"font-weight: 400;\" aria-level=\"1\"><span style=\"font-weight: 400;\">Secretar\u00eda de Asuntos de la Mujer (Semujer)<\/span><\/li><li style=\"font-weight: 400;\" aria-level=\"1\"><span style=\"font-weight: 400;\">Instituto Hondure\u00f1o para la Prevenci\u00f3n del Alcoholismo, Drogadicci\u00f3n y Farmacodependencia (Ihadfa)<\/span><\/li><li style=\"font-weight: 400;\" aria-level=\"1\"><span style=\"font-weight: 400;\">Patronato Nacional de la Infancia (Pani)<\/span><\/li><li style=\"font-weight: 400;\" aria-level=\"1\"><span style=\"font-weight: 400;\">Direcci\u00f3n de Ni\u00f1ez, Adolescencia y Familia (Dinaf)<\/span><\/li><li style=\"font-weight: 400;\" aria-level=\"1\"><span style=\"font-weight: 400;\">Servicio Aut\u00f3nomo Nacional de Acueductos y Alcantarillados (SANAA)<\/span><\/li><li style=\"font-weight: 400;\" aria-level=\"1\"><span style=\"font-weight: 400;\">Instituto Nacional de Estad\u00edsticas (INE)<\/span><\/li><li style=\"font-weight: 400;\" aria-level=\"1\"><span style=\"font-weight: 400;\">Instituto Hondure\u00f1o de Antropolog\u00eda e Historia (IHAH)<\/span><\/li><li style=\"font-weight: 400;\" aria-level=\"1\"><span style=\"font-weight: 400;\">Instituto Nacional de Formaci\u00f3n Profesional (Infop)<\/span><\/li><li style=\"font-weight: 400;\" aria-level=\"1\"><span style=\"font-weight: 400;\">Programa de Red Solidaria (PRS)<\/span><\/li><li style=\"font-weight: 400;\" aria-level=\"1\"><span style=\"font-weight: 400;\">Programa de Acci\u00f3n Solidaria (Proasol)<\/span><\/li><li style=\"font-weight: 400;\" aria-level=\"1\"><span style=\"font-weight: 400;\">Federaci\u00f3n Nacional Aut\u00f3noma de Futbol de Honduras (Fenafuth)<\/span><\/li><li style=\"font-weight: 400;\" aria-level=\"1\"><span style=\"font-weight: 400;\">Comisi\u00f3n Nacional de Deportes, Educaci\u00f3n F\u00edsica y Recreaci\u00f3n (Condepor)<\/span><\/li><li style=\"font-weight: 400;\" aria-level=\"1\"><span style=\"font-weight: 400;\">Confederaci\u00f3n Deportiva Aut\u00f3noma de Honduras (Condepah)<\/span><\/li><li style=\"font-weight: 400;\" aria-level=\"1\"><span style=\"font-weight: 400;\">Direcci\u00f3n Nacional de Parques y Recreaci\u00f3n<\/span><\/li><\/ol>\t\t\t\t\t\t\t\t<\/div>\n\t\t\t\t<\/div>\n\t\t\t\t<\/div>\n\t\t<div class=\"elementor-element elementor-element-baf3b2a e-con-full e-flex e-con e-child\" data-id=\"baf3b2a\" data-element_type=\"container\" data-e-type=\"container\">\n\t\t\t\t<div class=\"elementor-element elementor-element-63bfc59 elementor-widget elementor-widget-text-editor\" data-id=\"63bfc59\" data-element_type=\"widget\" data-e-type=\"widget\" data-widget_type=\"text-editor.default\">\n\t\t\t\t<div class=\"elementor-widget-container\">\n\t\t\t\t\t\t\t\t\t<p style=\"padding-left: 40px;\"><span style=\"font-weight: 400;\">22. Direcci\u00f3n Nacional del Programa Ciudad Mujer (DNCM)<\/span><\/p><p style=\"padding-left: 40px;\"><span style=\"font-weight: 400;\">23. Comit\u00e9 Nacional de Prevenci\u00f3n contra Tortura, Tratos Crueles, Inhumanos y Degradantes (Conaprev)<\/span><\/p><p style=\"padding-left: 40px;\"><span style=\"font-weight: 400;\">24. Programa Nacional de Prevenci\u00f3n, Rehabilitaci\u00f3n y Reinserci\u00f3n Social (PNPRRS)<\/span><\/p><p style=\"padding-left: 40px;\"><span style=\"font-weight: 400;\">25. Instituto Nacional de Migraci\u00f3n (INM)<\/span><\/p><p style=\"padding-left: 40px;\"><span style=\"font-weight: 400;\">26. Universidad Nacional Aut\u00f3noma de Honduras (UNAH)<\/span><\/p><p style=\"padding-left: 40px;\"><span style=\"font-weight: 400;\">27. Universidad Pedag\u00f3gica Nacional Francisco Moraz\u00e1n (UPNFM)<\/span><\/p><p style=\"padding-left: 40px;\"><span style=\"font-weight: 400;\">28. Instituto Hondure\u00f1o de Seguridad Social (IHSS)<\/span><\/p><p style=\"padding-left: 40px;\"><span style=\"font-weight: 400;\">29. Hospital Escuela (HE)<\/span><\/p><p style=\"padding-left: 40px;\"><span style=\"font-weight: 400;\">30. Instituto Nacional Penitenciario (INP)<\/span><\/p><p style=\"padding-left: 40px;\"><span style=\"font-weight: 400;\">31. Instituto Nacional para la Atenci\u00f3n de Menores Infractores (Inami)<\/span><\/p><p style=\"padding-left: 40px;\"><span style=\"font-weight: 400;\">32. Centro Nacional de Educaci\u00f3n para el Trabajo (Cenet))<\/span><\/p><p style=\"padding-left: 40px;\"><span style=\"font-weight: 400;\">33. Comisi\u00f3n Nacional de Educaci\u00f3n Alternativa no Formal<\/span><\/p><p style=\"padding-left: 40px;\"><span style=\"font-weight: 400;\">34. Centro de Cultura Garinagu de Honduras (Garinagu)<\/span><\/p><p style=\"padding-left: 40px;\"><span style=\"font-weight: 400;\">35. Comisi\u00f3n Interinstitucional contra la Explotaci\u00f3n Sexual Comercial y Trata de Personas (Cicesct)<\/span><\/p><p style=\"padding-left: 40px;\"><span style=\"font-weight: 400;\">36. Instituto Nacional de Jubilaciones y Pensiones de los Empleados y Funcionarios del Poder Ejecutivo (Injupemp)<\/span><\/p><p style=\"padding-left: 40px;\"><span style=\"font-weight: 400;\">37. Instituto Nacional de Previsi\u00f3n del Magisterio (Inprema)<\/span><\/p><p style=\"padding-left: 40px;\"><span style=\"font-weight: 400;\">38. Instituto de Previsi\u00f3n Militar (IPM)<\/span><\/p><p style=\"padding-left: 40px;\"><span style=\"font-weight: 400;\">39. Instituto de Previsi\u00f3n Social de los Empleados de la Universidad Nacional Aut\u00f3noma de Honduras (Inpreunah)<\/span><\/p><p style=\"padding-left: 40px;\"><span style=\"font-weight: 400;\">40. Instituto de Cr\u00e9dito Educativo (Educr\u00e9dito)<\/span><\/p><p style=\"padding-left: 40px;\"><span style=\"font-weight: 400;\">41. Comisi\u00f3n Nacional pro Instalaciones Deportivas (Conapid)<\/span><\/p>\t\t\t\t\t\t\t\t<\/div>\n\t\t\t\t<\/div>\n\t\t\t\t<\/div>\n\t\t\t\t\t<\/div>\n\t\t\t\t<\/div>\n\t\t<div class=\"elementor-element elementor-element-c6570c9 e-flex e-con-boxed e-con e-parent\" data-id=\"c6570c9\" data-element_type=\"container\" data-e-type=\"container\">\n\t\t\t\t\t<div class=\"e-con-inner\">\n\t\t\t\t<div class=\"elementor-element elementor-element-7c7f3a3 elementor-widget elementor-widget-text-editor\" data-id=\"7c7f3a3\" data-element_type=\"widget\" data-e-type=\"widget\" data-widget_type=\"text-editor.default\">\n\t\t\t\t<div class=\"elementor-widget-container\">\n\t\t\t\t\t\t\t\t\t<p><table id=\"dlp_5ae790932a2a2a48_1\" class=\"posts-data-table\" width=\"100%\" data-config=\"{&quot;pageLength&quot;:10,&quot;pagingType&quot;:&quot;simple_numbers&quot;,&quot;serverSide&quot;:true,&quot;autoWidth&quot;:true,&quot;clickFilter&quot;:&quot;&quot;,&quot;stickyHeader&quot;:false,&quot;scrollOffset&quot;:15,&quot;resetButton&quot;:true,&quot;numOrder&quot;:false,&quot;lengthMenu&quot;:[10,25,50,100],&quot;columnDefs&quot;:[{&quot;className&quot;:&quot;col-title&quot;,&quot;targets&quot;:0,&quot;type&quot;:&quot;html&quot;},{&quot;className&quot;:&quot;col-excerpt&quot;,&quot;targets&quot;:1,&quot;type&quot;:&quot;html&quot;},{&quot;className&quot;:&quot;col-file_size&quot;,&quot;targets&quot;:2,&quot;type&quot;:&quot;html&quot;},{&quot;className&quot;:&quot;col-link&quot;,&quot;targets&quot;:3,&quot;type&quot;:&quot;html&quot;}],&quot;responsive&quot;:{&quot;details&quot;:{&quot;display&quot;:&quot;child_row&quot;}},&quot;language&quot;:{&quot;info&quot;:&quot;_TOTAL_ documentos&quot;,&quot;infoEmpty&quot;:&quot;0 documentos&quot;,&quot;emptyTable&quot;:&quot;No hay documentos&quot;,&quot;zeroRecords&quot;:&quot;No hay coincidencias documentos&quot;,&quot;totalsSingle&quot;:&quot;documento&quot;,&quot;totalsPlural&quot;:&quot;documentos&quot;},&quot;dom&quot;:&quot;&lt;\\&quot;posts-table-wrapper govity\\&quot;&lt;\\&quot;posts-table-above posts-table-controls\\&quot;f&gt;t&lt;\\&quot;posts-table-below posts-table-controls\\&quot;lip&gt;&gt;&quot;,&quot;multiDownloadButton&quot;:true,&quot;multiDownloadPosition&quot;:&quot;above&quot;,&quot;multiDownloadText&quot;:&quot;Descargar Documentos Seleccionados&quot;}\" data-filters=\"false\" data-order=\"[]\"><thead><tr><th class=\"all\" data-name=\"title\" data-orderable=\"true\" data-searchable=\"true\" data-width=\"35%\" data-priority=\"1\" data-data=\"title\">Documento<\/th><th data-name=\"excerpt\" data-orderable=\"false\" data-searchable=\"true\" data-width=\"45%\" data-priority=\"4\" data-data=\"excerpt\"> Descripci\u00f3n<\/th><th data-name=\"file_size\" data-orderable=\"false\" data-searchable=\"true\" data-width=\"10%\" data-priority=\"12\" data-data=\"file_size\"> Tama\u00f1o<\/th><th data-name=\"link\" data-orderable=\"false\" data-searchable=\"false\" data-width=\"10%\" data-priority=\"10\" data-data=\"link\">Descarga<\/th><\/tr><\/thead><\/table>\t\t<div id=\"modal_dlp_5ae790932a2a2a48_1\" class=\"dlp-preview-modal\" aria-hidden=\"true\">\n\t\t\t<div class=\"dlp-preview-modal-overlay\" tabindex=\"-1\" data-dlp-preview-close=\"#modal_dlp_5ae790932a2a2a48_1\">\n\t\t\t\t<a class=\"dlp-preview-modal-close\" data-dlp-preview-close=\"#modal_dlp_5ae790932a2a2a48_1\">\n\t\t\t\t\t<div class=\"dlp-icon close\"><svg xmlns=\"http:\/\/www.w3.org\/2000\/svg\" viewBox=\"0 0 24 24\" aria-label=\"Close\"><path fill=\"currentColor\" d=\"M19 6.41L17.59 5 12 10.59 6.41 5 5 6.41 10.59 12 5 17.59 6.41 19 12 13.41 17.59 19 19 17.59 13.41 12z\" \/><path d=\"M0 0h24v24H0z\" fill=\"none\" \/><\/svg><\/div>\t\t\t\t<\/a>\n\n\t\t\t\t<div class=\"dlp-preview-modal-container\" role=\"dialog\" aria-modal=\"true\" aria-labelledby=\"dlp-preview-modal-title\">\n\t\t\t\t\t<main class=\"dlp-preview-modal-content\"><\/main>\n\t\t\t\t\t<footer class=\"dlp-preview-modal-footer\"><\/footer>\n\t\t\t\t<\/div>\n\t\t\t<\/div>\n\t\t<\/div>\n\t\t<\/p>\t\t\t\t\t\t\t\t<\/div>\n\t\t\t\t<\/div>\n\t\t\t\t\t<\/div>\n\t\t\t\t<\/div>\n\t\t\t\t<\/div>\n\t\t","protected":false},"excerpt":{"rendered":"<p>Conozca las instituciones que son objeto de control de fiscalizaci\u00f3n por este sector operativo: Secretar\u00eda de Desarrollo Social (Sedesol) Secretar\u00eda de Trabajo y Seguridad Social (Setrass) \u00a0Secretar\u00eda de Salud (Sesal) Secretar\u00eda de Educaci\u00f3n Secretar\u00eda de Gesti\u00f3n de Riesgos y Contingencias Nacionales (Copeco) Secretar\u00eda de Desarrollo Comunitario, Agua y Saneamiento (Sedecoas) Secretar\u00eda para el Desarrollo y [&hellip;]<\/p>\n","protected":false},"author":1,"featured_media":0,"parent":2813,"menu_order":0,"comment_status":"closed","ping_status":"closed","template":"elementor_header_footer","meta":{"_uag_custom_page_level_css":"","_monsterinsights_skip_tracking":false,"_monsterinsights_sitenote_active":false,"_monsterinsights_sitenote_note":"","_monsterinsights_sitenote_category":0,"_uf_show_specific_survey":0,"_uf_disable_surveys":false,"footnotes":""},"class_list":["post-5859","page","type-page","status-publish","hentry"],"aioseo_notices":[],"uagb_featured_image_src":{"full":false,"thumbnail":false,"medium":false,"medium_large":false,"large":false,"1536x1536":false,"2048x2048":false,"govity_blog_370X304":false,"govity_blog_200X283":false,"govity_blog_770X428":false,"govity_brand_logo_202X102":false,"govity_brand_woo_270X308":false,"govity_brand_70X70":false},"uagb_author_info":{"display_name":"tsc_super_user","author_link":"https:\/\/www.tsc.gob.hn\/index.php\/author\/tsc_super_user\/"},"uagb_comment_info":0,"uagb_excerpt":"Conozca las instituciones que son objeto de control de fiscalizaci\u00f3n por este sector operativo: Secretar\u00eda de Desarrollo Social (Sedesol) Secretar\u00eda de Trabajo y Seguridad Social (Setrass) \u00a0Secretar\u00eda de Salud (Sesal) Secretar\u00eda de Educaci\u00f3n Secretar\u00eda de Gesti\u00f3n de Riesgos y Contingencias Nacionales (Copeco) Secretar\u00eda de Desarrollo Comunitario, Agua y Saneamiento (Sedecoas) Secretar\u00eda para el Desarrollo y&hellip;","_links":{"self":[{"href":"https:\/\/www.tsc.gob.hn\/index.php\/wp-json\/wp\/v2\/pages\/5859","targetHints":{"allow":["GET"]}}],"collection":[{"href":"https:\/\/www.tsc.gob.hn\/index.php\/wp-json\/wp\/v2\/pages"}],"about":[{"href":"https:\/\/www.tsc.gob.hn\/index.php\/wp-json\/wp\/v2\/types\/page"}],"author":[{"embeddable":true,"href":"https:\/\/www.tsc.gob.hn\/index.php\/wp-json\/wp\/v2\/users\/1"}],"replies":[{"embeddable":true,"href":"https:\/\/www.tsc.gob.hn\/index.php\/wp-json\/wp\/v2\/comments?post=5859"}],"version-history":[{"count":39,"href":"https:\/\/www.tsc.gob.hn\/index.php\/wp-json\/wp\/v2\/pages\/5859\/revisions"}],"predecessor-version":[{"id":35923,"href":"https:\/\/www.tsc.gob.hn\/index.php\/wp-json\/wp\/v2\/pages\/5859\/revisions\/35923"}],"up":[{"embeddable":true,"href":"https:\/\/www.tsc.gob.hn\/index.php\/wp-json\/wp\/v2\/pages\/2813"}],"wp:attachment":[{"href":"https:\/\/www.tsc.gob.hn\/index.php\/wp-json\/wp\/v2\/media?parent=5859"}],"curies":[{"name":"wp","href":"https:\/\/api.w.org\/{rel}","templated":true}]}}