{"id":5848,"date":"2023-09-08T15:49:24","date_gmt":"2023-09-08T15:49:24","guid":{"rendered":"http:\/\/ec2-100-20-206-212.us-west-2.compute.amazonaws.com\/?page_id=5848"},"modified":"2024-06-18T13:37:53","modified_gmt":"2024-06-18T19:37:53","slug":"informes-de-gobernabilidad-seguridad-y-defensa","status":"publish","type":"page","link":"https:\/\/www.tsc.gob.hn\/index.php\/informes-de-auditoria\/informes-de-auditorias-de-gobierno-central-instituciones-descentralizadas-y-desconcentradas-autonomas-y-semi-autonomas\/informes-de-gobernabilidad-seguridad-y-defensa\/","title":{"rendered":"Gobernabilidad, Seguridad y Defensa"},"content":{"rendered":"\t\t<div data-elementor-type=\"wp-page\" data-elementor-id=\"5848\" class=\"elementor elementor-5848\">\n\t\t\t\t<div class=\"elementor-element elementor-element-3e869bf e-flex e-con-boxed e-con e-parent\" data-id=\"3e869bf\" data-element_type=\"container\" data-e-type=\"container\">\n\t\t\t\t\t<div class=\"e-con-inner\">\n\t\t\t\t<div class=\"elementor-element elementor-element-22c1c01 elementor-widget elementor-widget-text-editor\" data-id=\"22c1c01\" data-element_type=\"widget\" data-e-type=\"widget\" data-widget_type=\"text-editor.default\">\n\t\t\t\t<div class=\"elementor-widget-container\">\n\t\t\t\t\t\t\t\t\t<p><span style=\"font-weight: 400;\">Conozca las instituciones que son objeto de control de fiscalizaci\u00f3n por este sector operativo:<\/span><\/p>\t\t\t\t\t\t\t\t<\/div>\n\t\t\t\t<\/div>\n\t\t\t\t\t<\/div>\n\t\t\t\t<\/div>\n\t\t<div class=\"elementor-element elementor-element-fbd2461 e-flex e-con-boxed e-con e-parent\" data-id=\"fbd2461\" data-element_type=\"container\" data-e-type=\"container\">\n\t\t\t\t\t<div class=\"e-con-inner\">\n\t\t<div class=\"elementor-element elementor-element-0e88625 e-con-full e-flex e-con e-child\" data-id=\"0e88625\" data-element_type=\"container\" data-e-type=\"container\">\n\t\t\t\t<div class=\"elementor-element elementor-element-cdd5325 elementor-widget elementor-widget-text-editor\" data-id=\"cdd5325\" data-element_type=\"widget\" data-e-type=\"widget\" data-widget_type=\"text-editor.default\">\n\t\t\t\t<div class=\"elementor-widget-container\">\n\t\t\t\t\t\t\t\t\t<ol><li style=\"font-weight: 400;\" aria-level=\"1\"><span style=\"font-weight: 400;\">Congreso Nacional (CN)<\/span><\/li><li style=\"font-weight: 400;\" aria-level=\"1\"><span style=\"font-weight: 400;\">Presidencia de la Rep\u00fablica<\/span><\/li><li style=\"font-weight: 400;\" aria-level=\"1\"><span style=\"font-weight: 400;\">Corte Suprema de Justicia (CSJ)<\/span><\/li><li style=\"font-weight: 400;\" aria-level=\"1\"><span style=\"font-weight: 400;\">Secretar\u00eda Defensa Nacional (Sedena)<\/span><\/li><li style=\"font-weight: 400;\" aria-level=\"1\"><span style=\"font-weight: 400;\">\u00a0Secretar\u00eda de Seguridad<\/span><\/li><li style=\"font-weight: 400;\" aria-level=\"1\"><span style=\"font-weight: 400;\">\u00a0\u00a0Ministerio P\u00fablico (MP)\u00a0<\/span><\/li><li style=\"font-weight: 400;\" aria-level=\"1\"><span style=\"font-weight: 400;\">\u00a0Empresa Nacional de Artes Gr\u00e1ficas (Enag)<\/span><\/li><li style=\"font-weight: 400;\" aria-level=\"1\"><span style=\"font-weight: 400;\">Secretar\u00eda de Gobernaci\u00f3n, Justicia y Descentralizaci\u00f3n (SGJD)<\/span><\/li><li style=\"font-weight: 400;\" aria-level=\"1\"><span style=\"font-weight: 400;\">Secretar\u00eda de la Presidencia<\/span><\/li><li style=\"font-weight: 400;\" aria-level=\"1\"><span style=\"font-weight: 400;\">Secretar\u00eda de Finanzas (Sefin)<\/span><\/li><li style=\"font-weight: 400;\" aria-level=\"1\"><span style=\"font-weight: 400;\">Secretar\u00eda de Relaciones Exteriores y Cooperaci\u00f3n Internacional<\/span><\/li><li style=\"font-weight: 400;\" aria-level=\"1\"><span style=\"font-weight: 400;\">\u00a0Comisionado Nacional de los Derechos Humanos (Conadeh)<\/span><\/li><li style=\"font-weight: 400;\" aria-level=\"1\"><span style=\"font-weight: 400;\">\u00a0\u00a0Procuradur\u00eda General de la Rep\u00fablica (PGR)<\/span><\/li><li style=\"font-weight: 400;\" aria-level=\"1\"><span style=\"font-weight: 400;\">\u00a0Registro Nacional de las Personas (RNP)<\/span><\/li><\/ol>\t\t\t\t\t\t\t\t<\/div>\n\t\t\t\t<\/div>\n\t\t\t\t<\/div>\n\t\t<div class=\"elementor-element elementor-element-22dd9da e-con-full e-flex e-con e-child\" data-id=\"22dd9da\" data-element_type=\"container\" data-e-type=\"container\">\n\t\t\t\t<div class=\"elementor-element elementor-element-9faf637 elementor-widget elementor-widget-text-editor\" data-id=\"9faf637\" data-element_type=\"widget\" data-e-type=\"widget\" data-widget_type=\"text-editor.default\">\n\t\t\t\t<div class=\"elementor-widget-container\">\n\t\t\t\t\t\t\t\t\t<p><span style=\"font-weight: 400;\">15. Consejo Nacional Electoral (CNE)<\/span><\/p><p><span style=\"font-weight: 400;\">16. Tribunal de Justicia Electoral (TJE)<\/span><\/p><p><span style=\"font-weight: 400;\">17. Cuerpo de Bomberos de Honduras (CBH)<\/span><\/p><p><span style=\"font-weight: 400;\">18. Instituto de la Propiedad (IP)<\/span><\/p><p><span style=\"font-weight: 400;\">19. Instituto Nacional de la Juventud (Injuven)<\/span><\/p><p><span style=\"font-weight: 400;\">20. Consejo Nacional Anticorrupci\u00f3n (CNA)<\/span><\/p><p><span style=\"font-weight: 400;\">21. Secretar\u00eda de Derechos Humanos (SDH)<\/span><\/p><p><span style=\"font-weight: 400;\">22. Secretar\u00eda de Transparencia y Lucha contra la Corrupci\u00f3n (STLCC)<\/span><\/p><p><span style=\"font-weight: 400;\">23. Instituto de Acceso a la Informaci\u00f3n P\u00fablica (IAIP)<\/span><\/p><p><span style=\"font-weight: 400;\">24. Direcci\u00f3n de Asuntos Disciplinarios Policiales (Didadpol)<\/span><\/p><p><span style=\"font-weight: 400;\">25. Agencia Hondure\u00f1a de Aeron\u00e1utica Civil (AHAC)<\/span><\/p><p><span style=\"font-weight: 400;\">26. Secretar\u00eda de Planificaci\u00f3n Estrat\u00e9gica (SPE)<\/span><\/p><p><span style=\"font-weight: 400;\">27. Direcci\u00f3n de Gesti\u00f3n por Resultados (Diger)<\/span><\/p><p><span style=\"font-weight: 400;\">28. Unidad Especial de Protecci\u00f3n<\/span><\/p>\t\t\t\t\t\t\t\t<\/div>\n\t\t\t\t<\/div>\n\t\t\t\t<\/div>\n\t\t\t\t\t<\/div>\n\t\t\t\t<\/div>\n\t\t<div class=\"elementor-element elementor-element-96f4990 e-flex e-con-boxed e-con e-parent\" data-id=\"96f4990\" data-element_type=\"container\" data-e-type=\"container\">\n\t\t\t\t\t<div class=\"e-con-inner\">\n\t\t<div class=\"elementor-element elementor-element-9e0cb93 e-flex e-con-boxed e-con e-child\" data-id=\"9e0cb93\" data-element_type=\"container\" data-e-type=\"container\">\n\t\t\t\t\t<div class=\"e-con-inner\">\n\t\t\t\t<div class=\"elementor-element elementor-element-e48e84e elementor-widget elementor-widget-text-editor\" data-id=\"e48e84e\" data-element_type=\"widget\" data-e-type=\"widget\" data-widget_type=\"text-editor.default\">\n\t\t\t\t<div class=\"elementor-widget-container\">\n\t\t\t\t\t\t\t\t\t<p><table id=\"dlp_36732c68bb0697c1_1\" class=\"posts-data-table\" width=\"100%\" data-config=\"{&quot;pageLength&quot;:10,&quot;pagingType&quot;:&quot;simple_numbers&quot;,&quot;serverSide&quot;:true,&quot;autoWidth&quot;:true,&quot;clickFilter&quot;:&quot;&quot;,&quot;stickyHeader&quot;:false,&quot;scrollOffset&quot;:15,&quot;resetButton&quot;:true,&quot;numOrder&quot;:false,&quot;lengthMenu&quot;:[10,25,50,100],&quot;columnDefs&quot;:[{&quot;className&quot;:&quot;col-title&quot;,&quot;targets&quot;:0,&quot;type&quot;:&quot;html&quot;},{&quot;className&quot;:&quot;col-excerpt&quot;,&quot;targets&quot;:1,&quot;type&quot;:&quot;html&quot;},{&quot;className&quot;:&quot;col-file_size&quot;,&quot;targets&quot;:2,&quot;type&quot;:&quot;html&quot;},{&quot;className&quot;:&quot;col-link&quot;,&quot;targets&quot;:3,&quot;type&quot;:&quot;html&quot;}],&quot;responsive&quot;:{&quot;details&quot;:{&quot;display&quot;:&quot;child_row&quot;}},&quot;language&quot;:{&quot;info&quot;:&quot;_TOTAL_ documentos&quot;,&quot;infoEmpty&quot;:&quot;0 documentos&quot;,&quot;emptyTable&quot;:&quot;No hay documentos&quot;,&quot;zeroRecords&quot;:&quot;No hay coincidencias documentos&quot;,&quot;totalsSingle&quot;:&quot;documento&quot;,&quot;totalsPlural&quot;:&quot;documentos&quot;},&quot;dom&quot;:&quot;&lt;\\&quot;posts-table-wrapper govity\\&quot;&lt;\\&quot;posts-table-above posts-table-controls\\&quot;f&gt;t&lt;\\&quot;posts-table-below posts-table-controls\\&quot;lip&gt;&gt;&quot;,&quot;multiDownloadButton&quot;:true,&quot;multiDownloadPosition&quot;:&quot;above&quot;,&quot;multiDownloadText&quot;:&quot;Descargar Documentos Seleccionados&quot;}\" data-filters=\"false\" data-order=\"[]\"><thead><tr><th class=\"all\" data-name=\"title\" data-orderable=\"true\" data-searchable=\"true\" data-width=\"35%\" data-priority=\"1\" data-data=\"title\">Documento<\/th><th data-name=\"excerpt\" data-orderable=\"false\" data-searchable=\"true\" data-width=\"45%\" data-priority=\"4\" data-data=\"excerpt\"> Descripci\u00f3n<\/th><th data-name=\"file_size\" data-orderable=\"false\" data-searchable=\"true\" data-width=\"10%\" data-priority=\"12\" data-data=\"file_size\"> Tama\u00f1o<\/th><th data-name=\"link\" data-orderable=\"false\" data-searchable=\"false\" data-width=\"10%\" data-priority=\"10\" data-data=\"link\">Descarga<\/th><\/tr><\/thead><\/table>\t\t<div id=\"modal_dlp_36732c68bb0697c1_1\" class=\"dlp-preview-modal\" aria-hidden=\"true\">\n\t\t\t<div class=\"dlp-preview-modal-overlay\" tabindex=\"-1\" data-dlp-preview-close=\"#modal_dlp_36732c68bb0697c1_1\">\n\t\t\t\t<a class=\"dlp-preview-modal-close\" data-dlp-preview-close=\"#modal_dlp_36732c68bb0697c1_1\">\n\t\t\t\t\t<div class=\"dlp-icon close\"><svg xmlns=\"http:\/\/www.w3.org\/2000\/svg\" viewBox=\"0 0 24 24\" aria-label=\"Close\"><path fill=\"currentColor\" d=\"M19 6.41L17.59 5 12 10.59 6.41 5 5 6.41 10.59 12 5 17.59 6.41 19 12 13.41 17.59 19 19 17.59 13.41 12z\" \/><path d=\"M0 0h24v24H0z\" fill=\"none\" \/><\/svg><\/div>\t\t\t\t<\/a>\n\n\t\t\t\t<div class=\"dlp-preview-modal-container\" role=\"dialog\" aria-modal=\"true\" aria-labelledby=\"dlp-preview-modal-title\">\n\t\t\t\t\t<main class=\"dlp-preview-modal-content\"><\/main>\n\t\t\t\t\t<footer class=\"dlp-preview-modal-footer\"><\/footer>\n\t\t\t\t<\/div>\n\t\t\t<\/div>\n\t\t<\/div>\n\t\t<\/p>\t\t\t\t\t\t\t\t<\/div>\n\t\t\t\t<\/div>\n\t\t\t\t\t<\/div>\n\t\t\t\t<\/div>\n\t\t\t\t\t<\/div>\n\t\t\t\t<\/div>\n\t\t\t\t<\/div>\n\t\t","protected":false},"excerpt":{"rendered":"<p>Conozca las instituciones que son objeto de control de fiscalizaci\u00f3n por este sector operativo: Congreso Nacional (CN) Presidencia de la Rep\u00fablica Corte Suprema de Justicia (CSJ) Secretar\u00eda Defensa Nacional (Sedena) \u00a0Secretar\u00eda de Seguridad \u00a0\u00a0Ministerio P\u00fablico (MP)\u00a0 \u00a0Empresa Nacional de Artes Gr\u00e1ficas (Enag) Secretar\u00eda de Gobernaci\u00f3n, Justicia y Descentralizaci\u00f3n (SGJD) Secretar\u00eda de la Presidencia Secretar\u00eda de [&hellip;]<\/p>\n","protected":false},"author":1,"featured_media":0,"parent":2813,"menu_order":0,"comment_status":"closed","ping_status":"closed","template":"elementor_header_footer","meta":{"_uag_custom_page_level_css":"","_monsterinsights_skip_tracking":false,"_monsterinsights_sitenote_active":false,"_monsterinsights_sitenote_note":"","_monsterinsights_sitenote_category":0,"_uf_show_specific_survey":0,"_uf_disable_surveys":false,"footnotes":""},"class_list":["post-5848","page","type-page","status-publish","hentry"],"aioseo_notices":[],"uagb_featured_image_src":{"full":false,"thumbnail":false,"medium":false,"medium_large":false,"large":false,"1536x1536":false,"2048x2048":false,"govity_blog_370X304":false,"govity_blog_200X283":false,"govity_blog_770X428":false,"govity_brand_logo_202X102":false,"govity_brand_woo_270X308":false,"govity_brand_70X70":false},"uagb_author_info":{"display_name":"tsc_super_user","author_link":"https:\/\/www.tsc.gob.hn\/index.php\/author\/tsc_super_user\/"},"uagb_comment_info":0,"uagb_excerpt":"Conozca las instituciones que son objeto de control de fiscalizaci\u00f3n por este sector operativo: Congreso Nacional (CN) Presidencia de la Rep\u00fablica Corte Suprema de Justicia (CSJ) Secretar\u00eda Defensa Nacional (Sedena) \u00a0Secretar\u00eda de Seguridad \u00a0\u00a0Ministerio P\u00fablico (MP)\u00a0 \u00a0Empresa Nacional de Artes Gr\u00e1ficas (Enag) Secretar\u00eda de Gobernaci\u00f3n, Justicia y Descentralizaci\u00f3n (SGJD) Secretar\u00eda de la Presidencia Secretar\u00eda de&hellip;","_links":{"self":[{"href":"https:\/\/www.tsc.gob.hn\/index.php\/wp-json\/wp\/v2\/pages\/5848","targetHints":{"allow":["GET"]}}],"collection":[{"href":"https:\/\/www.tsc.gob.hn\/index.php\/wp-json\/wp\/v2\/pages"}],"about":[{"href":"https:\/\/www.tsc.gob.hn\/index.php\/wp-json\/wp\/v2\/types\/page"}],"author":[{"embeddable":true,"href":"https:\/\/www.tsc.gob.hn\/index.php\/wp-json\/wp\/v2\/users\/1"}],"replies":[{"embeddable":true,"href":"https:\/\/www.tsc.gob.hn\/index.php\/wp-json\/wp\/v2\/comments?post=5848"}],"version-history":[{"count":29,"href":"https:\/\/www.tsc.gob.hn\/index.php\/wp-json\/wp\/v2\/pages\/5848\/revisions"}],"predecessor-version":[{"id":35281,"href":"https:\/\/www.tsc.gob.hn\/index.php\/wp-json\/wp\/v2\/pages\/5848\/revisions\/35281"}],"up":[{"embeddable":true,"href":"https:\/\/www.tsc.gob.hn\/index.php\/wp-json\/wp\/v2\/pages\/2813"}],"wp:attachment":[{"href":"https:\/\/www.tsc.gob.hn\/index.php\/wp-json\/wp\/v2\/media?parent=5848"}],"curies":[{"name":"wp","href":"https:\/\/api.w.org\/{rel}","templated":true}]}}