{"id":5826,"date":"2023-09-08T15:35:11","date_gmt":"2023-09-08T15:35:11","guid":{"rendered":"http:\/\/ec2-100-20-206-212.us-west-2.compute.amazonaws.com\/?page_id=5826"},"modified":"2024-06-18T13:59:57","modified_gmt":"2024-06-18T19:59:57","slug":"informes-de-fiscalizacion-etica","status":"publish","type":"page","link":"https:\/\/www.tsc.gob.hn\/index.php\/informes-de-auditoria\/informes-de-fiscalizacion-etica\/","title":{"rendered":"Informes de Fiscalizaci\u00f3n \u00c9tica"},"content":{"rendered":"\t\t<div data-elementor-type=\"wp-page\" data-elementor-id=\"5826\" class=\"elementor elementor-5826\">\n\t\t\t\t<div class=\"elementor-element elementor-element-55957d4 e-flex e-con-boxed e-con e-parent\" data-id=\"55957d4\" data-element_type=\"container\" data-e-type=\"container\">\n\t\t\t\t\t<div class=\"e-con-inner\">\n\t\t\t\t<div class=\"elementor-element elementor-element-d152be0 elementor-widget elementor-widget-text-editor\" data-id=\"d152be0\" data-element_type=\"widget\" data-e-type=\"widget\" data-widget_type=\"text-editor.default\">\n\t\t\t\t<div class=\"elementor-widget-container\">\n\t\t\t\t\t\t\t\t\t<p><span style=\"font-weight: 400;\">En esta secci\u00f3n el Tribunal Superior de Cuentas (TSC) publica los Informes de Fiscalizaci\u00f3n en materia de \u00e9tica con la finalidad de velar el cumplimiento de normas de conducta al interior de las instituciones del sector p\u00fablico.\u00a0<\/span><\/p>\t\t\t\t\t\t\t\t<\/div>\n\t\t\t\t<\/div>\n\t\t\t\t<div class=\"elementor-element elementor-element-b6b9b3c elementor-widget elementor-widget-text-editor\" data-id=\"b6b9b3c\" data-element_type=\"widget\" data-e-type=\"widget\" data-widget_type=\"text-editor.default\">\n\t\t\t\t<div class=\"elementor-widget-container\">\n\t\t\t\t\t\t\t\t\t<p><table id=\"dlp_59d1ad641f290805_1\" class=\"posts-data-table\" width=\"100%\" data-config=\"{&quot;pageLength&quot;:10,&quot;pagingType&quot;:&quot;simple_numbers&quot;,&quot;serverSide&quot;:true,&quot;autoWidth&quot;:true,&quot;clickFilter&quot;:&quot;&quot;,&quot;stickyHeader&quot;:false,&quot;scrollOffset&quot;:15,&quot;resetButton&quot;:true,&quot;numOrder&quot;:false,&quot;lengthMenu&quot;:[10,25,50,100],&quot;columnDefs&quot;:[{&quot;className&quot;:&quot;col-title&quot;,&quot;targets&quot;:0,&quot;type&quot;:&quot;html&quot;},{&quot;className&quot;:&quot;col-excerpt&quot;,&quot;targets&quot;:1,&quot;type&quot;:&quot;html&quot;},{&quot;className&quot;:&quot;col-file_size&quot;,&quot;targets&quot;:2,&quot;type&quot;:&quot;html&quot;},{&quot;className&quot;:&quot;col-link&quot;,&quot;targets&quot;:3,&quot;type&quot;:&quot;html&quot;}],&quot;responsive&quot;:{&quot;details&quot;:{&quot;display&quot;:&quot;child_row&quot;}},&quot;language&quot;:{&quot;info&quot;:&quot;_TOTAL_ documentos&quot;,&quot;infoEmpty&quot;:&quot;0 documentos&quot;,&quot;emptyTable&quot;:&quot;No hay documentos&quot;,&quot;zeroRecords&quot;:&quot;No hay coincidencias documentos&quot;,&quot;totalsSingle&quot;:&quot;documento&quot;,&quot;totalsPlural&quot;:&quot;documentos&quot;},&quot;dom&quot;:&quot;&lt;\\&quot;posts-table-wrapper govity\\&quot;&lt;\\&quot;posts-table-above posts-table-controls\\&quot;f&gt;t&lt;\\&quot;posts-table-below posts-table-controls\\&quot;lip&gt;&gt;&quot;,&quot;multiDownloadButton&quot;:true,&quot;multiDownloadPosition&quot;:&quot;above&quot;,&quot;multiDownloadText&quot;:&quot;Descargar Documentos Seleccionados&quot;}\" data-filters=\"false\" data-order=\"[]\"><thead><tr><th class=\"all\" data-name=\"title\" data-orderable=\"true\" data-searchable=\"true\" data-width=\"35%\" data-priority=\"1\" data-data=\"title\">Documento<\/th><th data-name=\"excerpt\" data-orderable=\"false\" data-searchable=\"true\" data-width=\"45%\" data-priority=\"4\" data-data=\"excerpt\"> Descripci\u00f3n<\/th><th data-name=\"file_size\" data-orderable=\"false\" data-searchable=\"true\" data-width=\"10%\" data-priority=\"12\" data-data=\"file_size\"> Tama\u00f1o<\/th><th data-name=\"link\" data-orderable=\"false\" data-searchable=\"false\" data-width=\"10%\" data-priority=\"10\" data-data=\"link\">Descarga<\/th><\/tr><\/thead><\/table>\t\t<div id=\"modal_dlp_59d1ad641f290805_1\" class=\"dlp-preview-modal\" aria-hidden=\"true\">\n\t\t\t<div class=\"dlp-preview-modal-overlay\" tabindex=\"-1\" data-dlp-preview-close=\"#modal_dlp_59d1ad641f290805_1\">\n\t\t\t\t<a class=\"dlp-preview-modal-close\" data-dlp-preview-close=\"#modal_dlp_59d1ad641f290805_1\">\n\t\t\t\t\t<div class=\"dlp-icon close\"><svg xmlns=\"http:\/\/www.w3.org\/2000\/svg\" viewBox=\"0 0 24 24\" aria-label=\"Close\"><path fill=\"currentColor\" d=\"M19 6.41L17.59 5 12 10.59 6.41 5 5 6.41 10.59 12 5 17.59 6.41 19 12 13.41 17.59 19 19 17.59 13.41 12z\" \/><path d=\"M0 0h24v24H0z\" fill=\"none\" \/><\/svg><\/div>\t\t\t\t<\/a>\n\n\t\t\t\t<div class=\"dlp-preview-modal-container\" role=\"dialog\" aria-modal=\"true\" aria-labelledby=\"dlp-preview-modal-title\">\n\t\t\t\t\t<main class=\"dlp-preview-modal-content\"><\/main>\n\t\t\t\t\t<footer class=\"dlp-preview-modal-footer\"><\/footer>\n\t\t\t\t<\/div>\n\t\t\t<\/div>\n\t\t<\/div>\n\t\t<\/p>\t\t\t\t\t\t\t\t<\/div>\n\t\t\t\t<\/div>\n\t\t\t\t\t<\/div>\n\t\t\t\t<\/div>\n\t\t\t\t<\/div>\n\t\t","protected":false},"excerpt":{"rendered":"<p>En esta secci\u00f3n el Tribunal Superior de Cuentas (TSC) publica los Informes de Fiscalizaci\u00f3n en materia de \u00e9tica con la finalidad de velar el cumplimiento de normas de conducta al interior de las instituciones del sector p\u00fablico.\u00a0<\/p>\n","protected":false},"author":1,"featured_media":0,"parent":2784,"menu_order":0,"comment_status":"closed","ping_status":"closed","template":"elementor_header_footer","meta":{"_uag_custom_page_level_css":"","_monsterinsights_skip_tracking":false,"_monsterinsights_sitenote_active":false,"_monsterinsights_sitenote_note":"","_monsterinsights_sitenote_category":0,"_uf_show_specific_survey":0,"_uf_disable_surveys":false,"footnotes":""},"class_list":["post-5826","page","type-page","status-publish","hentry"],"aioseo_notices":[],"uagb_featured_image_src":{"full":false,"thumbnail":false,"medium":false,"medium_large":false,"large":false,"1536x1536":false,"2048x2048":false,"govity_blog_370X304":false,"govity_blog_200X283":false,"govity_blog_770X428":false,"govity_brand_logo_202X102":false,"govity_brand_woo_270X308":false,"govity_brand_70X70":false},"uagb_author_info":{"display_name":"tsc_super_user","author_link":"https:\/\/www.tsc.gob.hn\/index.php\/author\/tsc_super_user\/"},"uagb_comment_info":0,"uagb_excerpt":"En esta secci\u00f3n el Tribunal Superior de Cuentas (TSC) publica los Informes de Fiscalizaci\u00f3n en materia de \u00e9tica con la finalidad de velar el cumplimiento de normas de conducta al interior de las instituciones del sector p\u00fablico.\u00a0","_links":{"self":[{"href":"https:\/\/www.tsc.gob.hn\/index.php\/wp-json\/wp\/v2\/pages\/5826","targetHints":{"allow":["GET"]}}],"collection":[{"href":"https:\/\/www.tsc.gob.hn\/index.php\/wp-json\/wp\/v2\/pages"}],"about":[{"href":"https:\/\/www.tsc.gob.hn\/index.php\/wp-json\/wp\/v2\/types\/page"}],"author":[{"embeddable":true,"href":"https:\/\/www.tsc.gob.hn\/index.php\/wp-json\/wp\/v2\/users\/1"}],"replies":[{"embeddable":true,"href":"https:\/\/www.tsc.gob.hn\/index.php\/wp-json\/wp\/v2\/comments?post=5826"}],"version-history":[{"count":39,"href":"https:\/\/www.tsc.gob.hn\/index.php\/wp-json\/wp\/v2\/pages\/5826\/revisions"}],"predecessor-version":[{"id":35339,"href":"https:\/\/www.tsc.gob.hn\/index.php\/wp-json\/wp\/v2\/pages\/5826\/revisions\/35339"}],"up":[{"embeddable":true,"href":"https:\/\/www.tsc.gob.hn\/index.php\/wp-json\/wp\/v2\/pages\/2784"}],"wp:attachment":[{"href":"https:\/\/www.tsc.gob.hn\/index.php\/wp-json\/wp\/v2\/media?parent=5826"}],"curies":[{"name":"wp","href":"https:\/\/api.w.org\/{rel}","templated":true}]}}