{"id":5764,"date":"2023-09-07T22:59:59","date_gmt":"2023-09-07T22:59:59","guid":{"rendered":"http:\/\/ec2-100-20-206-212.us-west-2.compute.amazonaws.com\/?page_id=5764"},"modified":"2024-06-18T14:17:23","modified_gmt":"2024-06-18T20:17:23","slug":"mapa-de-informes-de-auditorias-municipales","status":"publish","type":"page","link":"https:\/\/www.tsc.gob.hn\/index.php\/informes-de-auditoria\/mapa-de-informes-de-auditorias-municipales\/","title":{"rendered":"Informes de Auditor\u00edas Municipales"},"content":{"rendered":"\t\t<div data-elementor-type=\"wp-page\" data-elementor-id=\"5764\" class=\"elementor elementor-5764\">\n\t\t\t\t<div class=\"elementor-element elementor-element-b4c73cf e-flex e-con-boxed e-con e-parent\" data-id=\"b4c73cf\" data-element_type=\"container\" data-e-type=\"container\">\n\t\t\t\t\t<div class=\"e-con-inner\">\n\t\t\t\t<div class=\"elementor-element elementor-element-0e00b84 elementor-widget elementor-widget-text-editor\" data-id=\"0e00b84\" data-element_type=\"widget\" data-e-type=\"widget\" data-widget_type=\"text-editor.default\">\n\t\t\t\t<div class=\"elementor-widget-container\">\n\t\t\t\t\t\t\t\t\t<p style=\"text-align: justify;\"><span style=\"font-weight: 400;\">El Tribunal Superior de Cuentas (TSC) pone a disposici\u00f3n de la ciudadan\u00eda los Informes de las auditor\u00edas efectuadas a las 298 Municipalidades, Mancomunidades y Empresas Municipales.<\/span><\/p><p style=\"text-align: justify;\">\u00a0<\/p><p style=\"text-align: justify;\"><span style=\"font-weight: 400;\">\u00a0<\/span><\/p>\t\t\t\t\t\t\t\t<\/div>\n\t\t\t\t<\/div>\n\t\t\t\t\t<\/div>\n\t\t\t\t<\/div>\n\t\t<div class=\"elementor-element elementor-element-3fda029 e-flex e-con-boxed e-con e-parent\" data-id=\"3fda029\" data-element_type=\"container\" data-e-type=\"container\">\n\t\t\t\t\t<div class=\"e-con-inner\">\n\t\t\t\t<div class=\"elementor-element elementor-element-2c727e9 elementor-widget elementor-widget-html\" data-id=\"2c727e9\" data-element_type=\"widget\" data-e-type=\"widget\" data-widget_type=\"html.default\">\n\t\t\t\t<div class=\"elementor-widget-container\">\n\t\t\t\t\t<style>\n    .container-legend{\n        width: 100%;\n        display: flex;\n        justify-content: space-around;\n    }\n    .legnd-map-informes{\n        background-color: #f2f2f2;\n        padding: 1em 3em;\n        display: flex;\n        align-items: center;\n        border-radius: 0.5em;\n        justify-content: space-around;\n    }\n    .legnd-map-informes p{\n        display\n    }\n    .circle-legend{\n        width: 0.6em;\n        height: 0.6em;\n        background-color: #156ab3;\n        margin-right: 0.6em;\n    }\n<\/style>\n<div class=\"container-legend\">\n   <div class=\"legnd-map-informes\">\n    <div class=\"circle-legend\"><\/div>\n    <p>\n     Haga click en el mapa para ver los informes por departamento.\n    <\/p>\n    \n<\/div> \n<\/div>\n\t\t\t\t<\/div>\n\t\t\t\t<\/div>\n\t\t\t\t\t<\/div>\n\t\t\t\t<\/div>\n\t\t<div class=\"elementor-element elementor-element-8768c2d e-con-full mapa-municipalidades e-flex e-con e-parent\" data-id=\"8768c2d\" data-element_type=\"container\" data-e-type=\"container\" id=\"mapa-municipalidades\">\n\t\t\t\t<div class=\"elementor-element elementor-element-c10df56 elementor-widget elementor-widget-text-editor\" data-id=\"c10df56\" data-element_type=\"widget\" data-e-type=\"widget\" data-widget_type=\"text-editor.default\">\n\t\t\t\t<div class=\"elementor-widget-container\">\n\t\t\t\t\t\t\t\t\t<p><div class=\"map_wrapper\" id=\"map_wrapper_5763\">\n<div class=\"map_box\" style=\"max-width:900px\">\n<div class=\"map_aspect_ratio\" style=\"padding-top:56%\" data-padding-top=\"56%\" data-padding-top-mobile=\"80%\">\n<div class=\"map_container\">\n<div class=\"map_render map_loading\" id=\"map_5763\"><\/div>\n<\/div>\n<\/div>\n<\/div>\n<\/div><\/p>\t\t\t\t\t\t\t\t<\/div>\n\t\t\t\t<\/div>\n\t\t\t\t<\/div>\n\t\t<div class=\"elementor-element elementor-element-e260727 e-flex e-con-boxed e-con e-parent\" data-id=\"e260727\" data-element_type=\"container\" data-e-type=\"container\">\n\t\t\t\t\t<div class=\"e-con-inner\">\n\t\t\t\t<div class=\"elementor-element elementor-element-fcf4328 elementor-widget elementor-widget-shortcode\" data-id=\"fcf4328\" data-element_type=\"widget\" data-e-type=\"widget\" data-widget_type=\"shortcode.default\">\n\t\t\t\t<div class=\"elementor-widget-container\">\n\t\t\t\t\t\t\t<div class=\"elementor-shortcode\"><table id=\"dlp_7ed2f3e6f06dfa80_1\" class=\"posts-data-table\" width=\"100%\" data-config=\"{&quot;pageLength&quot;:10,&quot;pagingType&quot;:&quot;simple_numbers&quot;,&quot;serverSide&quot;:true,&quot;autoWidth&quot;:true,&quot;clickFilter&quot;:&quot;&quot;,&quot;stickyHeader&quot;:false,&quot;scrollOffset&quot;:15,&quot;resetButton&quot;:true,&quot;numOrder&quot;:false,&quot;lengthMenu&quot;:[10,25,50,100],&quot;columnDefs&quot;:[{&quot;className&quot;:&quot;col-title&quot;,&quot;targets&quot;:0,&quot;type&quot;:&quot;html&quot;},{&quot;className&quot;:&quot;col-file_size&quot;,&quot;targets&quot;:1,&quot;type&quot;:&quot;html&quot;},{&quot;className&quot;:&quot;col-link&quot;,&quot;targets&quot;:2,&quot;type&quot;:&quot;html&quot;}],&quot;responsive&quot;:{&quot;details&quot;:{&quot;display&quot;:&quot;child_row&quot;}},&quot;language&quot;:{&quot;info&quot;:&quot;_TOTAL_ documentos&quot;,&quot;infoEmpty&quot;:&quot;0 documentos&quot;,&quot;emptyTable&quot;:&quot;No hay documentos&quot;,&quot;zeroRecords&quot;:&quot;No hay coincidencias documentos&quot;,&quot;totalsSingle&quot;:&quot;documento&quot;,&quot;totalsPlural&quot;:&quot;documentos&quot;},&quot;dom&quot;:&quot;&lt;\\&quot;posts-table-wrapper govity\\&quot;&lt;\\&quot;posts-table-above posts-table-controls\\&quot;f&gt;t&lt;\\&quot;posts-table-below posts-table-controls\\&quot;lip&gt;&gt;&quot;,&quot;multiDownloadButton&quot;:true,&quot;multiDownloadPosition&quot;:&quot;above&quot;,&quot;multiDownloadText&quot;:&quot;Descargar Documentos Seleccionados&quot;}\" data-filters=\"false\" data-order=\"[]\"><thead><tr><th class=\"all\" data-name=\"title\" data-orderable=\"true\" data-searchable=\"true\" data-priority=\"1\" data-data=\"title\">Documento<\/th><th data-name=\"file_size\" data-orderable=\"false\" data-searchable=\"true\" data-priority=\"12\" data-data=\"file_size\"> Tama\u00f1o<\/th><th data-name=\"link\" data-orderable=\"false\" data-searchable=\"false\" data-priority=\"10\" data-data=\"link\">Descarga<\/th><\/tr><\/thead><\/table>\t\t<div id=\"modal_dlp_7ed2f3e6f06dfa80_1\" class=\"dlp-preview-modal\" aria-hidden=\"true\">\n\t\t\t<div class=\"dlp-preview-modal-overlay\" tabindex=\"-1\" data-dlp-preview-close=\"#modal_dlp_7ed2f3e6f06dfa80_1\">\n\t\t\t\t<a class=\"dlp-preview-modal-close\" data-dlp-preview-close=\"#modal_dlp_7ed2f3e6f06dfa80_1\">\n\t\t\t\t\t<div class=\"dlp-icon close\"><svg xmlns=\"http:\/\/www.w3.org\/2000\/svg\" viewBox=\"0 0 24 24\" aria-label=\"Close\"><path fill=\"currentColor\" d=\"M19 6.41L17.59 5 12 10.59 6.41 5 5 6.41 10.59 12 5 17.59 6.41 19 12 13.41 17.59 19 19 17.59 13.41 12z\" \/><path d=\"M0 0h24v24H0z\" fill=\"none\" \/><\/svg><\/div>\t\t\t\t<\/a>\n\n\t\t\t\t<div class=\"dlp-preview-modal-container\" role=\"dialog\" aria-modal=\"true\" aria-labelledby=\"dlp-preview-modal-title\">\n\t\t\t\t\t<main class=\"dlp-preview-modal-content\"><\/main>\n\t\t\t\t\t<footer class=\"dlp-preview-modal-footer\"><\/footer>\n\t\t\t\t<\/div>\n\t\t\t<\/div>\n\t\t<\/div>\n\t\t<\/div>\n\t\t\t\t\t\t<\/div>\n\t\t\t\t<\/div>\n\t\t\t\t\t<\/div>\n\t\t\t\t<\/div>\n\t\t\t\t<\/div>\n\t\t","protected":false},"excerpt":{"rendered":"<p>El Tribunal Superior de Cuentas (TSC) pone a disposici\u00f3n de la ciudadan\u00eda los Informes de las auditor\u00edas efectuadas a las 298 Municipalidades, Mancomunidades y Empresas Municipales. \u00a0 \u00a0 Haga click en el mapa para ver los informes por departamento.<\/p>\n","protected":false},"author":1,"featured_media":0,"parent":2784,"menu_order":0,"comment_status":"closed","ping_status":"closed","template":"elementor_header_footer","meta":{"_uag_custom_page_level_css":"","_monsterinsights_skip_tracking":false,"_monsterinsights_sitenote_active":false,"_monsterinsights_sitenote_note":"","_monsterinsights_sitenote_category":0,"_uf_show_specific_survey":0,"_uf_disable_surveys":false,"footnotes":""},"class_list":["post-5764","page","type-page","status-publish","hentry"],"aioseo_notices":[],"uagb_featured_image_src":{"full":false,"thumbnail":false,"medium":false,"medium_large":false,"large":false,"1536x1536":false,"2048x2048":false,"govity_blog_370X304":false,"govity_blog_200X283":false,"govity_blog_770X428":false,"govity_brand_logo_202X102":false,"govity_brand_woo_270X308":false,"govity_brand_70X70":false},"uagb_author_info":{"display_name":"tsc_super_user","author_link":"https:\/\/www.tsc.gob.hn\/index.php\/author\/tsc_super_user\/"},"uagb_comment_info":0,"uagb_excerpt":"El Tribunal Superior de Cuentas (TSC) pone a disposici\u00f3n de la ciudadan\u00eda los Informes de las auditor\u00edas efectuadas a las 298 Municipalidades, Mancomunidades y Empresas Municipales. \u00a0 \u00a0 Haga click en el mapa para ver los informes por departamento.","_links":{"self":[{"href":"https:\/\/www.tsc.gob.hn\/index.php\/wp-json\/wp\/v2\/pages\/5764","targetHints":{"allow":["GET"]}}],"collection":[{"href":"https:\/\/www.tsc.gob.hn\/index.php\/wp-json\/wp\/v2\/pages"}],"about":[{"href":"https:\/\/www.tsc.gob.hn\/index.php\/wp-json\/wp\/v2\/types\/page"}],"author":[{"embeddable":true,"href":"https:\/\/www.tsc.gob.hn\/index.php\/wp-json\/wp\/v2\/users\/1"}],"replies":[{"embeddable":true,"href":"https:\/\/www.tsc.gob.hn\/index.php\/wp-json\/wp\/v2\/comments?post=5764"}],"version-history":[{"count":75,"href":"https:\/\/www.tsc.gob.hn\/index.php\/wp-json\/wp\/v2\/pages\/5764\/revisions"}],"predecessor-version":[{"id":36240,"href":"https:\/\/www.tsc.gob.hn\/index.php\/wp-json\/wp\/v2\/pages\/5764\/revisions\/36240"}],"up":[{"embeddable":true,"href":"https:\/\/www.tsc.gob.hn\/index.php\/wp-json\/wp\/v2\/pages\/2784"}],"wp:attachment":[{"href":"https:\/\/www.tsc.gob.hn\/index.php\/wp-json\/wp\/v2\/media?parent=5764"}],"curies":[{"name":"wp","href":"https:\/\/api.w.org\/{rel}","templated":true}]}}