{"id":4354,"date":"2023-08-28T02:56:24","date_gmt":"2023-08-28T02:56:24","guid":{"rendered":"http:\/\/ec2-100-20-206-212.us-west-2.compute.amazonaws.com\/?page_id=4354"},"modified":"2024-06-18T13:36:21","modified_gmt":"2024-06-18T19:36:21","slug":"infraestructura-productiva-e-inversion","status":"publish","type":"page","link":"https:\/\/www.tsc.gob.hn\/index.php\/informes-de-auditoria\/informes-de-auditorias-de-gobierno-central-instituciones-descentralizadas-y-desconcentradas-autonomas-y-semi-autonomas\/infraestructura-productiva-e-inversion\/","title":{"rendered":"Infraestructura Productiva e Inversi\u00f3n"},"content":{"rendered":"\t\t<div data-elementor-type=\"wp-page\" data-elementor-id=\"4354\" class=\"elementor elementor-4354\">\n\t\t\t\t<div class=\"elementor-element elementor-element-1a187c5 e-flex e-con-boxed e-con e-parent\" data-id=\"1a187c5\" data-element_type=\"container\" data-e-type=\"container\">\n\t\t\t\t\t<div class=\"e-con-inner\">\n\t\t\t\t<div class=\"elementor-element elementor-element-d952fc5 elementor-widget elementor-widget-text-editor\" data-id=\"d952fc5\" data-element_type=\"widget\" data-e-type=\"widget\" data-widget_type=\"text-editor.default\">\n\t\t\t\t<div class=\"elementor-widget-container\">\n\t\t\t\t\t\t\t\t\t<p><span style=\"font-weight: 400;\">Conozca las instituciones que son objeto de control de fiscalizaci\u00f3n por este sector operativo:<\/span><\/p>\t\t\t\t\t\t\t\t<\/div>\n\t\t\t\t<\/div>\n\t\t\t\t\t<\/div>\n\t\t\t\t<\/div>\n\t\t<div class=\"elementor-element elementor-element-c2884b2 e-flex e-con-boxed e-con e-parent\" data-id=\"c2884b2\" data-element_type=\"container\" data-e-type=\"container\">\n\t\t\t\t\t<div class=\"e-con-inner\">\n\t\t<div class=\"elementor-element elementor-element-546f369 e-con-full e-flex e-con e-child\" data-id=\"546f369\" data-element_type=\"container\" data-e-type=\"container\">\n\t\t\t\t<div class=\"elementor-element elementor-element-c703ba7 elementor-widget elementor-widget-text-editor\" data-id=\"c703ba7\" data-element_type=\"widget\" data-e-type=\"widget\" data-widget_type=\"text-editor.default\">\n\t\t\t\t<div class=\"elementor-widget-container\">\n\t\t\t\t\t\t\t\t\t<ol><li style=\"font-weight: 400; text-align: justify;\" aria-level=\"1\"><span style=\"font-weight: 400;\">Comisi\u00f3n Nacional de Telecomunicaciones (Conatel)<\/span><\/li><li style=\"font-weight: 400; text-align: justify;\" aria-level=\"1\"><span style=\"font-weight: 400;\">Empresa Nacional Portuaria (ENP)<\/span><\/li><li style=\"font-weight: 400; text-align: justify;\" aria-level=\"1\"><span style=\"font-weight: 400;\">Ferrocarril Nacional de Honduras (FNH)<\/span><\/li><li style=\"font-weight: 400; text-align: justify;\" aria-level=\"1\"><span style=\"font-weight: 400;\">Fondo Hondure\u00f1o de Inversi\u00f3n Social (FHIS)<\/span><\/li><li style=\"font-weight: 400; text-align: justify;\" aria-level=\"1\"><span style=\"font-weight: 400;\">Comisi\u00f3n Nacional de Vivienda y Asentamientos Humanos (Convivienda)<\/span><\/li><li style=\"font-weight: 400; text-align: justify;\" aria-level=\"1\"><span style=\"font-weight: 400;\">Empresa Hondure\u00f1a de Telecomunicaciones (Hondutel)<\/span><\/li><li style=\"font-weight: 400; text-align: justify;\" aria-level=\"1\"><span style=\"font-weight: 400;\">Banco Hondure\u00f1o para la Producci\u00f3n y Vivienda (Banhprovi)<\/span><\/li><li style=\"font-weight: 400; text-align: justify;\" aria-level=\"1\"><span style=\"font-weight: 400;\">Instituto Hondure\u00f1o de Turismo (IHT)<\/span><\/li><li style=\"font-weight: 400; text-align: justify;\" aria-level=\"1\"><span style=\"font-weight: 400;\">Empresa de Correos de Honduras (Honducor)<\/span><\/li><li style=\"font-weight: 400; text-align: justify;\" aria-level=\"1\"><span style=\"font-weight: 400;\">Empresa Nacional de Energ\u00eda El\u00e9ctrica (ENEE)<\/span><\/li><\/ol>\t\t\t\t\t\t\t\t<\/div>\n\t\t\t\t<\/div>\n\t\t\t\t<\/div>\n\t\t<div class=\"elementor-element elementor-element-5f45319 e-con-full e-flex e-con e-child\" data-id=\"5f45319\" data-element_type=\"container\" data-e-type=\"container\">\n\t\t\t\t<div class=\"elementor-element elementor-element-d49b86e elementor-widget elementor-widget-text-editor\" data-id=\"d49b86e\" data-element_type=\"widget\" data-e-type=\"widget\" data-widget_type=\"text-editor.default\">\n\t\t\t\t<div class=\"elementor-widget-container\">\n\t\t\t\t\t\t\t\t\t<p style=\"text-align: justify;\"><span style=\"font-weight: 400;\">11. Secretar\u00eda de Energ\u00eda (Sen)<\/span><\/p><p style=\"text-align: justify;\"><span style=\"font-weight: 400;\">12. Secretar\u00eda de Agricultura y Ganader\u00eda (SAG)<\/span><\/p><p style=\"text-align: justify;\"><span style=\"font-weight: 400;\">13. Universidad Nacional de Agricultura (UNA)<\/span><\/p><p style=\"text-align: justify;\"><span style=\"font-weight: 400;\">14. Universidad Nacional de Ciencias Forestales (UNACIFOR)<\/span><\/p><p style=\"text-align: justify;\"><span style=\"font-weight: 400;\">15. Secretar\u00eda de Infraestructura y Transporte (SIT)<\/span><\/p><p style=\"text-align: justify;\"><span style=\"font-weight: 400;\">16. Secretar\u00eda de Turismo (Setur)<\/span><\/p><p style=\"text-align: justify;\"><span style=\"font-weight: 400;\">17. Comisi\u00f3n Administradora Zona Libre Tur\u00edstica Islas de la Bah\u00eda (Zolitur)<\/span><\/p><p style=\"text-align: justify;\"><span style=\"font-weight: 400;\">18. Instituto Hondure\u00f1o de Ciencia, Tecnolog\u00eda e Innovaci\u00f3n (Ihcieti)<\/span><\/p><p style=\"text-align: justify;\"><span style=\"font-weight: 400;\">19. Centro de Estudios y Desarrollo del Valle de Sula (antes Comisi\u00f3n Nacional Valle de Sula)<\/span><\/p>\t\t\t\t\t\t\t\t<\/div>\n\t\t\t\t<\/div>\n\t\t\t\t<\/div>\n\t\t\t\t\t<\/div>\n\t\t\t\t<\/div>\n\t\t<div class=\"elementor-element elementor-element-025720a e-flex e-con-boxed e-con e-parent\" data-id=\"025720a\" data-element_type=\"container\" data-e-type=\"container\">\n\t\t\t\t\t<div class=\"e-con-inner\">\n\t\t<div class=\"elementor-element elementor-element-4eaad23 e-flex e-con-boxed e-con e-child\" data-id=\"4eaad23\" data-element_type=\"container\" data-e-type=\"container\">\n\t\t\t\t\t<div class=\"e-con-inner\">\n\t\t\t\t<div class=\"elementor-element elementor-element-3c56d79 elementor-widget elementor-widget-text-editor\" data-id=\"3c56d79\" data-element_type=\"widget\" data-e-type=\"widget\" data-widget_type=\"text-editor.default\">\n\t\t\t\t<div class=\"elementor-widget-container\">\n\t\t\t\t\t\t\t\t\t<p><table id=\"dlp_db1437c69cd48049_1\" class=\"posts-data-table\" width=\"100%\" data-config=\"{&quot;pageLength&quot;:10,&quot;pagingType&quot;:&quot;simple_numbers&quot;,&quot;serverSide&quot;:true,&quot;autoWidth&quot;:true,&quot;clickFilter&quot;:&quot;&quot;,&quot;stickyHeader&quot;:false,&quot;scrollOffset&quot;:15,&quot;resetButton&quot;:true,&quot;numOrder&quot;:false,&quot;lengthMenu&quot;:[10,25,50,100],&quot;columnDefs&quot;:[{&quot;className&quot;:&quot;col-title&quot;,&quot;targets&quot;:0,&quot;type&quot;:&quot;html&quot;},{&quot;className&quot;:&quot;col-excerpt&quot;,&quot;targets&quot;:1,&quot;type&quot;:&quot;html&quot;},{&quot;className&quot;:&quot;col-file_size&quot;,&quot;targets&quot;:2,&quot;type&quot;:&quot;html&quot;},{&quot;className&quot;:&quot;col-link&quot;,&quot;targets&quot;:3,&quot;type&quot;:&quot;html&quot;}],&quot;responsive&quot;:{&quot;details&quot;:{&quot;display&quot;:&quot;child_row&quot;}},&quot;language&quot;:{&quot;info&quot;:&quot;_TOTAL_ documentos&quot;,&quot;infoEmpty&quot;:&quot;0 documentos&quot;,&quot;emptyTable&quot;:&quot;No hay documentos&quot;,&quot;zeroRecords&quot;:&quot;No hay coincidencias documentos&quot;,&quot;totalsSingle&quot;:&quot;documento&quot;,&quot;totalsPlural&quot;:&quot;documentos&quot;},&quot;dom&quot;:&quot;&lt;\\&quot;posts-table-wrapper govity\\&quot;&lt;\\&quot;posts-table-above posts-table-controls\\&quot;f&gt;t&lt;\\&quot;posts-table-below posts-table-controls\\&quot;lip&gt;&gt;&quot;,&quot;multiDownloadButton&quot;:true,&quot;multiDownloadPosition&quot;:&quot;above&quot;,&quot;multiDownloadText&quot;:&quot;Descargar Documentos Seleccionados&quot;}\" data-filters=\"false\" data-order=\"[]\"><thead><tr><th class=\"all\" data-name=\"title\" data-orderable=\"true\" data-searchable=\"true\" data-width=\"35%\" data-priority=\"1\" data-data=\"title\">Documento<\/th><th data-name=\"excerpt\" data-orderable=\"false\" data-searchable=\"true\" data-width=\"45%\" data-priority=\"4\" data-data=\"excerpt\"> Descripci\u00f3n<\/th><th data-name=\"file_size\" data-orderable=\"false\" data-searchable=\"true\" data-width=\"10%\" data-priority=\"12\" data-data=\"file_size\"> Tama\u00f1o<\/th><th data-name=\"link\" data-orderable=\"false\" data-searchable=\"false\" data-width=\"10%\" data-priority=\"10\" data-data=\"link\">Descarga<\/th><\/tr><\/thead><\/table>\t\t<div id=\"modal_dlp_db1437c69cd48049_1\" class=\"dlp-preview-modal\" aria-hidden=\"true\">\n\t\t\t<div class=\"dlp-preview-modal-overlay\" tabindex=\"-1\" data-dlp-preview-close=\"#modal_dlp_db1437c69cd48049_1\">\n\t\t\t\t<a class=\"dlp-preview-modal-close\" data-dlp-preview-close=\"#modal_dlp_db1437c69cd48049_1\">\n\t\t\t\t\t<div class=\"dlp-icon close\"><svg xmlns=\"http:\/\/www.w3.org\/2000\/svg\" viewBox=\"0 0 24 24\" aria-label=\"Close\"><path fill=\"currentColor\" d=\"M19 6.41L17.59 5 12 10.59 6.41 5 5 6.41 10.59 12 5 17.59 6.41 19 12 13.41 17.59 19 19 17.59 13.41 12z\" \/><path d=\"M0 0h24v24H0z\" fill=\"none\" \/><\/svg><\/div>\t\t\t\t<\/a>\n\n\t\t\t\t<div class=\"dlp-preview-modal-container\" role=\"dialog\" aria-modal=\"true\" aria-labelledby=\"dlp-preview-modal-title\">\n\t\t\t\t\t<main class=\"dlp-preview-modal-content\"><\/main>\n\t\t\t\t\t<footer class=\"dlp-preview-modal-footer\"><\/footer>\n\t\t\t\t<\/div>\n\t\t\t<\/div>\n\t\t<\/div>\n\t\t<\/p>\t\t\t\t\t\t\t\t<\/div>\n\t\t\t\t<\/div>\n\t\t\t\t\t<\/div>\n\t\t\t\t<\/div>\n\t\t\t\t\t<\/div>\n\t\t\t\t<\/div>\n\t\t\t\t<\/div>\n\t\t","protected":false},"excerpt":{"rendered":"<p>Conozca las instituciones que son objeto de control de fiscalizaci\u00f3n por este sector operativo: Comisi\u00f3n Nacional de Telecomunicaciones (Conatel) Empresa Nacional Portuaria (ENP) Ferrocarril Nacional de Honduras (FNH) Fondo Hondure\u00f1o de Inversi\u00f3n Social (FHIS) Comisi\u00f3n Nacional de Vivienda y Asentamientos Humanos (Convivienda) Empresa Hondure\u00f1a de Telecomunicaciones (Hondutel) Banco Hondure\u00f1o para la Producci\u00f3n y Vivienda (Banhprovi) [&hellip;]<\/p>\n","protected":false},"author":1,"featured_media":0,"parent":2813,"menu_order":0,"comment_status":"closed","ping_status":"closed","template":"elementor_header_footer","meta":{"_uag_custom_page_level_css":"","_monsterinsights_skip_tracking":false,"_monsterinsights_sitenote_active":false,"_monsterinsights_sitenote_note":"","_monsterinsights_sitenote_category":0,"_uf_show_specific_survey":0,"_uf_disable_surveys":false,"footnotes":""},"class_list":["post-4354","page","type-page","status-publish","hentry"],"aioseo_notices":[],"uagb_featured_image_src":{"full":false,"thumbnail":false,"medium":false,"medium_large":false,"large":false,"1536x1536":false,"2048x2048":false,"govity_blog_370X304":false,"govity_blog_200X283":false,"govity_blog_770X428":false,"govity_brand_logo_202X102":false,"govity_brand_woo_270X308":false,"govity_brand_70X70":false},"uagb_author_info":{"display_name":"tsc_super_user","author_link":"https:\/\/www.tsc.gob.hn\/index.php\/author\/tsc_super_user\/"},"uagb_comment_info":0,"uagb_excerpt":"Conozca las instituciones que son objeto de control de fiscalizaci\u00f3n por este sector operativo: Comisi\u00f3n Nacional de Telecomunicaciones (Conatel) Empresa Nacional Portuaria (ENP) Ferrocarril Nacional de Honduras (FNH) Fondo Hondure\u00f1o de Inversi\u00f3n Social (FHIS) Comisi\u00f3n Nacional de Vivienda y Asentamientos Humanos (Convivienda) Empresa Hondure\u00f1a de Telecomunicaciones (Hondutel) Banco Hondure\u00f1o para la Producci\u00f3n y Vivienda (Banhprovi)&hellip;","_links":{"self":[{"href":"https:\/\/www.tsc.gob.hn\/index.php\/wp-json\/wp\/v2\/pages\/4354","targetHints":{"allow":["GET"]}}],"collection":[{"href":"https:\/\/www.tsc.gob.hn\/index.php\/wp-json\/wp\/v2\/pages"}],"about":[{"href":"https:\/\/www.tsc.gob.hn\/index.php\/wp-json\/wp\/v2\/types\/page"}],"author":[{"embeddable":true,"href":"https:\/\/www.tsc.gob.hn\/index.php\/wp-json\/wp\/v2\/users\/1"}],"replies":[{"embeddable":true,"href":"https:\/\/www.tsc.gob.hn\/index.php\/wp-json\/wp\/v2\/comments?post=4354"}],"version-history":[{"count":36,"href":"https:\/\/www.tsc.gob.hn\/index.php\/wp-json\/wp\/v2\/pages\/4354\/revisions"}],"predecessor-version":[{"id":35278,"href":"https:\/\/www.tsc.gob.hn\/index.php\/wp-json\/wp\/v2\/pages\/4354\/revisions\/35278"}],"up":[{"embeddable":true,"href":"https:\/\/www.tsc.gob.hn\/index.php\/wp-json\/wp\/v2\/pages\/2813"}],"wp:attachment":[{"href":"https:\/\/www.tsc.gob.hn\/index.php\/wp-json\/wp\/v2\/media?parent=4354"}],"curies":[{"name":"wp","href":"https:\/\/api.w.org\/{rel}","templated":true}]}}