{"id":3399,"date":"2023-08-22T16:25:16","date_gmt":"2023-08-22T16:25:16","guid":{"rendered":"http:\/\/ec2-100-20-206-212.us-west-2.compute.amazonaws.com\/?page_id=3399"},"modified":"2024-04-15T15:05:00","modified_gmt":"2024-04-15T21:05:00","slug":"municipalidades","status":"publish","type":"page","link":"https:\/\/www.tsc.gob.hn\/index.php\/municipalidades\/","title":{"rendered":"Municipalidades"},"content":{"rendered":"\t\t<div data-elementor-type=\"wp-page\" data-elementor-id=\"3399\" class=\"elementor elementor-3399\">\n\t\t\t\t<div class=\"elementor-element elementor-element-dc03d85 e-con-full e-flex e-con e-parent\" data-id=\"dc03d85\" data-element_type=\"container\" data-e-type=\"container\">\n\t\t\t\t<div class=\"elementor-element elementor-element-548fe35 elementor-hidden-mobile elementor-widget elementor-widget-image\" data-id=\"548fe35\" data-element_type=\"widget\" data-e-type=\"widget\" data-widget_type=\"image.default\">\n\t\t\t\t<div class=\"elementor-widget-container\">\n\t\t\t\t\t\t\t\t\t\t\t\t\t\t\t<img fetchpriority=\"high\" decoding=\"async\" width=\"25001\" height=\"5449\" src=\"https:\/\/www.tsc.gob.hn\/wp-content\/uploads\/Sin-titulo-4_Mesa-de-trabajo-1-1-1.jpg\" class=\"attachment-full size-full wp-image-8220\" alt=\"banner-municipalidades\" \/>\t\t\t\t\t\t\t\t\t\t\t\t\t\t\t<\/div>\n\t\t\t\t<\/div>\n\t\t\t\t<\/div>\n\t\t<div class=\"elementor-element elementor-element-967edda e-con-full aviso-municipalidades e-flex elementor-invisible e-con e-parent\" data-id=\"967edda\" data-element_type=\"container\" data-e-type=\"container\" data-settings=\"{&quot;animation&quot;:&quot;fadeInUp&quot;}\">\n\t\t\t\t<div class=\"elementor-element elementor-element-1ce1713 elementor-widget elementor-widget-govity-update\" data-id=\"1ce1713\" data-element_type=\"widget\" data-e-type=\"widget\" data-widget_type=\"govity-update.default\">\n\t\t\t\t<div class=\"elementor-widget-container\">\n\t\t\t\t\t    <!-- Update One Start -->\r\n    <section class=\"update-one\">\r\n        <div class=\"container\">\r\n            <div class=\"row\">\r\n                <div class=\"col-xl-2 col-lg-2\">\r\n                    <div class=\"update-one__left\">\r\n                        <div class=\"update-one__city-update-box\">\r\n                            <div class=\"update-one__city-update-icon\">\r\n                                                            <\/div>\r\n                            <div class=\"update-one__city-update-text\">\r\n                                <p class=\"\">Aviso<\/p>                            <\/div>\r\n                        <\/div>\r\n                    <\/div>\r\n                <\/div>\r\n                <div class=\"col-xl-10 col-lg-10\">\r\n                    <div class=\"update-one__right\">\r\n                        <div class=\"update-one__carousel thm-owl__carousel owl-theme owl-carousel\" data-owl-options='        {\r\n        &quot;loop&quot;: true,\r\n        &quot;margin&quot;: 0,\r\n        &quot;items&quot;: 1        ,&quot;nav&quot;: true                    ,&quot;autoplay&quot;: true            ,&quot;autoplayTimeout&quot;: 5000                            ,&quot;autoplayHoverPause&quot;: true                            ,&quot;navText&quot;: [\r\n            &quot;&lt;i class=\\&quot; fa fa-angle-left\\&quot;&gt;&lt;\/i&gt;&quot;,\r\n            &quot;&lt;i class=\\&quot; fa fa-angle-right\\&quot;&gt;&lt;\/i&gt;&quot;\r\n            ]\r\n                ,&quot;dots&quot;: true        ,&quot;smartSpeed&quot;: 700\r\n                }\r\n    '>\r\n                                                            <div class=\"item\">\r\n                                    <div class=\"update-one__single\">\r\n                                        <p class=\"update-one__text\"><div class=\"hurrytimer-cdt hurrytimer-cdt--35019 hurrytimer-campaign hurryt-loading hurrytimer-campaign-35019\" data-config=\"{&quot;id&quot;:35019,&quot;run_in_background&quot;:false,&quot;sticky&quot;:false,&quot;product_ids&quot;:[],&quot;actions&quot;:[{&quot;id&quot;:2,&quot;redirectUrl&quot;:&quot;&quot;,&quot;message&quot;:&quot;&quot;,&quot;coupon&quot;:&quot;&quot;,&quot;wcStockStatus&quot;:&quot;instock&quot;}],&quot;template&quot;:&quot;&lt;div class=\\&quot;hurrytimer-timer-block hurrytimer-cdt__dur\\&quot;&gt;&lt;div class=\\&quot;hurrytimer-timer-digit hurrytimer-cdt__time\\&quot;&gt;%D&lt;\\\/div&gt;&lt;div class=\\&quot;hurrytimer-timer-label hurrytimer-cdt__label\\&quot; &gt;D\\u00edas&lt;\\\/div&gt;&lt;\\\/div&gt;&lt;div class=\\&quot;hurrytimer-cdt__sep hurrytimer-timer-sep\\&quot;&gt;:&lt;\\\/div&gt;&lt;div class=\\&quot;hurrytimer-timer-block hurrytimer-cdt__dur\\&quot;&gt;&lt;div class=\\&quot;hurrytimer-timer-digit hurrytimer-cdt__time\\&quot;&gt;%H&lt;\\\/div&gt;&lt;div class=\\&quot;hurrytimer-timer-label hurrytimer-cdt__label\\&quot; &gt;hrs&lt;\\\/div&gt;&lt;\\\/div&gt;&lt;div class=\\&quot;hurrytimer-cdt__sep hurrytimer-timer-sep\\&quot;&gt;:&lt;\\\/div&gt;&lt;div class=\\&quot;hurrytimer-timer-block hurrytimer-cdt__dur\\&quot;&gt;&lt;div class=\\&quot;hurrytimer-timer-digit hurrytimer-cdt__time\\&quot;&gt;%M&lt;\\\/div&gt;&lt;div class=\\&quot;hurrytimer-timer-label hurrytimer-cdt__label\\&quot; &gt;mins&lt;\\\/div&gt;&lt;\\\/div&gt;&quot;,&quot;methods&quot;:[1,2],&quot;mode&quot;:&quot;one_time&quot;,&quot;sticky_bar_hide_timeout&quot;:7,&quot;recurr&quot;:false,&quot;timeToNextRecurrence&quot;:0,&quot;isRegular&quot;:true,&quot;endDate&quot;:1777615140000}\" ><div class=\"hurrytimer-cdt__headline hurrytimer-headline\">La fecha l\u00edmite de presentaci\u00f3n del Informe de Rendici\u00f3n de Cuentas Municipales est\u00e1 cerca, faltan pocos d\u00edas.<\/div><div class=\"hurrytimer-cdt__inner hurrytimer-timer\"><\/div><\/div><\/p>                                    <\/div>\r\n                                <\/div>\r\n                                                    <\/div>\r\n                    <\/div>\r\n                <\/div>\r\n            <\/div>\r\n        <\/div>\r\n    <\/section>\r\n    <!-- Update One End -->\r\n\t\t\t\t<\/div>\n\t\t\t\t<\/div>\n\t\t\t\t<\/div>\n\t\t<div class=\"elementor-element elementor-element-4c06d9a e-flex e-con-boxed e-con e-parent\" data-id=\"4c06d9a\" data-element_type=\"container\" data-e-type=\"container\">\n\t\t\t\t\t<div class=\"e-con-inner\">\n\t\t\t\t<div class=\"elementor-element elementor-element-0756593 elementor-widget elementor-widget-text-editor\" data-id=\"0756593\" data-element_type=\"widget\" data-e-type=\"widget\" data-widget_type=\"text-editor.default\">\n\t\t\t\t<div class=\"elementor-widget-container\">\n\t\t\t\t\t\t\t\t\t<p style=\"text-align: justify;\"><span style=\"font-weight: 400; color: #000000;\">Con la visi\u00f3n de asistir a las 298 Municipalidades del Pa\u00eds, Mancomunidades y Empresas Municipales,\u00a0 el Tribunal Superior de Cuentas (TSC) cuenta con un \u00e1rea especializada para\u00a0 el an\u00e1lisis y revisi\u00f3n a posteriori de la ejecuci\u00f3n de los diferentes recursos municipales, seguimiento de recomendaciones de auditor\u00eda, revisi\u00f3n de los resultados de sus ejecuciones presupuestarias, asesor\u00eda t\u00e9cnica a las Unidades de Auditor\u00eda Interna Municipales y capacitaci\u00f3n de su personal directivo y operativo.<\/span><\/p><p style=\"text-align: justify;\"><span style=\"font-weight: 400; color: #000000;\">Para ello, el TSC pone a disposici\u00f3n la atenci\u00f3n que brindan las \u00e1reas de Auditor\u00edas Municipales, Fiscalizaci\u00f3n de Auditor\u00edas Internas, Rendici\u00f3n de Cuentas y Verificaci\u00f3n de Recomendaciones de Auditor\u00edas.<\/span><\/p>\t\t\t\t\t\t\t\t<\/div>\n\t\t\t\t<\/div>\n\t\t\t\t\t<\/div>\n\t\t\t\t<\/div>\n\t\t<div class=\"elementor-element elementor-element-18461da e-flex e-con-boxed e-con e-parent\" data-id=\"18461da\" data-element_type=\"container\" data-e-type=\"container\">\n\t\t\t\t\t<div class=\"e-con-inner\">\n\t\t<div class=\"elementor-element elementor-element-abae275 e-con-full e-flex e-con e-child\" data-id=\"abae275\" data-element_type=\"container\" data-e-type=\"container\">\n\t\t\t\t<div class=\"elementor-element elementor-element-f4ebce6 elementor-widget elementor-widget-sidebar-nav\" data-id=\"f4ebce6\" data-element_type=\"widget\" data-e-type=\"widget\" data-widget_type=\"sidebar-nav.default\">\n\t\t\t\t<div class=\"elementor-widget-container\">\n\t\t\t\t\t    <div class=\"department-details__services-box\">\r\n                    <ul id=\"menu-municipalidades\" class=\"department-details__services-list list-unstyled ml-0\"><li id=\"menu-item-26021\" class=\"menu-item menu-item-type-post_type menu-item-object-page menu-item-26021\"><a href=\"https:\/\/www.tsc.gob.hn\/index.php\/informes-de-auditoria\/mapa-de-informes-de-auditorias-municipales\/\">Informes de Auditor\u00edas Municipales<span class=\"icon-right-arrow\"><\/span><\/a><\/li>\n<li id=\"menu-item-8241\" class=\"menu-item menu-item-type-post_type menu-item-object-page menu-item-8241\"><a href=\"https:\/\/www.tsc.gob.hn\/index.php\/rendicion-de-la-cuenta-general-del-estado\/\">Informes de Rendici\u00f3n de Cuentas<span class=\"icon-right-arrow\"><\/span><\/a><\/li>\n<li id=\"menu-item-3433\" class=\"menu-item menu-item-type-custom menu-item-object-custom menu-item-3433\"><a href=\"https:\/\/www.tsc.gob.hn:8007\/SAAIM\/\">Sistema de Asistencias T\u00e9cnicas a las Auditor\u00edas Internas Municipales (SAAIM)<span class=\"icon-right-arrow\"><\/span><\/a><\/li>\n<li id=\"menu-item-3431\" class=\"menu-item menu-item-type-post_type menu-item-object-page menu-item-3431\"><a href=\"https:\/\/www.tsc.gob.hn\/index.php\/municipalidades\/ftm\/\">Fondo de Transparencia Municipal (FTM)<span class=\"icon-right-arrow\"><\/span><\/a><\/li>\n<\/ul>            <\/div>\r\n\t\t\t\t<\/div>\n\t\t\t\t<\/div>\n\t\t\t\t<\/div>\n\t\t<div class=\"elementor-element elementor-element-339e2f0 e-con-full e-flex e-con e-child\" data-id=\"339e2f0\" data-element_type=\"container\" data-e-type=\"container\">\n\t\t\t\t<div class=\"elementor-element elementor-element-c18aed5 elementor-widget elementor-widget-govity-download-resource\" data-id=\"c18aed5\" data-element_type=\"widget\" data-e-type=\"widget\" data-widget_type=\"govity-download-resource.default\">\n\t\t\t\t<div class=\"elementor-widget-container\">\n\t\t\t\t\t    <div class=\"department-details__download\">\r\n                <ul class=\"department-details__download-list list-unstyled ml-0\">\r\n                            <li>\r\n                    <div class=\"department-details__download-content\">\r\n                        <div class=\"department-details__download-icon\">\r\n                            <span aria-hidden=\"true\" class=\"  icon-pdf-file\"><\/span>                        <\/div>\r\n                        <div class=\"department-details__download-text\">\r\n                            <p class=\"\">Manual para la rendici\u00f3n de cuentas<\/p>                        <\/div>\r\n                    <\/div>\r\n                    <div class=\"department-details__download-btn-box\">\r\n                        <span class=\"\">938KB<\/span>                        <a class=\"department-details__download-btn thm-btn\" href=\"\/wp-content\/uploads\/Manual_Rend_Cuentas.pdf\" target=_blank>Descargar<\/a>                    <\/div>\r\n                <\/li>\r\n                            <li>\r\n                    <div class=\"department-details__download-content\">\r\n                        <div class=\"department-details__download-icon\">\r\n                            <span aria-hidden=\"true\" class=\"  icon-pdf-file\"><\/span>                        <\/div>\r\n                        <div class=\"department-details__download-text\">\r\n                            <p class=\" \">Gu\u00eda para la rendici\u00f3n de cuentas municipales<br> a la ciudadan\u00eda<\/p>                        <\/div>\r\n                    <\/div>\r\n                    <div class=\"department-details__download-btn-box\">\r\n                        <span class=\" \">2MB<\/span>                        <a class=\"department-details__download-btn thm-btn department-details__download-btn thm-btn\" href=\"\/wp-content\/uploads\/Guia_Rendicion_de_cuentas_municipales_a_la_ciudadania_2013.pdf\" target=_blank>Descargar<\/a>                    <\/div>\r\n                <\/li>\r\n                            <li>\r\n                    <div class=\"department-details__download-content\">\r\n                        <div class=\"department-details__download-icon\">\r\n                            <span aria-hidden=\"true\" class=\"  fas fa-file-excel\"><\/span>                        <\/div>\r\n                        <div class=\"department-details__download-text\">\r\n                            <p class=\"  \">Formato de rendici\u00f3n de cuentas<br> de las mancomunidades<\/p>                        <\/div>\r\n                    <\/div>\r\n                    <div class=\"department-details__download-btn-box\">\r\n                        <span class=\"  \">2MB<\/span>                        <a class=\"department-details__download-btn thm-btn department-details__download-btn thm-btn department-details__download-btn thm-btn\" href=\"\/wp-content\/uploads\/Formato_RDC-Mancomunidades-3.xls\" target=_blank>Descargar<\/a>                    <\/div>\r\n                <\/li>\r\n                    <\/ul>\r\n    <\/div>\r\n\t\t\t\t<\/div>\n\t\t\t\t<\/div>\n\t\t\t\t<\/div>\n\t\t\t\t\t<\/div>\n\t\t\t\t<\/div>\n\t\t\t\t<\/div>\n\t\t","protected":false},"excerpt":{"rendered":"<p>Aviso Con la visi\u00f3n de asistir a las 298 Municipalidades del Pa\u00eds, Mancomunidades y Empresas Municipales,\u00a0 el Tribunal Superior de Cuentas (TSC) cuenta con un \u00e1rea especializada para\u00a0 el an\u00e1lisis y revisi\u00f3n a posteriori de la ejecuci\u00f3n de los diferentes recursos municipales, seguimiento de recomendaciones de auditor\u00eda, revisi\u00f3n de los resultados de sus ejecuciones presupuestarias, [&hellip;]<\/p>\n","protected":false},"author":1,"featured_media":0,"parent":0,"menu_order":0,"comment_status":"closed","ping_status":"closed","template":"elementor_header_footer","meta":{"_uag_custom_page_level_css":"","_monsterinsights_skip_tracking":false,"_monsterinsights_sitenote_active":false,"_monsterinsights_sitenote_note":"","_monsterinsights_sitenote_category":0,"_uf_show_specific_survey":0,"_uf_disable_surveys":false,"footnotes":""},"class_list":["post-3399","page","type-page","status-publish","hentry"],"aioseo_notices":[],"uagb_featured_image_src":{"full":false,"thumbnail":false,"medium":false,"medium_large":false,"large":false,"1536x1536":false,"2048x2048":false,"govity_blog_370X304":false,"govity_blog_200X283":false,"govity_blog_770X428":false,"govity_brand_logo_202X102":false,"govity_brand_woo_270X308":false,"govity_brand_70X70":false},"uagb_author_info":{"display_name":"tsc_super_user","author_link":"https:\/\/www.tsc.gob.hn\/index.php\/author\/tsc_super_user\/"},"uagb_comment_info":0,"uagb_excerpt":"Aviso Con la visi\u00f3n de asistir a las 298 Municipalidades del Pa\u00eds, Mancomunidades y Empresas Municipales,\u00a0 el Tribunal Superior de Cuentas (TSC) cuenta con un \u00e1rea especializada para\u00a0 el an\u00e1lisis y revisi\u00f3n a posteriori de la ejecuci\u00f3n de los diferentes recursos municipales, seguimiento de recomendaciones de auditor\u00eda, revisi\u00f3n de los resultados de sus ejecuciones presupuestarias,&hellip;","_links":{"self":[{"href":"https:\/\/www.tsc.gob.hn\/index.php\/wp-json\/wp\/v2\/pages\/3399","targetHints":{"allow":["GET"]}}],"collection":[{"href":"https:\/\/www.tsc.gob.hn\/index.php\/wp-json\/wp\/v2\/pages"}],"about":[{"href":"https:\/\/www.tsc.gob.hn\/index.php\/wp-json\/wp\/v2\/types\/page"}],"author":[{"embeddable":true,"href":"https:\/\/www.tsc.gob.hn\/index.php\/wp-json\/wp\/v2\/users\/1"}],"replies":[{"embeddable":true,"href":"https:\/\/www.tsc.gob.hn\/index.php\/wp-json\/wp\/v2\/comments?post=3399"}],"version-history":[{"count":133,"href":"https:\/\/www.tsc.gob.hn\/index.php\/wp-json\/wp\/v2\/pages\/3399\/revisions"}],"predecessor-version":[{"id":35028,"href":"https:\/\/www.tsc.gob.hn\/index.php\/wp-json\/wp\/v2\/pages\/3399\/revisions\/35028"}],"wp:attachment":[{"href":"https:\/\/www.tsc.gob.hn\/index.php\/wp-json\/wp\/v2\/media?parent=3399"}],"curies":[{"name":"wp","href":"https:\/\/api.w.org\/{rel}","templated":true}]}}