{"id":3339,"date":"2023-08-21T22:27:35","date_gmt":"2023-08-21T22:27:35","guid":{"rendered":"http:\/\/ec2-100-20-206-212.us-west-2.compute.amazonaws.com\/?page_id=3339"},"modified":"2026-04-07T10:26:36","modified_gmt":"2026-04-07T16:26:36","slug":"sala-de-prensa-comunicados-boletines","status":"publish","type":"page","link":"https:\/\/www.tsc.gob.hn\/index.php\/sala-de-prensa-comunicados-boletines\/","title":{"rendered":"Sala de prensa"},"content":{"rendered":"\t\t<div data-elementor-type=\"wp-page\" data-elementor-id=\"3339\" class=\"elementor elementor-3339\">\n\t\t\t\t<div class=\"elementor-element elementor-element-d1b7410 e-flex e-con-boxed e-con e-parent\" data-id=\"d1b7410\" data-element_type=\"container\" data-e-type=\"container\">\n\t\t\t\t\t<div class=\"e-con-inner\">\n\t\t\t\t<div class=\"elementor-element elementor-element-5ecfc73 elementor-hidden-desktop elementor-widget elementor-widget-image\" data-id=\"5ecfc73\" data-element_type=\"widget\" data-e-type=\"widget\" data-widget_type=\"image.default\">\n\t\t\t\t<div class=\"elementor-widget-container\">\n\t\t\t\t\t\t\t\t\t\t\t\t\t\t\t<img fetchpriority=\"high\" decoding=\"async\" width=\"638\" height=\"826\" src=\"https:\/\/www.tsc.gob.hn\/wp-content\/uploads\/Portada-Boletin-marzo-2026.png\" class=\"attachment-large size-large wp-image-37792\" alt=\"Portada del Bolet\u00edn Institucional de marzo 2026\" srcset=\"https:\/\/www.tsc.gob.hn\/wp-content\/uploads\/Portada-Boletin-marzo-2026.png 638w, https:\/\/www.tsc.gob.hn\/wp-content\/uploads\/Portada-Boletin-marzo-2026-232x300.png 232w\" sizes=\"(max-width: 638px) 100vw, 638px\" \/>\t\t\t\t\t\t\t\t\t\t\t\t\t\t\t<\/div>\n\t\t\t\t<\/div>\n\t\t\t\t\t<\/div>\n\t\t\t\t<\/div>\n\t\t\t\t<section class=\"elementor-section elementor-top-section elementor-element elementor-element-3911978 elementor-section-full_width elementor-section-height-default elementor-section-height-default\" data-id=\"3911978\" data-element_type=\"section\" data-e-type=\"section\">\n\t\t\t\t\t\t<div class=\"elementor-container elementor-column-gap-no\">\n\t\t\t\t\t<div class=\"elementor-column elementor-col-100 elementor-top-column elementor-element elementor-element-69ef8b4\" data-id=\"69ef8b4\" data-element_type=\"column\" data-e-type=\"column\">\n\t\t\t<div class=\"elementor-widget-wrap elementor-element-populated\">\n\t\t\t\t\t\t<div class=\"elementor-element elementor-element-c1e3459 sala-de-prensa-boletines elementor-widget elementor-widget-govity-event\" data-id=\"c1e3459\" data-element_type=\"widget\" data-e-type=\"widget\" data-widget_type=\"govity-event.default\">\n\t\t\t\t<div class=\"elementor-widget-container\">\n\t\t\t\t\t    <!--Event Two Start-->\r\n    <section class=\"event-two\">\r\n        <div class=\"event-two__img\">\r\n            <img decoding=\"async\" src=\"https:\/\/www.tsc.gob.hn\/wp-content\/uploads\/Portada-Boletin-marzo-2026.png\" alt=\"Portada del Bolet\u00edn Institucional de marzo 2026\" title=\"Portada Boletin marzo 2026\" >        <\/div>\r\n        <div class=\"container\">\r\n            <div class=\"row\">\r\n                <div class=\"col-xl-6 col-lg-6\">\r\n                    <div class=\"event-two__left\">\r\n                        <div class=\"event-two__left-inner\">\r\n                            <div class=\"section-title text-left\">\r\n                                <div class=\"section-title__icon\">\r\n                                                                    <\/div>\r\n                                                            <\/div>\r\n                                                        <ul class=\"event-two__points list-unstyled ml-0\">\r\n                                                            <\/ul>\r\n                            <div class=\"event-two__btn-box\">\r\n                                <a class=\"event-two__btn thm-btn\" href=\"\/index.php\/3d-flip-book\/boletin-institucional-marzo-2026\/\" target=_blank>Ver bolet\u00edn<\/a>                            <\/div>\r\n                        <\/div>\r\n                    <\/div>\r\n                <\/div>\r\n                <div class=\"col-xl-6 col-lg-6\">\r\n                    <div class=\"event-two__right\">\r\n                        <div class=\"event-two__carousel thm-owl__carousel owl-theme owl-carousel\" data-owl-options='        {\r\n        &quot;loop&quot;: true,\r\n        &quot;margin&quot;: 0,\r\n        &quot;items&quot;: 1        ,&quot;nav&quot;: false                    ,&quot;autoplay&quot;: true            ,&quot;autoplayTimeout&quot;: 5000                            ,&quot;autoplayHoverPause&quot;: true                        ,&quot;dots&quot;: true        ,&quot;smartSpeed&quot;: 700\r\n                }\r\n    '>\r\n                                                            <!--Event Two Single Start-->\r\n                                <div class=\"item\">\r\n                                    <ul class=\"event-two__list list-unstyled ml-0\">\r\n                                        <li>\r\n                                            <div class=\"event-two__img-box\">\r\n                                                <div class=\"event-two__img-one\">\r\n                                                    <img decoding=\"async\" src=\"https:\/\/www.tsc.gob.hn\/wp-content\/uploads\/Portada-Enero-2026.png\" alt=\"Portada Mini Enero 2026\" title=\"Portada Enero 2026\" >                                                <\/div>\r\n                                                <div class=\"event-two__tag\">\r\n                                                    <p class=\"\"><a href=\"\/index.php\/3d-flip-book\/boletin-institucional-enero-2026\/\">Bolet\u00edn<\/a><\/p>                                                <\/div>\r\n                                                <div class=\"event-two__content\">\r\n                                                    <ul class=\"event-two__meta list-unstyled ml-0\">\r\n                                                        <li>\n     <div class=\"icon\"> <span class=\"fa fa-clock\"><\/span>\n     <\/div>\n     <div class=\"text\"> <p>Enero 2026<\/p>\n     <\/div>\n<\/li>\n<li>\n     <div class=\"icon\"> <span class=\"fa fa-map-marker\"><\/span>\n     <\/div>\n     <div class=\"text\"> <p>Tegucigalpa<\/p>\n     <\/div>\n<\/li>                                                    <\/ul>\r\n                                                    <p class=\"event-two__title\">\r\n                                                        <a class=\"url\" href=\"\"  ><a href=\"\/index.php\/3d-flip-book\/boletin-institucional-enero-2026\/\">El TSC arrib\u00f3 a 23 a\u00f1os fortaleciendo el control y la transparencia<\/a><\/a>                                                    <\/p>\r\n                                                <\/div>\r\n                                            <\/div>\r\n                                        <\/li>\r\n                                        <li>\r\n                                            <div class=\"event-two__img-box\">\r\n                                                <div class=\"event-two__img-one\">\r\n                                                    <img decoding=\"async\" src=\"https:\/\/www.tsc.gob.hn\/wp-content\/uploads\/Boletin_octubre-25.png\" alt=\"Portada Bolet\u00edn Octubre 2025\" title=\"Boletin_octubre-25\" >                                                <\/div>\r\n                                                <div class=\"event-two__tag\">\r\n                                                    <p class=\"\"><a href=\"\/index.php\/3d-flip-book\/boletin-institucional-febrero-2026\/\">Bolet\u00edn<\/a><\/p>                                                <\/div>\r\n                                                <div class=\"event-two__content\">\r\n                                                    <ul class=\"event-two__meta list-unstyled ml-0\">\r\n                                                        <li>\n     <div class=\"icon\"> <span class=\"fa fa-clock\"><\/span>\n     <\/div>\n     <div class=\"text\"> <p>Febrero 2026<\/p>\n     <\/div>\n<\/li>\n<li>\n     <div class=\"icon\"> <span class=\"fa fa-map-marker\"><\/span>\n     <\/div>\n     <div class=\"text\"> <p>Tegucigalpa<\/p>\n     <\/div>\n<\/li>                                                    <\/ul>\r\n                                                    <h3 class=\"event-two__title\">\r\n                                                        <a class=\"url_two\" href=\"\"  ><a href=\"\/index.php\/3d-flip-book\/boletin-institucional-febrero-2026\/\">TSC capacit\u00f3 a nuevos alcaldes y alcaldesas del pa\u00eds sobre el informe de RC.<\/a><\/a>                                                    <\/h3>\r\n                                                <\/div>\r\n                                            <\/div>\r\n                                        <\/li>\r\n                                    <\/ul>\r\n                                <\/div>\r\n                                <!--Event Two Single End-->\r\n                                                    <\/div>\r\n                    <\/div>\r\n                <\/div>\r\n            <\/div>\r\n        <\/div>\r\n    <\/section>\r\n    <!--Event Two End-->\r\n\t\t\t\t<\/div>\n\t\t\t\t<\/div>\n\t\t\t\t<div class=\"elementor-element elementor-element-6e3ce19 elementor-widget-divider--view-line elementor-widget elementor-widget-divider\" data-id=\"6e3ce19\" data-element_type=\"widget\" data-e-type=\"widget\" data-widget_type=\"divider.default\">\n\t\t\t\t<div class=\"elementor-widget-container\">\n\t\t\t\t\t\t\t<div class=\"elementor-divider\">\n\t\t\t<span class=\"elementor-divider-separator\">\n\t\t\t\t\t\t<\/span>\n\t\t<\/div>\n\t\t\t\t\t\t<\/div>\n\t\t\t\t<\/div>\n\t\t\t\t\t<\/div>\n\t\t<\/div>\n\t\t\t\t\t<\/div>\n\t\t<\/section>\n\t\t<div class=\"elementor-element elementor-element-83420e6 e-flex e-con-boxed e-con e-parent\" data-id=\"83420e6\" data-element_type=\"container\" data-e-type=\"container\">\n\t\t\t\t\t<div class=\"e-con-inner\">\n\t\t\t\t<div class=\"elementor-element elementor-element-94ee665 elementor-widget elementor-widget-govity-button\" data-id=\"94ee665\" data-element_type=\"widget\" data-e-type=\"widget\" data-widget_type=\"govity-button.default\">\n\t\t\t\t<div class=\"elementor-widget-container\">\n\t\t\t\t\t    <div class=\"event-details__btn-box\">\r\n        <a class=\"event-details__btn thm-btn\" href=\"\/index.php\/historial-de-boletines\/\"  >Ver hist\u00f3rico de boletines<\/a>    <\/div>\r\n\t\t\t\t<\/div>\n\t\t\t\t<\/div>\n\t\t\t\t\t<\/div>\n\t\t\t\t<\/div>\n\t\t<div class=\"elementor-element elementor-element-1dd62a6 e-flex e-con-boxed e-con e-parent\" data-id=\"1dd62a6\" data-element_type=\"container\" data-e-type=\"container\">\n\t\t\t\t\t<div class=\"e-con-inner\">\n\t\t\t\t<div class=\"elementor-element elementor-element-be0607f elementor-widget elementor-widget-html\" data-id=\"be0607f\" data-element_type=\"widget\" data-e-type=\"widget\" data-widget_type=\"html.default\">\n\t\t\t\t<div class=\"elementor-widget-container\">\n\t\t\t\t\t<script>\r\n\r\n\/\/Script para que todos los boletines abran en una nueva pesta\u00f1a\r\n    var tags=document.querySelectorAll(\".sala-de-prensa-boletines a\");\r\n    for (var i = 0; i < tags.length; i++){\r\n     tags[i].setAttribute(\"target\", \"_blank\");  \r\n    }\r\n    \r\n<\/script>\t\t\t\t<\/div>\n\t\t\t\t<\/div>\n\t\t\t\t\t<\/div>\n\t\t\t\t<\/div>\n\t\t<div class=\"elementor-element elementor-element-fe5da5c e-flex e-con-boxed e-con e-parent\" data-id=\"fe5da5c\" data-element_type=\"container\" data-e-type=\"container\">\n\t\t\t\t\t<div class=\"e-con-inner\">\n\t\t\t\t<div class=\"elementor-element elementor-element-4c2a89d elementor-widget elementor-widget-heading\" data-id=\"4c2a89d\" data-element_type=\"widget\" data-e-type=\"widget\" data-widget_type=\"heading.default\">\n\t\t\t\t<div class=\"elementor-widget-container\">\n\t\t\t\t\t<h2 class=\"elementor-heading-title elementor-size-default\">Comunicados<\/h2>\t\t\t\t<\/div>\n\t\t\t\t<\/div>\n\t\t\t\t\t<\/div>\n\t\t\t\t<\/div>\n\t\t<div class=\"elementor-element elementor-element-50f2833 e-flex e-con-boxed e-con e-parent\" data-id=\"50f2833\" data-element_type=\"container\" data-e-type=\"container\">\n\t\t\t\t\t<div class=\"e-con-inner\">\n\t\t\t\t<div class=\"elementor-element elementor-element-b0b1335 elementor-widget elementor-widget-text-editor\" data-id=\"b0b1335\" data-element_type=\"widget\" data-e-type=\"widget\" data-widget_type=\"text-editor.default\">\n\t\t\t\t<div class=\"elementor-widget-container\">\n\t\t\t\t\t\t\t\t\t<p><table id=\"dlp_924e5c2c23cb4d77_1\" class=\"posts-data-table\" width=\"100%\" data-config=\"{&quot;pageLength&quot;:10,&quot;pagingType&quot;:&quot;simple_numbers&quot;,&quot;serverSide&quot;:true,&quot;autoWidth&quot;:true,&quot;clickFilter&quot;:&quot;&quot;,&quot;stickyHeader&quot;:false,&quot;scrollOffset&quot;:15,&quot;resetButton&quot;:true,&quot;numOrder&quot;:false,&quot;lengthMenu&quot;:[10,25,50,100],&quot;columnDefs&quot;:[{&quot;className&quot;:&quot;col-title&quot;,&quot;targets&quot;:0,&quot;type&quot;:&quot;html&quot;},{&quot;className&quot;:&quot;col-file_type&quot;,&quot;targets&quot;:1,&quot;type&quot;:&quot;html&quot;},{&quot;className&quot;:&quot;col-file_size&quot;,&quot;targets&quot;:2,&quot;type&quot;:&quot;html&quot;},{&quot;className&quot;:&quot;col-link&quot;,&quot;targets&quot;:3,&quot;type&quot;:&quot;html&quot;}],&quot;responsive&quot;:{&quot;details&quot;:{&quot;display&quot;:&quot;child_row&quot;}},&quot;language&quot;:{&quot;info&quot;:&quot;_TOTAL_ documentos&quot;,&quot;infoEmpty&quot;:&quot;0 documentos&quot;,&quot;emptyTable&quot;:&quot;No hay documentos&quot;,&quot;zeroRecords&quot;:&quot;No hay coincidencias documentos&quot;,&quot;totalsSingle&quot;:&quot;documento&quot;,&quot;totalsPlural&quot;:&quot;documentos&quot;},&quot;dom&quot;:&quot;&lt;\\&quot;posts-table-wrapper govity\\&quot;&lt;\\&quot;posts-table-above posts-table-controls\\&quot;f&gt;t&lt;\\&quot;posts-table-below posts-table-controls\\&quot;lip&gt;&gt;&quot;,&quot;multiDownloadButton&quot;:true,&quot;multiDownloadPosition&quot;:&quot;above&quot;,&quot;multiDownloadText&quot;:&quot;Descargar Documentos Seleccionados&quot;}\" data-filters=\"false\" data-order=\"[]\"><thead><tr><th class=\"all\" data-name=\"title\" data-orderable=\"true\" data-searchable=\"true\" data-priority=\"1\" data-data=\"title\">Documento<\/th><th data-name=\"file_type\" data-orderable=\"false\" data-searchable=\"true\" data-priority=\"11\" data-data=\"file_type\"> Tipo<\/th><th data-name=\"file_size\" data-orderable=\"false\" data-searchable=\"true\" data-priority=\"12\" data-data=\"file_size\"> Tama\u00f1o<\/th><th data-name=\"link\" data-orderable=\"false\" data-searchable=\"false\" data-priority=\"10\" data-data=\"link\">Descarga<\/th><\/tr><\/thead><\/table>\t\t<div id=\"modal_dlp_924e5c2c23cb4d77_1\" class=\"dlp-preview-modal\" aria-hidden=\"true\">\n\t\t\t<div class=\"dlp-preview-modal-overlay\" tabindex=\"-1\" data-dlp-preview-close=\"#modal_dlp_924e5c2c23cb4d77_1\">\n\t\t\t\t<a class=\"dlp-preview-modal-close\" data-dlp-preview-close=\"#modal_dlp_924e5c2c23cb4d77_1\">\n\t\t\t\t\t<div class=\"dlp-icon close\"><svg xmlns=\"http:\/\/www.w3.org\/2000\/svg\" viewBox=\"0 0 24 24\" aria-label=\"Close\"><path fill=\"currentColor\" d=\"M19 6.41L17.59 5 12 10.59 6.41 5 5 6.41 10.59 12 5 17.59 6.41 19 12 13.41 17.59 19 19 17.59 13.41 12z\" \/><path d=\"M0 0h24v24H0z\" fill=\"none\" \/><\/svg><\/div>\t\t\t\t<\/a>\n\n\t\t\t\t<div class=\"dlp-preview-modal-container\" role=\"dialog\" aria-modal=\"true\" aria-labelledby=\"dlp-preview-modal-title\">\n\t\t\t\t\t<main class=\"dlp-preview-modal-content\"><\/main>\n\t\t\t\t\t<footer class=\"dlp-preview-modal-footer\"><\/footer>\n\t\t\t\t<\/div>\n\t\t\t<\/div>\n\t\t<\/div>\n\t\t<\/p>\t\t\t\t\t\t\t\t<\/div>\n\t\t\t\t<\/div>\n\t\t\t\t\t<\/div>\n\t\t\t\t<\/div>\n\t\t\t\t<\/div>\n\t\t","protected":false},"excerpt":{"rendered":"<p>Ver bolet\u00edn Bolet\u00edn Enero 2026 Tegucigalpa El TSC arrib\u00f3 a 23 a\u00f1os fortaleciendo el control y la transparencia Bolet\u00edn Febrero 2026 Tegucigalpa TSC capacit\u00f3 a nuevos alcaldes y alcaldesas del pa\u00eds sobre el informe de RC. Ver hist\u00f3rico de boletines Comunicados<\/p>\n","protected":false},"author":1,"featured_media":0,"parent":0,"menu_order":0,"comment_status":"closed","ping_status":"closed","template":"elementor_header_footer","meta":{"_uag_custom_page_level_css":"","_monsterinsights_skip_tracking":false,"_monsterinsights_sitenote_active":false,"_monsterinsights_sitenote_note":"","_monsterinsights_sitenote_category":0,"_uf_show_specific_survey":0,"_uf_disable_surveys":false,"footnotes":""},"class_list":["post-3339","page","type-page","status-publish","hentry"],"aioseo_notices":[],"uagb_featured_image_src":{"full":false,"thumbnail":false,"medium":false,"medium_large":false,"large":false,"1536x1536":false,"2048x2048":false,"govity_blog_370X304":false,"govity_blog_200X283":false,"govity_blog_770X428":false,"govity_brand_logo_202X102":false,"govity_brand_woo_270X308":false,"govity_brand_70X70":false},"uagb_author_info":{"display_name":"tsc_super_user","author_link":"https:\/\/www.tsc.gob.hn\/index.php\/author\/tsc_super_user\/"},"uagb_comment_info":0,"uagb_excerpt":"Ver bolet\u00edn Bolet\u00edn Enero 2026 Tegucigalpa El TSC arrib\u00f3 a 23 a\u00f1os fortaleciendo el control y la transparencia Bolet\u00edn Febrero 2026 Tegucigalpa TSC capacit\u00f3 a nuevos alcaldes y alcaldesas del pa\u00eds sobre el informe de RC. Ver hist\u00f3rico de boletines Comunicados","_links":{"self":[{"href":"https:\/\/www.tsc.gob.hn\/index.php\/wp-json\/wp\/v2\/pages\/3339","targetHints":{"allow":["GET"]}}],"collection":[{"href":"https:\/\/www.tsc.gob.hn\/index.php\/wp-json\/wp\/v2\/pages"}],"about":[{"href":"https:\/\/www.tsc.gob.hn\/index.php\/wp-json\/wp\/v2\/types\/page"}],"author":[{"embeddable":true,"href":"https:\/\/www.tsc.gob.hn\/index.php\/wp-json\/wp\/v2\/users\/1"}],"replies":[{"embeddable":true,"href":"https:\/\/www.tsc.gob.hn\/index.php\/wp-json\/wp\/v2\/comments?post=3339"}],"version-history":[{"count":565,"href":"https:\/\/www.tsc.gob.hn\/index.php\/wp-json\/wp\/v2\/pages\/3339\/revisions"}],"predecessor-version":[{"id":37802,"href":"https:\/\/www.tsc.gob.hn\/index.php\/wp-json\/wp\/v2\/pages\/3339\/revisions\/37802"}],"wp:attachment":[{"href":"https:\/\/www.tsc.gob.hn\/index.php\/wp-json\/wp\/v2\/media?parent=3339"}],"curies":[{"name":"wp","href":"https:\/\/api.w.org\/{rel}","templated":true}]}}