{"id":2902,"date":"2023-08-17T22:32:21","date_gmt":"2023-08-17T22:32:21","guid":{"rendered":"http:\/\/ec2-100-20-206-212.us-west-2.compute.amazonaws.com\/?page_id=2902"},"modified":"2023-10-31T15:11:57","modified_gmt":"2023-10-31T15:11:57","slug":"informes-de-verificacion","status":"publish","type":"page","link":"https:\/\/www.tsc.gob.hn\/index.php\/informes-de-auditoria\/informes-de-verificacion\/","title":{"rendered":"Informes de Verificaci\u00f3n y An\u00e1lisis"},"content":{"rendered":"\t\t<div data-elementor-type=\"wp-page\" data-elementor-id=\"2902\" class=\"elementor elementor-2902\">\n\t\t\t\t\t\t<section class=\"elementor-section elementor-top-section elementor-element elementor-element-5fd00d7 elementor-section-boxed elementor-section-height-default elementor-section-height-default\" data-id=\"5fd00d7\" data-element_type=\"section\" data-e-type=\"section\">\n\t\t\t\t\t\t<div class=\"elementor-container elementor-column-gap-default\">\n\t\t\t\t\t<div class=\"elementor-column elementor-col-100 elementor-top-column elementor-element elementor-element-33c17cd\" data-id=\"33c17cd\" data-element_type=\"column\" data-e-type=\"column\">\n\t\t\t<div class=\"elementor-widget-wrap elementor-element-populated\">\n\t\t\t\t\t\t<div class=\"elementor-element elementor-element-b45748e elementor-widget elementor-widget-text-editor\" data-id=\"b45748e\" data-element_type=\"widget\" data-e-type=\"widget\" data-widget_type=\"text-editor.default\">\n\t\t\t\t<div class=\"elementor-widget-container\">\n\t\t\t\t\t\t\t\t\t<p style=\"text-align: justify;\"><span style=\"font-weight: 400;\">En este espacio el Tribunal Superior de Cuentas (TSC) publica los Informes de Auditor\u00eda emitidos por la Gerencia de Verificaci\u00f3n y An\u00e1lisis a los rubros de Ingreso y Ejecuci\u00f3n Presupuestaria, Deuda P\u00fablica y Bienes Nacionales de las instituciones que conforman el Sector P\u00fablico de Honduras.<\/span><\/p>\t\t\t\t\t\t\t\t<\/div>\n\t\t\t\t<\/div>\n\t\t\t\t\t<\/div>\n\t\t<\/div>\n\t\t\t\t\t<\/div>\n\t\t<\/section>\n\t\t<div class=\"elementor-element elementor-element-5d74ce3 cards-verificacion e-flex e-con-boxed e-con e-parent\" data-id=\"5d74ce3\" data-element_type=\"container\" data-e-type=\"container\">\n\t\t\t\t\t<div class=\"e-con-inner\">\n\t\t\t\t<div class=\"elementor-element elementor-element-07d0092 elementor-widget elementor-widget-html\" data-id=\"07d0092\" data-element_type=\"widget\" data-e-type=\"widget\" data-widget_type=\"html.default\">\n\t\t\t\t<div class=\"elementor-widget-container\">\n\t\t\t\t\t<style>\r\n    .cards-verificacion .card{\r\n        cursor: pointer;\r\n        border-radius: 10px;\r\n    }\r\n    .cards-verificacion .card-title{\r\n        margin-bottom: 1em;\r\n        font-weight: 800;\r\n        color:white;\r\n    }\r\n    .cards-verificacion .card-text{\r\n        color:white;\r\n    }\r\n    .cards-verificacion .row{\r\n        display: flex;\r\n        justify-content: center\r\n    }\r\n    \r\n<\/style>\r\n\r\n<div class=\"container\" >\r\n  <div class=\"row\" style=\"height:auto; \">\r\n    <div class=\"col-sm-12 col-xs-12 col-md-6 col-xl-3 col-lg-3 \" style=\"margin-bottom:3em;\">\r\n      <div class=\"card\" style=\"width: 100%; align-items: center; background-color: #2e2c7a !important; border:none;     height: 100%; \r\n\" onclick=\"\">\r\n  <img decoding=\"async\" class=\"card-img-top\" src=\"\/wp-content\/uploads\/DOCUMENTO_Mesa-de-trabajo-1-copia-10.svg\" alt=\"Card image cap\" style=\"max-width: 4em;     position: relative;\r\n    top: -1em;\">\r\n  <div class=\"card-body text-center\">\r\n    \r\n   <p class=\"card-text\">Verificaci\u00f3n de Ingresos<\/p>\r\n\r\n   \r\n  <\/div>\r\n<\/div>\r\n    <\/div>\r\n   <div class=\"col-sm-12 col-xs-12 col-md-6 col-xl-3 col-lg-3 \" style=\"margin-bottom:3em;\">\r\n      <div class=\"card\" style=\"width: 100%; align-items: center; background-color: #2e2c7a !important; border:none;     height: 100%; \r\n\" onclick=\"\">\r\n  <img decoding=\"async\" class=\"card-img-top\" src=\"\/wp-content\/uploads\/DOCUMENTO_Mesa-de-trabajo-1-copia-10.svg\" alt=\"Card image cap\" style=\"max-width: 4em;     position: relative;\r\n    top: -1em;\">\r\n  <div class=\"card-body text-center\">\r\n    \r\n   <p class=\"card-text\">Verificaci\u00f3n de los Bienes Nacionales<\/p>\r\n\r\n   \r\n  <\/div>\r\n<\/div>\r\n    <\/div>\r\n    <div class=\"col-sm-12 col-xs-12 col-md-6 col-xl-3 col-lg-3 \" style=\"margin-bottom:3em;\">\r\n      <div class=\"card\" style=\"width: 100%; align-items: center; background-color: #2e2c7a !important; border:none;     height: 100%; \r\n\" onclick=\"\">\r\n  <img decoding=\"async\" class=\"card-img-top\" src=\"\/wp-content\/uploads\/DOCUMENTO_Mesa-de-trabajo-1-copia-10.svg\" alt=\"Card image cap\" style=\"max-width: 4em;     position: relative;\r\n    top: -1em;\">\r\n  <div class=\"card-body text-center\">\r\n    \r\n   <p class=\"card-text\">Verificaci\u00f3n de la Deuda P\u00fablica<\/p>\r\n\r\n   \r\n  <\/div>\r\n<\/div>\r\n    <\/div>\r\n    <div class=\"col-sm-12 col-xs-12 col-md-6 col-xl-3 col-lg-3 \" style=\"margin-bottom:3em;\">\r\n      <div class=\"card\" style=\"width: 100%; align-items: center; background-color: #2e2c7a !important; border:none;     height: 100%; \r\n\" onclick=\"\">\r\n  <img decoding=\"async\" class=\"card-img-top\" src=\"\/wp-content\/uploads\/DOCUMENTO_Mesa-de-trabajo-1-copia-10.svg\" alt=\"Card image cap\" style=\"max-width: 4em;     position: relative;\r\n    top: -1em;\">\r\n  <div class=\"card-body text-center\">\r\n    \r\n   <p class=\"card-text\">Verificaci\u00f3n de la Gesti\u00f3n Presupuestaria<\/p>\r\n \r\n   \r\n  <\/div>\r\n<\/div>\r\n<\/div>\r\n  <\/div>\r\n\r\n<\/div>\r\n\t\t\t\t<\/div>\n\t\t\t\t<\/div>\n\t\t\t\t\t<\/div>\n\t\t\t\t<\/div>\n\t\t\t\t<section class=\"elementor-section elementor-top-section elementor-element elementor-element-412842e elementor-section-boxed elementor-section-height-default elementor-section-height-default\" data-id=\"412842e\" data-element_type=\"section\" data-e-type=\"section\">\n\t\t\t\t\t\t<div class=\"elementor-container elementor-column-gap-default\">\n\t\t\t\t\t<div class=\"elementor-column elementor-col-100 elementor-top-column elementor-element elementor-element-0310918\" data-id=\"0310918\" data-element_type=\"column\" data-e-type=\"column\">\n\t\t\t<div class=\"elementor-widget-wrap elementor-element-populated\">\n\t\t\t\t\t\t<div class=\"elementor-element elementor-element-3c76839 elementor-widget elementor-widget-heading\" data-id=\"3c76839\" data-element_type=\"widget\" data-e-type=\"widget\" data-widget_type=\"heading.default\">\n\t\t\t\t<div class=\"elementor-widget-container\">\n\t\t\t\t\t<h2 class=\"elementor-heading-title elementor-size-default\">Otros informes de verificaci\u00f3n:<\/h2>\t\t\t\t<\/div>\n\t\t\t\t<\/div>\n\t\t\t\t\t<\/div>\n\t\t<\/div>\n\t\t\t\t\t<\/div>\n\t\t<\/section>\n\t\t<div class=\"elementor-element elementor-element-7eec50e e-flex e-con-boxed e-con e-parent\" data-id=\"7eec50e\" data-element_type=\"container\" data-e-type=\"container\">\n\t\t\t\t\t<div class=\"e-con-inner\">\n\t\t\t\t<div class=\"elementor-element elementor-element-1dee472 elementor-widget elementor-widget-govity-download-resource\" data-id=\"1dee472\" data-element_type=\"widget\" data-e-type=\"widget\" data-widget_type=\"govity-download-resource.default\">\n\t\t\t\t<div class=\"elementor-widget-container\">\n\t\t\t\t\t    <div class=\"department-details__download\">\r\n                <ul class=\"department-details__download-list list-unstyled ml-0\">\r\n                            <li>\r\n                    <div class=\"department-details__download-content\">\r\n                        <div class=\"department-details__download-icon\">\r\n                            <span aria-hidden=\"true\" class=\"  icon-pdf-file\"><\/span>                        <\/div>\r\n                        <div class=\"department-details__download-text\">\r\n                            <p class=\"\">Auditor\u00eda piloto <br>01-2012-E-DF(TAAC'S) DEI<\/p>                        <\/div>\r\n                    <\/div>\r\n                    <div class=\"department-details__download-btn-box\">\r\n                        <span class=\"\">885KB<\/span>                        <a class=\"department-details__download-btn thm-btn\" href=\"\/index.php\/document\/auditoria-piloto-01-2012-e-dftaacs-dei\/\" target=_blank>Descarga<\/a>                    <\/div>\r\n                <\/li>\r\n                            <li>\r\n                    <div class=\"department-details__download-content\">\r\n                        <div class=\"department-details__download-icon\">\r\n                            <span aria-hidden=\"true\" class=\"  icon-pdf-file\"><\/span>                        <\/div>\r\n                        <div class=\"department-details__download-text\">\r\n                            <p class=\" \">Informe No. 002-2016-DF <br>Informe de Auditor\u00eda Especial y Activos Pasivos de la DEI, conforme al decreto ejecutivo PCM-083-2015<\/p>                        <\/div>\r\n                    <\/div>\r\n                    <div class=\"department-details__download-btn-box\">\r\n                        <span class=\" \">1MB<\/span>                        <a class=\"department-details__download-btn thm-btn department-details__download-btn thm-btn\" href=\"\/index.php\/document\/informe-no-002-2016-df-informe-de-auditoria-especial-de-activos-y-pasivos-de-la-direccion-ejecutiva-de-ingresos-dei-conforme-al-decreto-ejecutivo-pcm-083-2015\/\" target=_blank>Descarga<\/a>                    <\/div>\r\n                <\/li>\r\n                            <li>\r\n                    <div class=\"department-details__download-content\">\r\n                        <div class=\"department-details__download-icon\">\r\n                            <span aria-hidden=\"true\" class=\"  icon-pdf-file\"><\/span>                        <\/div>\r\n                        <div class=\"department-details__download-text\">\r\n                            <p class=\"  \">Informe No. 002-2016-DF <br>Informe de Auditor\u00eda de<br> Desempe\u00f1o a la Cuenta Financiera de la Administraci\u00f3n Central<\/p>                        <\/div>\r\n                    <\/div>\r\n                    <div class=\"department-details__download-btn-box\">\r\n                        <span class=\"  \">608KB<\/span>                        <a class=\"department-details__download-btn thm-btn department-details__download-btn thm-btn department-details__download-btn thm-btn\" href=\"\/index.php\/document\/informe-no-002-2016-df-informe-de-auditoria-de-desempeno-a-la-cuenta-financiera-de-la-administracion-central\/\" target=_blank>Descarga<\/a>                    <\/div>\r\n                <\/li>\r\n                            <li>\r\n                    <div class=\"department-details__download-content\">\r\n                        <div class=\"department-details__download-icon\">\r\n                            <span aria-hidden=\"true\" class=\"  icon-pdf-file\"><\/span>                        <\/div>\r\n                        <div class=\"department-details__download-text\">\r\n                            <p class=\"   \">Informe No. 004-2015-DF<br>Auditor\u00eda Piloto de Desempe\u00f1o realizada a la DARA, DEI.<\/p>                        <\/div>\r\n                    <\/div>\r\n                    <div class=\"department-details__download-btn-box\">\r\n                        <span class=\"   \">787KB<\/span>                        <a class=\"department-details__download-btn thm-btn department-details__download-btn thm-btn department-details__download-btn thm-btn department-details__download-btn thm-btn\" href=\"\/index.php\/document\/informe-no-004-2015-df-auditoria-piloto-de-desempeno-realizada-a-la-direccion-adjunta-de-rentas-aduaneras-dara-direccion-ejecutiva-de-ingresos-dei\/\" target=_blank>Descarga<\/a>                    <\/div>\r\n                <\/li>\r\n                            <li>\r\n                    <div class=\"department-details__download-content\">\r\n                        <div class=\"department-details__download-icon\">\r\n                            <span aria-hidden=\"true\" class=\"  icon-pdf-file\"><\/span>                        <\/div>\r\n                        <div class=\"department-details__download-text\">\r\n                            <p class=\"    \">Informe No. 003-2015-DF<br>Piloto de Auditor\u00eda de Desempe\u00f1o del Poder Judicial con \u00e9nfasis en el  Principio de Eficacia<br> y Diagn\u00f3stico Complementario sobre Eficiencia y Econom\u00eda.<\/p>                        <\/div>\r\n                    <\/div>\r\n                    <div class=\"department-details__download-btn-box\">\r\n                        <span class=\"    \">796KB<\/span>                        <a class=\"department-details__download-btn thm-btn department-details__download-btn thm-btn department-details__download-btn thm-btn department-details__download-btn thm-btn department-details__download-btn thm-btn\" href=\"\/index.php\/document\/informe-no-003-2015-df-piloto-de-auditoria-de-desempeno-del-poder-judicial-con-enfasis-en-el-principio-de-eficacia-y-diagnostico-complementario-sobre-eficiencia-y-economia\/\" target=_blank>Descarga<\/a>                    <\/div>\r\n                <\/li>\r\n                            <li>\r\n                    <div class=\"department-details__download-content\">\r\n                        <div class=\"department-details__download-icon\">\r\n                            <span aria-hidden=\"true\" class=\"  icon-pdf-file\"><\/span>                        <\/div>\r\n                        <div class=\"department-details__download-text\">\r\n                            <p class=\"     \">Informe No. 002-DF-2015<br> Evaluaci\u00f3n del Comportamiento de las Finanzas P\u00fablicas, periodo 2012 - 2014.<\/p>                        <\/div>\r\n                    <\/div>\r\n                    <div class=\"department-details__download-btn-box\">\r\n                        <span class=\"     \">2MB<\/span>                        <a class=\"department-details__download-btn thm-btn department-details__download-btn thm-btn department-details__download-btn thm-btn department-details__download-btn thm-btn department-details__download-btn thm-btn department-details__download-btn thm-btn\" href=\"\/index.php\/document\/informe-no-002-df-2015-evaluacion-del-comportamiento-de-las-finanzas-publicas-periodo-2012-2014\/\" target=_blank>Descarga<\/a>                    <\/div>\r\n                <\/li>\r\n                            <li>\r\n                    <div class=\"department-details__download-content\">\r\n                        <div class=\"department-details__download-icon\">\r\n                            <span aria-hidden=\"true\" class=\"  icon-pdf-file\"><\/span>                        <\/div>\r\n                        <div class=\"department-details__download-text\">\r\n                            <p class=\"      \">Informe No. 002-DF-2014 Entorno Macroecon\u00f3mico de las Finanzas P\u00fablicas, periodo 2013<\/p>                        <\/div>\r\n                    <\/div>\r\n                    <div class=\"department-details__download-btn-box\">\r\n                        <span class=\"      \">2MB<\/span>                        <a class=\"department-details__download-btn thm-btn department-details__download-btn thm-btn department-details__download-btn thm-btn department-details__download-btn thm-btn department-details__download-btn thm-btn department-details__download-btn thm-btn department-details__download-btn thm-btn\" href=\"\/index.php\/document\/informe-no-002-df-2014-entorno-macroeconomico-de-las-finanzas-publicas-periodo-2013\/\" target=_blank>Descarga<\/a>                    <\/div>\r\n                <\/li>\r\n                    <\/ul>\r\n    <\/div>\r\n\t\t\t\t<\/div>\n\t\t\t\t<\/div>\n\t\t\t\t\t<\/div>\n\t\t\t\t<\/div>\n\t\t<div class=\"elementor-element elementor-element-24d1372 e-flex e-con-boxed e-con e-parent\" data-id=\"24d1372\" data-element_type=\"container\" data-e-type=\"container\">\n\t\t\t\t\t<div class=\"e-con-inner\">\n\t\t\t\t<div class=\"elementor-element elementor-element-42c745f elementor-widget elementor-widget-html\" data-id=\"42c745f\" data-element_type=\"widget\" data-e-type=\"widget\" data-widget_type=\"html.default\">\n\t\t\t\t<div class=\"elementor-widget-container\">\n\t\t\t\t\t<script>\r\n\r\n\/\/Obteniendo las 4 cajas\r\nconst documentos = document.querySelectorAll(\".cards-verificacion .card\");\r\n\r\n\/\/Agregando las redirecciones con una funci\u00f3n\r\n\/\/#1 Verificaci\u00f3n de Ingresos\r\ndocumentos[0].onclick = function() {myFunction1()}; function myFunction1() {\r\n    window.open(\"https:\/\/www.tsc.gob.hn\/index.php\/informes-de-auditoria\/informes-de-verificacion\/verificacion-de-ingresos\/\", \"_self\");\r\n}\r\n\r\n\/\/#2 Verificaci\u00f3n de los Bienes Nacionales\r\ndocumentos[1].onclick = function() {myFunction2()}; function myFunction2() {\r\n    window.open(\"https:\/\/www.tsc.gob.hn\/index.php\/informes-de-auditoria\/informes-de-verificacion\/verificacion-de-los-bienes-nacionales\/\", \"_self\");\r\n}\r\n\/\/#3 Verificaci\u00f3n de la Deuda P\u00fablica\r\ndocumentos[2].onclick = function() {myFunction3()}; function myFunction3() {\r\n    window.open(\"https:\/\/www.tsc.gob.hn\/index.php\/informes-de-auditoria\/informes-de-verificacion\/verificacion-de-la-deuda-publica\/\", \"_self\");\r\n}\r\n\/\/#4 Verificaci\u00f3n de la Gesti\u00f3n Presupuestaria\r\ndocumentos[3].onclick = function() {myFunction4()}; function myFunction4() {\r\n    window.open(\"https:\/\/www.tsc.gob.hn\/index.php\/informes-de-auditoria\/informes-de-verificacion\/verificacion-de-la-gestion-presupuestaria\/\", \"_self\");\r\n\r\n}\r\n\r\n<\/script>\t\t\t\t<\/div>\n\t\t\t\t<\/div>\n\t\t\t\t\t<\/div>\n\t\t\t\t<\/div>\n\t\t\t\t<\/div>\n\t\t","protected":false},"excerpt":{"rendered":"<p>En este espacio el Tribunal Superior de Cuentas (TSC) publica los Informes de Auditor\u00eda emitidos por la Gerencia de Verificaci\u00f3n y An\u00e1lisis a los rubros de Ingreso y Ejecuci\u00f3n Presupuestaria, Deuda P\u00fablica y Bienes Nacionales de las instituciones que conforman el Sector P\u00fablico de Honduras. Verificaci\u00f3n de Ingresos Verificaci\u00f3n de los Bienes Nacionales Verificaci\u00f3n de [&hellip;]<\/p>\n","protected":false},"author":1,"featured_media":0,"parent":2784,"menu_order":0,"comment_status":"closed","ping_status":"closed","template":"elementor_header_footer","meta":{"_uag_custom_page_level_css":"","_monsterinsights_skip_tracking":false,"_monsterinsights_sitenote_active":false,"_monsterinsights_sitenote_note":"","_monsterinsights_sitenote_category":0,"_uf_show_specific_survey":0,"_uf_disable_surveys":false,"footnotes":""},"class_list":["post-2902","page","type-page","status-publish","hentry"],"aioseo_notices":[],"uagb_featured_image_src":{"full":false,"thumbnail":false,"medium":false,"medium_large":false,"large":false,"1536x1536":false,"2048x2048":false,"govity_blog_370X304":false,"govity_blog_200X283":false,"govity_blog_770X428":false,"govity_brand_logo_202X102":false,"govity_brand_woo_270X308":false,"govity_brand_70X70":false},"uagb_author_info":{"display_name":"tsc_super_user","author_link":"https:\/\/www.tsc.gob.hn\/index.php\/author\/tsc_super_user\/"},"uagb_comment_info":0,"uagb_excerpt":"En este espacio el Tribunal Superior de Cuentas (TSC) publica los Informes de Auditor\u00eda emitidos por la Gerencia de Verificaci\u00f3n y An\u00e1lisis a los rubros de Ingreso y Ejecuci\u00f3n Presupuestaria, Deuda P\u00fablica y Bienes Nacionales de las instituciones que conforman el Sector P\u00fablico de Honduras. Verificaci\u00f3n de Ingresos Verificaci\u00f3n de los Bienes Nacionales Verificaci\u00f3n de&hellip;","_links":{"self":[{"href":"https:\/\/www.tsc.gob.hn\/index.php\/wp-json\/wp\/v2\/pages\/2902","targetHints":{"allow":["GET"]}}],"collection":[{"href":"https:\/\/www.tsc.gob.hn\/index.php\/wp-json\/wp\/v2\/pages"}],"about":[{"href":"https:\/\/www.tsc.gob.hn\/index.php\/wp-json\/wp\/v2\/types\/page"}],"author":[{"embeddable":true,"href":"https:\/\/www.tsc.gob.hn\/index.php\/wp-json\/wp\/v2\/users\/1"}],"replies":[{"embeddable":true,"href":"https:\/\/www.tsc.gob.hn\/index.php\/wp-json\/wp\/v2\/comments?post=2902"}],"version-history":[{"count":138,"href":"https:\/\/www.tsc.gob.hn\/index.php\/wp-json\/wp\/v2\/pages\/2902\/revisions"}],"predecessor-version":[{"id":32922,"href":"https:\/\/www.tsc.gob.hn\/index.php\/wp-json\/wp\/v2\/pages\/2902\/revisions\/32922"}],"up":[{"embeddable":true,"href":"https:\/\/www.tsc.gob.hn\/index.php\/wp-json\/wp\/v2\/pages\/2784"}],"wp:attachment":[{"href":"https:\/\/www.tsc.gob.hn\/index.php\/wp-json\/wp\/v2\/media?parent=2902"}],"curies":[{"name":"wp","href":"https:\/\/api.w.org\/{rel}","templated":true}]}}