{"id":2784,"date":"2023-08-17T20:01:23","date_gmt":"2023-08-17T20:01:23","guid":{"rendered":"http:\/\/ec2-100-20-206-212.us-west-2.compute.amazonaws.com\/?page_id=2784"},"modified":"2023-11-08T17:38:15","modified_gmt":"2023-11-08T17:38:15","slug":"informes-de-auditoria","status":"publish","type":"page","link":"https:\/\/www.tsc.gob.hn\/index.php\/informes-de-auditoria\/","title":{"rendered":"Informes de Auditor\u00eda"},"content":{"rendered":"\t\t<div data-elementor-type=\"wp-page\" data-elementor-id=\"2784\" class=\"elementor elementor-2784\">\n\t\t\t\t\t\t<section class=\"elementor-section elementor-top-section elementor-element elementor-element-859eea8 elementor-section-boxed elementor-section-height-default elementor-section-height-default\" data-id=\"859eea8\" data-element_type=\"section\" data-e-type=\"section\">\n\t\t\t\t\t\t<div class=\"elementor-container elementor-column-gap-default\">\n\t\t\t\t\t<div class=\"elementor-column elementor-col-100 elementor-top-column elementor-element elementor-element-fbce399\" data-id=\"fbce399\" data-element_type=\"column\" data-e-type=\"column\">\n\t\t\t<div class=\"elementor-widget-wrap elementor-element-populated\">\n\t\t\t\t\t\t<div class=\"elementor-element elementor-element-c4491ae elementor-widget elementor-widget-text-editor\" data-id=\"c4491ae\" data-element_type=\"widget\" data-e-type=\"widget\" data-widget_type=\"text-editor.default\">\n\t\t\t\t<div class=\"elementor-widget-container\">\n\t\t\t\t\t\t\t\t\t<p class=\"text-justify\" style=\"font-weight: 400; text-align: justify;\"><span style=\"color: #000000;\">La Constituci\u00f3n de la Rep\u00fablica define al Tribunal Superior de Cuentas (TSC) como el ente rector del sistema de control que vela por el uso eficaz y eficiente de los bienes y recursos del Estado, en procura de una administraci\u00f3n transparente y libre de corrupci\u00f3n en beneficio de Honduras. Por ello, a trav\u00e9s de las distintas dependencias se notifican informes de las auditor\u00edas practicadas a las instituciones del Estado, los cuales se muestran a continuaci\u00f3n:<\/span><\/p>\t\t\t\t\t\t\t\t<\/div>\n\t\t\t\t<\/div>\n\t\t\t\t\t<\/div>\n\t\t<\/div>\n\t\t\t\t\t<\/div>\n\t\t<\/section>\n\t\t<div class=\"elementor-element elementor-element-085dd57 e-flex e-con-boxed e-con e-parent\" data-id=\"085dd57\" data-element_type=\"container\" data-e-type=\"container\">\n\t\t\t\t\t<div class=\"e-con-inner\">\n\t\t\t\t<div class=\"elementor-element elementor-element-c4ad602 buscador-informes elementor-widget elementor-widget-text-editor\" data-id=\"c4ad602\" data-element_type=\"widget\" data-e-type=\"widget\" data-widget_type=\"text-editor.default\">\n\t\t\t\t<div class=\"elementor-widget-container\">\n\t\t\t\t\t\t\t\t\t<p>\t\t<div class=\"dlp-document-search-container\">\n\t\t\t<form role=\"search\" method=\"get\" class=\"dlp-document-search dlp-shortcode\" action=\"https:\/\/www.tsc.gob.hn\">\n\t\t\t\t<label class=\"screen-reader-text\" for=\"dlp-document-search-field\">Document Search<\/label>\n\t\t\t\t<input type=\"search\" class=\"dlp-document-search-field\" placeholder=\"Buscar informe...  \" value=\"\" name=\"dlp_search\">\n\t\t\t\t<button type=\"submit\" class=\"button\" value=\"Search\"> <\/button>\n\t\t\t<\/form>\n\t\t<\/div>\n\t\t<\/p>\t\t\t\t\t\t\t\t<\/div>\n\t\t\t\t<\/div>\n\t\t\t\t\t<\/div>\n\t\t\t\t<\/div>\n\t\t<div class=\"elementor-element elementor-element-4ee40cd e-flex e-con-boxed e-con e-parent\" data-id=\"4ee40cd\" data-element_type=\"container\" data-e-type=\"container\">\n\t\t\t\t\t<div class=\"e-con-inner\">\n\t\t\t\t<div class=\"elementor-element elementor-element-69acf5e elementor-widget elementor-widget-html\" data-id=\"69acf5e\" data-element_type=\"widget\" data-e-type=\"widget\" data-widget_type=\"html.default\">\n\t\t\t\t<div class=\"elementor-widget-container\">\n\t\t\t\t\t<style>\r\n    .card{\r\n        cursor: pointer;\r\n    }\r\n<\/style>\r\n\r\n<div class=\"container\" >\r\n  <div class=\"row\" style=\"height:auto; \">\r\n    <div class=\"col-sm-12 col-xs-12 col-md-6 col-xl-4 col-lg-4 \" style=\"margin-bottom:3em;\">\r\n      <div class=\"card\" style=\"width: 100%; align-items: center; background-color: #f8f4f1 !important; border:none;     height: 100%; \r\n\" onclick=\"\">\r\n  <img decoding=\"async\" class=\"card-img-top\" src=\"\/wp-content\/uploads\/1-M.svg\" alt=\"Card image cap\" style=\"max-width: 4em;     position: relative;\r\n    top: -1em;\">\r\n  <div class=\"card-body text-justify\">\r\n    \r\n    <h6 class=\"card-title\" style=\"\">Informes de Auditor\u00edas Gobierno Central, Instituciones Descentralizadas y Desconcentradas, Aut\u00f3nomas y Semiaut\u00f3nomas\r\n<\/h6>\r\n   \r\n  <\/div>\r\n   <span style=\"background-color:#2e2c7a; height:0.7em; width:90%;display:block; border-radius:1em; margin-bottom:1em;\" href=\"#\" class=\"w-100; \"><\/span>\r\n<\/div>\r\n    <\/div>\r\n   <div class=\"col-sm-12 col-xs-12 col-md-6 col-xl-4 col-lg-4\"  style=\"margin-bottom:3em;\">\r\n      <div class=\"card\" style=\"width: 100%; align-items: center; background-color: #f8f4f1 !important; border:none;     height: 100%;\r\n\" onclick=\"\">\r\n  <img decoding=\"async\" class=\"card-img-top\" src=\"\/wp-content\/uploads\/2-AMAR.svg\" alt=\"Card image cap\" style=\"max-width: 4em;     position: relative;\r\n    top: -1em;\">\r\n  <div class=\"card-body text-center\">\r\n    \r\n    <h6 class=\"card-title\" style=\"\">Informes de Auditor\u00edas Municipales\r\n<\/h6>\r\n  \r\n  <\/div>\r\n    <span style=\"background-color:#fac21a; height:0.7em; width:90%;display:block; border-radius:1em; margin-bottom:1em;\" href=\"#\" class=\"w-100; \"><\/span>\r\n<\/div>\r\n    <\/div>\r\n    <div class=\"col-sm-12 col-xs-12 col-md-6 col-xl-4 col-lg-4\"  style=\"margin-bottom:3em;\">\r\n      <div class=\"card\" style=\"width: 100%; align-items: center; background-color: #f8f4f1 !important; border:none;     height: 100%;\r\n\" onclick=\"\">\r\n  <img decoding=\"async\" class=\"card-img-top\" src=\"\/wp-content\/uploads\/3-AZ.svg\" alt=\"Card image cap\" style=\"max-width: 4em;     position: relative;\r\n    top: -1em;\">\r\n  <div class=\"card-body text-center\">\r\n    \r\n    <h6 class=\"card-title\" style=\"\">Informes de Auditor\u00edas Especiales\r\n<\/h6>\r\n  \r\n  <\/div>\r\n    <span style=\"background-color:#156ab3; height:0.7em; width:90%;display:block; border-radius:1em; margin-bottom:1em;\" href=\"#\" class=\"w-100; \"><\/span>\r\n<\/div>\r\n    <\/div>\r\n   <div class=\"col-sm-12 col-xs-12 col-md-6 col-xl-4 col-lg-4\"  style=\"margin-bottom:3em;\">\r\n      <div class=\"card\" style=\"width: 100%; align-items: center; background-color: #f8f4f1 !important; border:none;     height: 100%;\r\n\" onclick=\"\">\r\n  <img decoding=\"async\" class=\"card-img-top\" src=\"\/wp-content\/uploads\/4-M.svg\" alt=\"Card image cap\" style=\"max-width: 4em;     position: relative;\r\n    top: -1em;\">\r\n  <div class=\"card-body text-center\">\r\n    \r\n    <h6 class=\"card-title\" style=\"\">Informes de Verificaci\u00f3n\r\n<\/h6>\r\n  \r\n  <\/div>\r\n    <span style=\"background-color:#2e2c7a; height:0.7em; width:90%;display:block; border-radius:1em; margin-bottom:1em;\" href=\"#\" class=\"w-100; \"><\/span>\r\n<\/div>\r\n    <\/div>\r\n    <div class=\"col-sm-12 col-xs-12 col-md-6 col-xl-4 col-lg-4\"  style=\"margin-bottom:3em;\">\r\n      <div class=\"card\" style=\"width: 100%; align-items: center; background-color: #f8f4f1 !important; border:none;     height: 100%;\r\n\" onclick=\"\">\r\n  <img decoding=\"async\" class=\"card-img-top\" src=\"\/wp-content\/uploads\/5-AMAR.svg\" alt=\"Card image cap\" style=\"max-width: 4em;     position: relative;\r\n    top: -1em;\">\r\n  <div class=\"card-body text-center\">\r\n    \r\n    <h6 class=\"card-title\" style=\"\">Informes de Denuncia Ciudadana\r\n<\/h6>\r\n   \r\n  <\/div>\r\n   <span style=\"background-color:#fac21a; height:0.7em; width:90%;display:block; border-radius:1em; margin-bottom:1em;\" href=\"#\" class=\"w-100; \"><\/span>\r\n<\/div>\r\n    <\/div>\r\n   <div class=\"col-sm-12 col-xs-12 col-md-6 col-xl-4 col-lg-4\"  style=\"margin-bottom:3em;\">\r\n      <div class=\"card\" style=\"width: 100%; align-items: center; background-color: #f8f4f1 !important; border:none;     height: 100%;\r\n\" onclick=\"\">\r\n  <img decoding=\"async\" class=\"card-img-top\" src=\"\/wp-content\/uploads\/6-AZ.svg\" alt=\"Card image cap\" style=\"max-width: 4em;     position: relative;\r\n    top: -1em;\">\r\n  <div class=\"card-body text-center\">\r\n    \r\n    <h6 class=\"card-title\" style=\"\">Informes de Denuncia Ciudadana en las Oficinas Regionales del TSC\r\n<\/h6>\r\n  \r\n  <\/div>\r\n    <span style=\"background-color:#156ab3; height:0.7em; width:90%;display:block; border-radius:1em; margin-bottom:1em;\" href=\"#\" class=\"w-100; \"><\/span>\r\n<\/div>\r\n    <\/div>\r\n   <div class=\"col-sm-12 col-xs-12 col-md-6 col-xl-4 col-lg-4\"  style=\"margin-bottom:3em;\">\r\n      <div class=\"card\" style=\"width: 100%; align-items: center; background-color: #f8f4f1 !important; border:none;     height: 100%;\r\n\" onclick=\"\">\r\n  <img decoding=\"async\" class=\"card-img-top\" src=\"\/wp-content\/uploads\/7-M.svg\" alt=\"Card image cap\" style=\"max-width: 4em;     position: relative;\r\n    top: -1em;\">\r\n  <div class=\"card-body text-center\">\r\n    \r\n    <h6 class=\"card-title\" style=\"\"> Informes de Auditor\u00edas de Proyectos y Procesos de Contrataci\u00f3n\r\n<\/h6>\r\n  \r\n  <\/div>\r\n    <span style=\"background-color:#2e2c7a; height:0.7em; width:90%;display:block; border-radius:1em; margin-bottom:1em;\" href=\"#\" class=\"w-100; \"><\/span>\r\n<\/div>\r\n    <\/div>\r\n     <div class=\"col-sm-12 col-xs-12 col-md-6 col-xl-4 col-lg-4\"  style=\"margin-bottom:3em;\">\r\n      <div class=\"card\" style=\"width: 100%; align-items: center; background-color: #f8f4f1 !important; border:none;     height: 100%;\r\n\" onclick=\"\">\r\n  <img decoding=\"async\" class=\"card-img-top\" src=\"\/wp-content\/uploads\/8-AMAR.svg\" alt=\"Card image cap\" style=\"max-width: 4em;     position: relative;\r\n    top: -1em;\">\r\n  <div class=\"card-body text-center\">\r\n    \r\n    <h6 class=\"card-title\" style=\"\"> Informes de Unidades de Auditor\u00edas Interna (UAI)\r\n<\/h6>\r\n   \r\n  <\/div>\r\n   <span style=\"background-color:#fac21a; height:0.7em; width:90%;display:block; border-radius:1em; margin-bottom:1em;\" href=\"#\" class=\"w-100; \"><\/span>\r\n<\/div>\r\n    <\/div>\r\n   <div class=\"col-sm-12 col-xs-12 col-md-6 col-xl-4 col-lg-4\"  style=\"margin-bottom:3em;\">\r\n      <div class=\"card\" style=\"width: 100%; align-items: center; background-color: #f8f4f1 !important; border:none;     height: 100%;\r\n\" onclick=\"\">\r\n  <img decoding=\"async\" class=\"card-img-top\" src=\"\/wp-content\/uploads\/9-AZ.svg\" alt=\"Card image cap\" style=\"max-width: 4em;     position: relative;\r\n    top: -1em;\">\r\n  <div class=\"card-body text-center\">\r\n    \r\n    <h6 class=\"card-title\" style=\"\">Informes de Fiscalizaci\u00f3n \u00c9tica\r\n<\/h6>\r\n  \r\n  <\/div>\r\n    <span style=\"background-color:#156ab3; height:0.7em; width:90%;display:block; border-radius:1em; margin-bottom:1em;\" href=\"#\" class=\"w-100; \"><\/span>\r\n<\/div>\r\n    <\/div>\r\n   \r\n  <\/div>\r\n\r\n<\/div>\r\n\t\t\t\t<\/div>\n\t\t\t\t<\/div>\n\t\t\t\t\t<\/div>\n\t\t\t\t<\/div>\n\t\t<div class=\"elementor-element elementor-element-afcc0f5 e-flex e-con-boxed e-con e-parent\" data-id=\"afcc0f5\" data-element_type=\"container\" data-e-type=\"container\">\n\t\t\t\t\t<div class=\"e-con-inner\">\n\t\t<div class=\"elementor-element elementor-element-6b379ec e-con-full e-flex e-con e-child\" data-id=\"6b379ec\" data-element_type=\"container\" data-e-type=\"container\">\n\t\t\t\t<div class=\"elementor-element elementor-element-da79795 elementor-widget elementor-widget-html\" data-id=\"da79795\" data-element_type=\"widget\" data-e-type=\"widget\" data-widget_type=\"html.default\">\n\t\t\t\t<div class=\"elementor-widget-container\">\n\t\t\t\t\t<script> \r\n\r\n\r\nconst cards = document.querySelectorAll(\".card\");\r\n\r\n\r\n\r\n\/\/Agregando las redirecciones con una funci\u00f3n\r\n\/\/#1\r\ncards[0].onclick = function() {myFunction1()}; function myFunction1() {\r\n    window.open(\"index.php\/informes-de-auditoria\/informes-de-auditorias-de-gobierno-central-instituciones-descentralizadas-y-desconcentradas-autonomas-y-semi-autonomas\/\", \"_self\");\r\n}\r\n\r\n\/\/#2 \r\ncards[1].onclick = function() {myFunction2()}; function myFunction2() {\r\n    window.open(\"index.php\/informes-de-auditoria\/mapa-de-informes-de-auditorias-municipales\/\", \"_self\");\r\n}\r\n\/\/#3 \r\ncards[2].onclick = function() {myFunction9()}; function myFunction9() {\r\n    window.open(\"index.php\/informes-de-auditoria\/informes-de-auditorias-especiales\/\", \"_self\");\r\n}\r\n\r\n\r\n\/\/#4\r\ncards[3].onclick = function() {myFunction3()}; function myFunction3() {\r\n    window.open(\"index.php\/informes-de-auditoria\/informes-de-verificacion\/\", \"_self\");\r\n}\r\n\r\n\/\/#5\r\ncards[4].onclick = function() {myFunction4()}; function myFunction4() {\r\n    window.open(\"index.php\/informes-de-auditoria\/informes-de-denuncia-ciudadana\/\", \"_self\");\r\n}\r\n\r\n\/\/#6\r\ncards[5].onclick = function() {myFunction5()}; function myFunction5() {\r\n    window.open(\"index.php\/informes-de-auditoria\/informes-de-denuncia-ciudadana-en-las-oficinas-regionales-del-tsc\/\", \"_self\");\r\n}\r\n\r\n\r\n\/\/#7\r\ncards[6].onclick = function() {myFunction6()}; function myFunction6() {\r\n    window.open(\"index.php\/informes-de-auditoria\/informes-de-auditorias-de-proyectos-y-procesos-de-contratacion\/\", \"_self\");\r\n}\r\n\r\n\/\/#8\r\ncards[7].onclick = function() {myFunction7()}; function myFunction7() {\r\n    window.open(\"index.php\/informes-de-auditoria\/informes-de-las-unidades-de-auditoria-interna-uai\/\", \"_self\");\r\n}\r\n\/\/#9\r\ncards[8].onclick = function() {myFunction8()}; function myFunction8() {\r\n    window.open(\"index.php\/informes-de-auditoria\/informes-de-fiscalizacion-etica\/\", \"_self\");\r\n}\r\n\r\n<\/script>\t\t\t\t<\/div>\n\t\t\t\t<\/div>\n\t\t\t\t<\/div>\n\t\t<div class=\"elementor-element elementor-element-cb6c041 e-con-full e-flex e-con e-child\" data-id=\"cb6c041\" data-element_type=\"container\" data-e-type=\"container\">\n\t\t\t\t<div class=\"elementor-element elementor-element-cd4d127 elementor-widget elementor-widget-html\" data-id=\"cd4d127\" data-element_type=\"widget\" data-e-type=\"widget\" data-widget_type=\"html.default\">\n\t\t\t\t<div class=\"elementor-widget-container\">\n\t\t\t\t\t<script>\n    \/\/ Utiliza querySelector para seleccionar el elemento por su clase\nvar buscador = document.querySelector(\".buscador-informes .button\");\n\n\/\/ Agrega la clase CSS utilizando el m\u00e9todo classList.add()\n\nbuscador.innerHTML+=`<span class=\"main-menu__search icon-magnifying-glass\"><\/span>`\nbuscador.classList.add(\"fa\");\nconsole.log(buscador);\n<\/script>\t\t\t\t<\/div>\n\t\t\t\t<\/div>\n\t\t\t\t<\/div>\n\t\t\t\t\t<\/div>\n\t\t\t\t<\/div>\n\t\t\t\t<\/div>\n\t\t","protected":false},"excerpt":{"rendered":"<p>La Constituci\u00f3n de la Rep\u00fablica define al Tribunal Superior de Cuentas (TSC) como el ente rector del sistema de control que vela por el uso eficaz y eficiente de los bienes y recursos del Estado, en procura de una administraci\u00f3n transparente y libre de corrupci\u00f3n en beneficio de Honduras. Por ello, a trav\u00e9s de las [&hellip;]<\/p>\n","protected":false},"author":1,"featured_media":0,"parent":0,"menu_order":0,"comment_status":"closed","ping_status":"closed","template":"elementor_header_footer","meta":{"_uag_custom_page_level_css":"","_monsterinsights_skip_tracking":false,"_monsterinsights_sitenote_active":false,"_monsterinsights_sitenote_note":"","_monsterinsights_sitenote_category":0,"_uf_show_specific_survey":0,"_uf_disable_surveys":false,"footnotes":""},"class_list":["post-2784","page","type-page","status-publish","hentry"],"aioseo_notices":[],"uagb_featured_image_src":{"full":false,"thumbnail":false,"medium":false,"medium_large":false,"large":false,"1536x1536":false,"2048x2048":false,"govity_blog_370X304":false,"govity_blog_200X283":false,"govity_blog_770X428":false,"govity_brand_logo_202X102":false,"govity_brand_woo_270X308":false,"govity_brand_70X70":false},"uagb_author_info":{"display_name":"tsc_super_user","author_link":"https:\/\/www.tsc.gob.hn\/index.php\/author\/tsc_super_user\/"},"uagb_comment_info":0,"uagb_excerpt":"La Constituci\u00f3n de la Rep\u00fablica define al Tribunal Superior de Cuentas (TSC) como el ente rector del sistema de control que vela por el uso eficaz y eficiente de los bienes y recursos del Estado, en procura de una administraci\u00f3n transparente y libre de corrupci\u00f3n en beneficio de Honduras. Por ello, a trav\u00e9s de las&hellip;","_links":{"self":[{"href":"https:\/\/www.tsc.gob.hn\/index.php\/wp-json\/wp\/v2\/pages\/2784","targetHints":{"allow":["GET"]}}],"collection":[{"href":"https:\/\/www.tsc.gob.hn\/index.php\/wp-json\/wp\/v2\/pages"}],"about":[{"href":"https:\/\/www.tsc.gob.hn\/index.php\/wp-json\/wp\/v2\/types\/page"}],"author":[{"embeddable":true,"href":"https:\/\/www.tsc.gob.hn\/index.php\/wp-json\/wp\/v2\/users\/1"}],"replies":[{"embeddable":true,"href":"https:\/\/www.tsc.gob.hn\/index.php\/wp-json\/wp\/v2\/comments?post=2784"}],"version-history":[{"count":455,"href":"https:\/\/www.tsc.gob.hn\/index.php\/wp-json\/wp\/v2\/pages\/2784\/revisions"}],"predecessor-version":[{"id":33537,"href":"https:\/\/www.tsc.gob.hn\/index.php\/wp-json\/wp\/v2\/pages\/2784\/revisions\/33537"}],"wp:attachment":[{"href":"https:\/\/www.tsc.gob.hn\/index.php\/wp-json\/wp\/v2\/media?parent=2784"}],"curies":[{"name":"wp","href":"https:\/\/api.w.org\/{rel}","templated":true}]}}