{"id":19459,"date":"2023-09-29T23:02:04","date_gmt":"2023-09-29T23:02:04","guid":{"rendered":"http:\/\/ec2-100-20-206-212.us-west-2.compute.amazonaws.com\/?page_id=19459"},"modified":"2023-11-08T16:36:41","modified_gmt":"2023-11-08T16:36:41","slug":"centro-de-capacitacion-para-el-control-de-los-recursos-publicos-cencacorp","status":"publish","type":"page","link":"https:\/\/www.tsc.gob.hn\/index.php\/centro-de-capacitacion-para-el-control-de-los-recursos-publicos-cencacorp\/","title":{"rendered":"Centro de Capacitaci\u00f3n para el Control de los Recursos P\u00fablicos"},"content":{"rendered":"\t\t<div data-elementor-type=\"wp-page\" data-elementor-id=\"19459\" class=\"elementor elementor-19459\">\n\t\t\t\t<div class=\"elementor-element elementor-element-3801e53 e-con-full e-flex e-con e-parent\" data-id=\"3801e53\" data-element_type=\"container\" data-e-type=\"container\">\n\t\t\t\t<div class=\"elementor-element elementor-element-cf958c7 elementor-widget elementor-widget-image\" data-id=\"cf958c7\" data-element_type=\"widget\" data-e-type=\"widget\" data-widget_type=\"image.default\">\n\t\t\t\t<div class=\"elementor-widget-container\">\n\t\t\t\t\t\t\t\t\t\t\t\t\t\t\t<img fetchpriority=\"high\" decoding=\"async\" width=\"2000\" height=\"433\" src=\"https:\/\/www.tsc.gob.hn\/wp-content\/uploads\/FOTO-BANNER_Mesa-de-trabajo-1-co-1.jpg\" class=\"attachment-full size-full wp-image-33310\" alt=\"\" srcset=\"https:\/\/www.tsc.gob.hn\/wp-content\/uploads\/FOTO-BANNER_Mesa-de-trabajo-1-co-1.jpg 2000w, https:\/\/www.tsc.gob.hn\/wp-content\/uploads\/FOTO-BANNER_Mesa-de-trabajo-1-co-1-300x65.jpg 300w, https:\/\/www.tsc.gob.hn\/wp-content\/uploads\/FOTO-BANNER_Mesa-de-trabajo-1-co-1-1024x222.jpg 1024w, https:\/\/www.tsc.gob.hn\/wp-content\/uploads\/FOTO-BANNER_Mesa-de-trabajo-1-co-1-768x166.jpg 768w, https:\/\/www.tsc.gob.hn\/wp-content\/uploads\/FOTO-BANNER_Mesa-de-trabajo-1-co-1-1536x333.jpg 1536w\" sizes=\"(max-width: 2000px) 100vw, 2000px\" \/>\t\t\t\t\t\t\t\t\t\t\t\t\t\t\t<\/div>\n\t\t\t\t<\/div>\n\t\t\t\t<\/div>\n\t\t<div class=\"elementor-element elementor-element-b0d0bf6 e-con-full e-flex e-con e-parent\" data-id=\"b0d0bf6\" data-element_type=\"container\" data-e-type=\"container\">\n\t\t\t\t<div class=\"elementor-element elementor-element-f7ad436 cencacorp-video elementor-widget elementor-widget-govity-video\" data-id=\"f7ad436\" data-element_type=\"widget\" data-e-type=\"widget\" data-widget_type=\"govity-video.default\">\n\t\t\t\t<div class=\"elementor-widget-container\">\n\t\t\t\t\t    <!--Video One Start-->\r\n    <section class=\"video-one\">\r\n        <div class=\"video-one__bg jarallax\" data-jarallax data-speed=\"0.2\" data-imgPosition=\"50% 0%\" style=\"background-image: url(https:\/\/www.tsc.gob.hn\/wp-content\/uploads\/PLANTILLA-PATRON-TSC-1-1.jpg);\"><\/div>\r\n        <div class=\"container\">\r\n            <div class=\"row\">\r\n                <div class=\"col-xl-12\">\r\n                    <div class=\"video-one__inner\">\r\n                        <div class=\"video-one__video-link\">\r\n                            <a href=\"https:\/\/youtu.be\/McIIMkfALBU\" class=\"video-popup\">\r\n                                <div class=\"video-one__video-icon\">\r\n                                    <span class=\"fa fa-play\"><\/span>\r\n                                    <i class=\"ripple\"><\/i>\r\n                                <\/div>\r\n                            <\/a>\r\n                        <\/div>\r\n                        <h2 class=\"video-one__video-title\">Cencacorp<\/h2>                    <\/div>\r\n                <\/div>\r\n            <\/div>\r\n        <\/div>\r\n    <\/section>\r\n    <!--Video One End-->\r\n\r\n\t\t\t\t<\/div>\n\t\t\t\t<\/div>\n\t\t\t\t<\/div>\n\t\t<div class=\"elementor-element elementor-element-b35bb32 e-flex e-con-boxed e-con e-parent\" data-id=\"b35bb32\" data-element_type=\"container\" data-e-type=\"container\">\n\t\t\t\t\t<div class=\"e-con-inner\">\n\t\t\t\t<div class=\"elementor-element elementor-element-c301b90 elementor-widget elementor-widget-text-editor\" data-id=\"c301b90\" data-element_type=\"widget\" data-e-type=\"widget\" data-widget_type=\"text-editor.default\">\n\t\t\t\t<div class=\"elementor-widget-container\">\n\t\t\t\t\t\t\t\t\t<p style=\"text-align: justify;\">El Tribunal Superior de Cuentas inaugur\u00f3 el primer centro de certificaci\u00f3n de auditores en Honduras, edificado con fondos nacionales y equipado en gran parte con apoyo de la Agencia de los Estados Unidos para el Desarrollo Internacional (USAID).<\/p><p style=\"text-align: justify;\">\u00a0<\/p><p style=\"text-align: justify;\">El nuevo y moderno Centro de Capacitaci\u00f3n para el Control de los Recursos P\u00fablicos (Cencacorp) suma a las capacidades del ente contralor, una infraestructura f\u00edsica para formar servidores p\u00fablicos con habilidades t\u00e9cnicas y transmitir conocimientos en auditor\u00eda gubernamental.<\/p><p style=\"text-align: justify;\">\u00a0<\/p><p style=\"text-align: justify;\">En Honduras no exist\u00eda un centro de certificaci\u00f3n de auditores, por tal raz\u00f3n el TSC visualiz\u00f3 la necesidad de contar con un espacio adecuado para la formaci\u00f3n y certificaci\u00f3n de los auditores del Ente Fiscalizador y de las Unidades de Auditor\u00eda Interna de las instituciones del Sector P\u00fablico, como una contribuci\u00f3n para el correcto desempe\u00f1o de la funci\u00f3n estatal.<\/p><p style=\"text-align: justify;\">\u00a0<\/p><p style=\"text-align: justify;\">Con el Cencacorp se elevar\u00e1 el perfil institucional del TSC, que se traducir\u00e1 en ofrecer un mejor producto de fiscalizaci\u00f3n de los fondos y recursos p\u00fablicos. El proyecto constituye un importante legado de la actual administraci\u00f3n para la formaci\u00f3n y certificaci\u00f3n de los auditores del pa\u00eds.<\/p>\t\t\t\t\t\t\t\t<\/div>\n\t\t\t\t<\/div>\n\t\t\t\t\t<\/div>\n\t\t\t\t<\/div>\n\t\t<div class=\"elementor-element elementor-element-2c073df elementor-hidden-desktop elementor-hidden-tablet elementor-hidden-mobile e-flex e-con-boxed e-con e-parent\" data-id=\"2c073df\" data-element_type=\"container\" data-e-type=\"container\">\n\t\t\t\t\t<div class=\"e-con-inner\">\n\t\t\t\t<div class=\"elementor-element elementor-element-dada0be elementor-widget elementor-widget-html\" data-id=\"dada0be\" data-element_type=\"widget\" data-e-type=\"widget\" data-widget_type=\"html.default\">\n\t\t\t\t<div class=\"elementor-widget-container\">\n\t\t\t\t\t<iframe src=\"https:\/\/docs.google.com\/presentation\/d\/e\/2PACX-1vSM2Tr0DJhJKKzwncvPmAprpD8oWouC-k0wtta9aGcc1EmI8mL21Gu4APxHETrX4A\/embed?start=false&loop=false&delayms=3000\" frameborder=\"0\" width=\"1280\" height=\"749\" allowfullscreen=\"true\" mozallowfullscreen=\"true\" webkitallowfullscreen=\"true\">\n    \n<\/iframe>\t\t\t\t<\/div>\n\t\t\t\t<\/div>\n\t\t\t\t\t<\/div>\n\t\t\t\t<\/div>\n\t\t<div class=\"elementor-element elementor-element-f6e2015 e-flex e-con-boxed e-con e-parent\" data-id=\"f6e2015\" data-element_type=\"container\" data-e-type=\"container\">\n\t\t\t\t\t<div class=\"e-con-inner\">\n\t\t\t\t<div class=\"elementor-element elementor-element-f92df16 elementor-widget elementor-widget-govity-button\" data-id=\"f92df16\" data-element_type=\"widget\" data-e-type=\"widget\" data-widget_type=\"govity-button.default\">\n\t\t\t\t<div class=\"elementor-widget-container\">\n\t\t\t\t\t    <div class=\"event-details__btn-box\">\r\n        <a class=\"event-details__btn thm-btn\" href=\"\/wp-content\/uploads\/cencacorp.pptx\" target=_blank>Conozca m\u00e1s del Cencacorp<\/a>    <\/div>\r\n\t\t\t\t<\/div>\n\t\t\t\t<\/div>\n\t\t\t\t\t<\/div>\n\t\t\t\t<\/div>\n\t\t<div class=\"elementor-element elementor-element-824ccc7 e-flex e-con-boxed e-con e-parent\" data-id=\"824ccc7\" data-element_type=\"container\" data-e-type=\"container\">\n\t\t\t\t\t<div class=\"e-con-inner\">\n\t\t\t\t<div class=\"elementor-element elementor-element-0c26298 elementor-widget elementor-widget-html\" data-id=\"0c26298\" data-element_type=\"widget\" data-e-type=\"widget\" data-widget_type=\"html.default\">\n\t\t\t\t<div class=\"elementor-widget-container\">\n\t\t\t\t\t<script> \r\n\r\n\/\/script para enviar al vide de yOUTUBE con el call to action\r\n\/\/Obteniendo el bot\u00f3n de call to action \r\n    \r\nconst cencacorp_video = document.querySelectorAll(\".cencacorp-video .ripple\");\r\n\/\/Agregando las redirecciones con una funci\u00f3n\r\n\r\ncencacorp_video[0].onclick = function() {\r\n    \r\n    cencacorp_video_function()\r\n    \r\n}; function cencacorp_video_function() {\r\n    \r\n     window.open(\"https:\/\/youtu.be\/McIIMkfALBU\", \"_blank\");\r\n   \r\n}\r\n\r\n\r\n\r\n<\/script>\t\t\t\t<\/div>\n\t\t\t\t<\/div>\n\t\t\t\t\t<\/div>\n\t\t\t\t<\/div>\n\t\t\t\t<\/div>\n\t\t","protected":false},"excerpt":{"rendered":"<p>Cencacorp El Tribunal Superior de Cuentas inaugur\u00f3 el primer centro de certificaci\u00f3n de auditores en Honduras, edificado con fondos nacionales y equipado en gran parte con apoyo de la Agencia de los Estados Unidos para el Desarrollo Internacional (USAID). \u00a0 El nuevo y moderno Centro de Capacitaci\u00f3n para el Control de los Recursos P\u00fablicos (Cencacorp) [&hellip;]<\/p>\n","protected":false},"author":1,"featured_media":0,"parent":0,"menu_order":0,"comment_status":"closed","ping_status":"closed","template":"elementor_header_footer","meta":{"_uag_custom_page_level_css":"","_monsterinsights_skip_tracking":false,"_monsterinsights_sitenote_active":false,"_monsterinsights_sitenote_note":"","_monsterinsights_sitenote_category":0,"_uf_show_specific_survey":0,"_uf_disable_surveys":false,"footnotes":""},"class_list":["post-19459","page","type-page","status-publish","hentry"],"aioseo_notices":[],"uagb_featured_image_src":{"full":false,"thumbnail":false,"medium":false,"medium_large":false,"large":false,"1536x1536":false,"2048x2048":false,"govity_blog_370X304":false,"govity_blog_200X283":false,"govity_blog_770X428":false,"govity_brand_logo_202X102":false,"govity_brand_woo_270X308":false,"govity_brand_70X70":false},"uagb_author_info":{"display_name":"tsc_super_user","author_link":"https:\/\/www.tsc.gob.hn\/index.php\/author\/tsc_super_user\/"},"uagb_comment_info":0,"uagb_excerpt":"Cencacorp El Tribunal Superior de Cuentas inaugur\u00f3 el primer centro de certificaci\u00f3n de auditores en Honduras, edificado con fondos nacionales y equipado en gran parte con apoyo de la Agencia de los Estados Unidos para el Desarrollo Internacional (USAID). \u00a0 El nuevo y moderno Centro de Capacitaci\u00f3n para el Control de los Recursos P\u00fablicos (Cencacorp)&hellip;","_links":{"self":[{"href":"https:\/\/www.tsc.gob.hn\/index.php\/wp-json\/wp\/v2\/pages\/19459","targetHints":{"allow":["GET"]}}],"collection":[{"href":"https:\/\/www.tsc.gob.hn\/index.php\/wp-json\/wp\/v2\/pages"}],"about":[{"href":"https:\/\/www.tsc.gob.hn\/index.php\/wp-json\/wp\/v2\/types\/page"}],"author":[{"embeddable":true,"href":"https:\/\/www.tsc.gob.hn\/index.php\/wp-json\/wp\/v2\/users\/1"}],"replies":[{"embeddable":true,"href":"https:\/\/www.tsc.gob.hn\/index.php\/wp-json\/wp\/v2\/comments?post=19459"}],"version-history":[{"count":81,"href":"https:\/\/www.tsc.gob.hn\/index.php\/wp-json\/wp\/v2\/pages\/19459\/revisions"}],"predecessor-version":[{"id":33508,"href":"https:\/\/www.tsc.gob.hn\/index.php\/wp-json\/wp\/v2\/pages\/19459\/revisions\/33508"}],"wp:attachment":[{"href":"https:\/\/www.tsc.gob.hn\/index.php\/wp-json\/wp\/v2\/media?parent=19459"}],"curies":[{"name":"wp","href":"https:\/\/api.w.org\/{rel}","templated":true}]}}